{"id":9965,"date":"2019-02-16T23:24:29","date_gmt":"2019-02-16T22:24:29","guid":{"rendered":"https:\/\/grenzinfo.eu\/emra\/?page_id=9965"},"modified":"2025-12-05T12:11:28","modified_gmt":"2025-12-05T11:11:28","slug":"anfrage","status":"publish","type":"page","link":"https:\/\/grenzinfo.eu\/emra\/anfrage\/","title":{"rendered":"Anfrage"},"content":{"rendered":"\t\t<div data-elementor-type=\"wp-post\" data-elementor-id=\"9965\" class=\"elementor elementor-9965\" data-elementor-post-type=\"page\">\n\t\t\t\t\t\t<section class=\"elementor-section elementor-top-section elementor-element elementor-element-c61dc33 elementor-section-boxed elementor-section-height-default elementor-section-height-default\" data-id=\"c61dc33\" data-element_type=\"section\" data-e-type=\"section\">\n\t\t\t\t\t\t<div class=\"elementor-container elementor-column-gap-default\">\n\t\t\t\t\t<div class=\"elementor-column elementor-col-50 elementor-top-column elementor-element elementor-element-5d9e0e9\" data-id=\"5d9e0e9\" data-element_type=\"column\" data-e-type=\"column\">\n\t\t\t<div class=\"elementor-widget-wrap elementor-element-populated\">\n\t\t\t\t\t\t<div class=\"elementor-element elementor-element-f629cb1 elementor-widget elementor-widget-heading\" data-id=\"f629cb1\" data-element_type=\"widget\" data-e-type=\"widget\" data-widget_type=\"heading.default\">\n\t\t\t\t<div class=\"elementor-widget-container\">\n\t\t\t\t\t<h2 class=\"elementor-heading-title elementor-size-default\">Anfrage<\/h2>\t\t\t\t<\/div>\n\t\t\t\t<\/div>\n\t\t\t\t<div class=\"elementor-element elementor-element-1119d6b elementor-widget elementor-widget-text-editor\" data-id=\"1119d6b\" data-element_type=\"widget\" data-e-type=\"widget\" data-widget_type=\"text-editor.default\">\n\t\t\t\t<div class=\"elementor-widget-container\">\n\t\t\t\t\t\t\t\t\t<p>\u00dcber unser Anfrageformular k\u00f6nnen Sie rund um die Uhr Ihre Fragen stellen.<\/p><p>Bitte geben Sie alle Informationen korrekt an, damit wir Kontakt mit Ihnen aufnehmen k\u00f6nnen. Wir behandeln Ihre Angaben selbstverst\u00e4ndlich vertraulich und geben Ihre Daten <span style=\"text-decoration: underline\"><strong>nie<\/strong><\/span> ohne Ihre ausdr\u00fcckliche Zustimmung an Dritte weiter.<\/p><p><strong>Bitte geben Sie auch Ihre Telefonnummer an. Dar\u00fcber k\u00f6nnen wir Sie schnell und einfach kontaktieren, denn h\u00e4ufig besteht noch weiterer Kl\u00e4rungsbedarf im Hinblick auf Ihre Anfrage. <\/strong><\/p><p>Je genauer Ihre Angaben sind, desto schneller und besser kann unser Beratungsteam Ihre Fragen beantworten.<\/p><p>Derzeit erreichen uns sehr viele Anfragen. Bitte haben Sie Verst\u00e4ndnis daf\u00fcr, dass die Beantwortung Ihrer Fragen deshalb auch einmal ein paar Tage dauern kann.<\/p>\t\t\t\t\t\t\t\t<\/div>\n\t\t\t\t<\/div>\n\t\t\t\t<div class=\"elementor-element elementor-element-99a7a08 elementor-widget elementor-widget-n-accordion\" data-id=\"99a7a08\" data-element_type=\"widget\" data-e-type=\"widget\" data-settings=\"{&quot;default_state&quot;:&quot;all_collapsed&quot;,&quot;max_items_expended&quot;:&quot;one&quot;,&quot;n_accordion_animation_duration&quot;:{&quot;unit&quot;:&quot;ms&quot;,&quot;size&quot;:400,&quot;sizes&quot;:[]}}\" data-widget_type=\"nested-accordion.default\">\n\t\t\t\t<div class=\"elementor-widget-container\">\n\t\t\t\t\t\t\t<div class=\"e-n-accordion\" aria-label=\"Accordion. Open links with Enter or Space, close with Escape, and navigate with Arrow Keys\">\n\t\t\t\t\t\t<details id=\"e-n-accordion-item-1610\" class=\"e-n-accordion-item\" >\n\t\t\t\t<summary class=\"e-n-accordion-item-title\" data-accordion-index=\"1\" tabindex=\"0\" aria-expanded=\"false\" aria-controls=\"e-n-accordion-item-1610\" >\n\t\t\t\t\t<span class='e-n-accordion-item-title-header'><div class=\"e-n-accordion-item-title-text\"> Wie funktioniert die Online-Anfrage? <\/div><\/span>\n\t\t\t\t\t\t\t<span class='e-n-accordion-item-title-icon'>\n\t\t\t<span class='e-opened' ><i aria-hidden=\"true\" class=\"fas fa-angle-double-down\"><\/i><\/span>\n\t\t\t<span class='e-closed'><i aria-hidden=\"true\" class=\"fas fa-angle-double-right\"><\/i><\/span>\n\t\t<\/span>\n\n\t\t\t\t\t\t<\/summary>\n\t\t\t\t<div role=\"region\" aria-labelledby=\"e-n-accordion-item-1610\" class=\"elementor-element elementor-element-1a7ae23 e-con-full e-flex e-con e-child\" data-id=\"1a7ae23\" data-element_type=\"container\" data-e-type=\"container\">\n\t\t\t\t<div class=\"elementor-element elementor-element-f510db3 elementor-widget elementor-widget-text-editor\" data-id=\"f510db3\" data-element_type=\"widget\" data-e-type=\"widget\" data-widget_type=\"text-editor.default\">\n\t\t\t\t<div class=\"elementor-widget-container\">\n\t\t\t\t\t\t\t\t\t<h4>Was brauchen wir?<\/h4><p>Damit wir Ihnen m\u00f6glichst schnell und genau weiterhelfen k\u00f6nnen, brauchen wir ein paar Informationen.<\/p><p>Schildern Sie uns in der <strong><span style=\"font-weight: normal;\">Online-Anfrage<\/span> <\/strong>kurz Ihre Situation:<\/p><ul><li>Worum geht es?<\/li><li>In welchem Land wohnen Sie?<\/li><li>Wo arbeiten Sie? Oder wo haben Sie gearbeitet?<\/li><\/ul><p>Ihre Angaben helfen uns dabei, Ihre Situation einzusch\u00e4tzen. Dann k\u00f6nnen wir uns mit den passenden Informationen bei Ihnen zur\u00fcckmelden.<\/p><h4>Wie geht es weiter?<\/h4><p>Nachdem Sie auf <strong>Versenden<\/strong> geklickt haben, erhalten Sie umgehend eine Empfangsbest\u00e4tigung per E-Mail. Bitte \u00fcberpr\u00fcfen Sie Ihren Posteingang.<\/p><p><strong>Achtung:<\/strong> Diese enth\u00e4lt Ihre Login-Daten. Bewahren Sie diese gut auf.<\/p><p style=\"text-align: center;\"><b><br \/>Sollten Sie keine E-Mail von uns erhalten haben, <br \/>\u00fcberpr\u00fcfen Sie bitte Ihren Spam-Ordner!<\/b><\/p><h4>Zugriff zum Fallmanagement-System<\/h4><p>Klicken Sie auf den Link in Ihrer Best\u00e4tigungs-E-Mail. Dieser f\u00fchrt Sie in unser Fallmanagement-System. Hier werden alle wichtigen Informationen zwischen Ihnen und uns ausgetauscht.<\/p><p>Nach Eingabe der Login-Daten erhalten Sie Zugang und k\u00f6nnen auf diesem Wege schnell und unkompliziert mit uns kommunizieren. Sollten hierbei Schwierigkeiten auftreten, nehmen Sie bitte telefonisch Kontakt mit uns auf.<\/p><p>Derzeit erreichen uns sehr viele Anfragen. Bitte haben Sie Verst\u00e4ndnis daf\u00fcr, dass die Beantwortung Ihrer Fragen deshalb auch einmal ein paar Tage dauern kann.<\/p>\t\t\t\t\t\t\t\t<\/div>\n\t\t\t\t<\/div>\n\t\t\t\t<\/div>\n\t\t\t\t\t<\/details>\n\t\t\t\t\t<\/div>\n\t\t\t\t\t\t<\/div>\n\t\t\t\t<\/div>\n\t\t\t\t<div class=\"elementor-element elementor-element-9f0068f elementor-widget-divider--view-line elementor-widget elementor-widget-divider\" data-id=\"9f0068f\" data-element_type=\"widget\" data-e-type=\"widget\" data-widget_type=\"divider.default\">\n\t\t\t\t<div class=\"elementor-widget-container\">\n\t\t\t\t\t\t\t<div class=\"elementor-divider\">\n\t\t\t<span class=\"elementor-divider-separator\">\n\t\t\t\t\t\t<\/span>\n\t\t<\/div>\n\t\t\t\t\t\t<\/div>\n\t\t\t\t<\/div>\n\t\t\t\t<div class=\"elementor-element elementor-element-9206a8f elementor-widget elementor-widget-text-editor\" data-id=\"9206a8f\" data-element_type=\"widget\" data-e-type=\"widget\" data-widget_type=\"text-editor.default\">\n\t\t\t\t<div class=\"elementor-widget-container\">\n\t\t\t\t\t\t\t\t\t<p style=\"text-align: center;\"><strong><a href=\"https:\/\/grenzinfo.eu\/datenschutz\/\" target=\"_blank\" rel=\"noopener\">Hier k\u00f6nnen Sie unsere Datenschutzerkl\u00e4rung lesen.<\/a><\/strong><\/p>\t\t\t\t\t\t\t\t<\/div>\n\t\t\t\t<\/div>\n\t\t\t\t<div class=\"elementor-element elementor-element-2dbe768 elementor-widget elementor-widget-shortcode\" data-id=\"2dbe768\" data-element_type=\"widget\" data-e-type=\"widget\" data-widget_type=\"shortcode.default\">\n\t\t\t\t<div class=\"elementor-widget-container\">\n\t\t\t\t\t\t\t<div class=\"elementor-shortcode\"><iframe class=\"cl-iframe\" src=\"https:\/\/crm.grenzinfo.eu\/emra\/public\/_new?lang=de\" height=\"1500\" width=\"100%\" scrolling=\"yes\" class=\"cl-iframe\" frameborder=\"0\" adjust_to_content=\"1\"><\/iframe>\n<\/div>\n\t\t\t\t\t\t<\/div>\n\t\t\t\t<\/div>\n\t\t\t\t<div class=\"elementor-element elementor-element-d643c80 elementor-alert-info elementor-widget elementor-widget-alert\" data-id=\"d643c80\" data-element_type=\"widget\" data-e-type=\"widget\" data-widget_type=\"alert.default\">\n\t\t\t\t<div class=\"elementor-widget-container\">\n\t\t\t\t\t\t\t<div class=\"elementor-alert\" role=\"alert\">\n\n\t\t\t\t\t\t<span class=\"elementor-alert-title\">Bitte beachten Sie<\/span>\n\t\t\t\n\t\t\t\t\t\t<span class=\"elementor-alert-description\">Alle Informationen werden f\u00fcr Sie durch die Mitarbeiter*innen des GrenzInfoPunkt mit gr\u00f6\u00dfter Sorgfalt nach bestem Wissen und Gewissen zusammengestellt. Trotz sorgf\u00e4ltiger Pr\u00fcfung \u00fcbernehmen wir f\u00fcr die Richtigkeit und tagesaktuelle Rechtsg\u00fcltigkeit dieser Angaben keine Gew\u00e4hr. F\u00fcr eine rechtsverbindliche Auskunft wenden Sie sich unbedingt an die betreffende Beh\u00f6rde oder Einrichtung.<\/span>\n\t\t\t\n\t\t\t\n\t\t<\/div>\n\t\t\t\t\t\t<\/div>\n\t\t\t\t<\/div>\n\t\t\t\t\t<\/div>\n\t\t<\/div>\n\t\t\t\t<div class=\"elementor-column elementor-col-50 elementor-top-column elementor-element elementor-element-61a2d56\" data-id=\"61a2d56\" data-element_type=\"column\" data-e-type=\"column\" data-settings=\"{&quot;background_background&quot;:&quot;classic&quot;}\">\n\t\t\t<div class=\"elementor-widget-wrap elementor-element-populated\">\n\t\t\t\t\t\t<div class=\"elementor-element elementor-element-dbc668a elementor-share-buttons--view-icon elementor-grid-tablet-3 elementor-grid-mobile-0 elementor-share-buttons--skin-gradient elementor-share-buttons--shape-square elementor-grid-0 elementor-share-buttons--color-official elementor-widget elementor-widget-share-buttons\" data-id=\"dbc668a\" data-element_type=\"widget\" data-e-type=\"widget\" data-widget_type=\"share-buttons.default\">\n\t\t\t\t<div class=\"elementor-widget-container\">\n\t\t\t\t\t\t\t<div class=\"elementor-grid\" role=\"list\">\n\t\t\t\t\t\t\t\t<div class=\"elementor-grid-item\" role=\"listitem\">\n\t\t\t\t\t\t<div class=\"elementor-share-btn elementor-share-btn_facebook\" role=\"button\" tabindex=\"0\" aria-label=\"Share on facebook\">\n\t\t\t\t\t\t\t\t\t\t\t\t\t\t\t<span class=\"elementor-share-btn__icon\">\n\t\t\t\t\t\t\t\t<i class=\"fab fa-facebook\" aria-hidden=\"true\"><\/i>\t\t\t\t\t\t\t<\/span>\n\t\t\t\t\t\t\t\t\t\t\t\t\t\t\t\t\t\t\t\t<\/div>\n\t\t\t\t\t<\/div>\n\t\t\t\t\t\t\t\t\t<div class=\"elementor-grid-item\" role=\"listitem\">\n\t\t\t\t\t\t<div class=\"elementor-share-btn elementor-share-btn_xing\" role=\"button\" tabindex=\"0\" aria-label=\"Share on xing\">\n\t\t\t\t\t\t\t\t\t\t\t\t\t\t\t<span class=\"elementor-share-btn__icon\">\n\t\t\t\t\t\t\t\t<i class=\"fab fa-xing\" aria-hidden=\"true\"><\/i>\t\t\t\t\t\t\t<\/span>\n\t\t\t\t\t\t\t\t\t\t\t\t\t\t\t\t\t\t\t\t<\/div>\n\t\t\t\t\t<\/div>\n\t\t\t\t\t\t\t\t\t<div class=\"elementor-grid-item\" role=\"listitem\">\n\t\t\t\t\t\t<div class=\"elementor-share-btn elementor-share-btn_linkedin\" role=\"button\" tabindex=\"0\" aria-label=\"Share on linkedin\">\n\t\t\t\t\t\t\t\t\t\t\t\t\t\t\t<span class=\"elementor-share-btn__icon\">\n\t\t\t\t\t\t\t\t<i class=\"fab fa-linkedin\" aria-hidden=\"true\"><\/i>\t\t\t\t\t\t\t<\/span>\n\t\t\t\t\t\t\t\t\t\t\t\t\t\t\t\t\t\t\t\t<\/div>\n\t\t\t\t\t<\/div>\n\t\t\t\t\t\t<\/div>\n\t\t\t\t\t\t<\/div>\n\t\t\t\t<\/div>\n\t\t\t\t<div class=\"elementor-element elementor-element-3d2fd18 elementor-widget elementor-widget-heading\" data-id=\"3d2fd18\" data-element_type=\"widget\" data-e-type=\"widget\" data-widget_type=\"heading.default\">\n\t\t\t\t<div class=\"elementor-widget-container\">\n\t\t\t\t\t<h3 class=\"elementor-heading-title elementor-size-default\">Termine<\/h3>\t\t\t\t<\/div>\n\t\t\t\t<\/div>\n\t\t\t\t<div class=\"elementor-element elementor-element-2552c1c elementor-grid-1 elementor-posts--thumbnail-none elementor-grid-tablet-2 elementor-grid-mobile-1 elementor-widget elementor-widget-posts\" data-id=\"2552c1c\" data-element_type=\"widget\" data-e-type=\"widget\" data-settings=\"{&quot;classic_columns&quot;:&quot;1&quot;,&quot;classic_row_gap&quot;:{&quot;unit&quot;:&quot;px&quot;,&quot;size&quot;:17,&quot;sizes&quot;:[]},&quot;classic_columns_tablet&quot;:&quot;2&quot;,&quot;classic_columns_mobile&quot;:&quot;1&quot;,&quot;classic_row_gap_tablet&quot;:{&quot;unit&quot;:&quot;px&quot;,&quot;size&quot;:&quot;&quot;,&quot;sizes&quot;:[]},&quot;classic_row_gap_mobile&quot;:{&quot;unit&quot;:&quot;px&quot;,&quot;size&quot;:&quot;&quot;,&quot;sizes&quot;:[]}}\" data-widget_type=\"posts.classic\">\n\t\t\t\t<div class=\"elementor-widget-container\">\n\t\t\t\t\t\t\t<div class=\"elementor-posts-container elementor-posts elementor-posts--skin-classic elementor-grid\" role=\"list\">\n\t\t\t\t<article class=\"elementor-post elementor-grid-item post-30220 cross_event type-cross_event status-publish hentry event-category-aken-eurode\" role=\"listitem\">\n\t\t\t\t<div class=\"elementor-post__text\">\n\t\t\t\t<h3 class=\"elementor-post__title\">\n\t\t\t<a href=\"https:\/\/grenzinfo.eu\/emra\/nl\/events\/duits-nederlands-spreekdag-voor-grensarbeiders-2026-04-29-1000\/\" target=&quot;_blank&quot;>\n\t\t\t\tDuits-Nederlands spreekdag voor grensarbeiders\t\t\t<\/a>\n\t\t<\/h3>\n\t\t\t\t<div class=\"elementor-post__meta-data\">\n\t\t\t\t\t<span class=\"elementor-post-date\">\n\t\t\t29.04.2026\t\t<\/span>\n\t\t\t\t<\/div>\n\t\t\t\t<\/div>\n\t\t\t\t<\/article>\n\t\t\t\t<article class=\"elementor-post elementor-grid-item post-30242 cross_event type-cross_event status-publish hentry event-category-aachen-eurode\" role=\"listitem\">\n\t\t\t\t<div class=\"elementor-post__text\">\n\t\t\t\t<h3 class=\"elementor-post__title\">\n\t\t\t<a href=\"https:\/\/grenzinfo.eu\/emra\/en\/events\/german-dutch-consultation-day-for-cross-border-commuters-2026-04-29-1000\/\" target=&quot;_blank&quot;>\n\t\t\t\tGerman-Dutch consultation day for cross-border commuters\t\t\t<\/a>\n\t\t<\/h3>\n\t\t\t\t<div class=\"elementor-post__meta-data\">\n\t\t\t\t\t<span class=\"elementor-post-date\">\n\t\t\t29.04.2026\t\t<\/span>\n\t\t\t\t<\/div>\n\t\t\t\t<\/div>\n\t\t\t\t<\/article>\n\t\t\t\t<article class=\"elementor-post elementor-grid-item post-30205 cross_event type-cross_event status-publish hentry event-category-aachen-eurode\" role=\"listitem\">\n\t\t\t\t<div class=\"elementor-post__text\">\n\t\t\t\t<h3 class=\"elementor-post__title\">\n\t\t\t<a href=\"https:\/\/grenzinfo.eu\/emra\/events\/deutsch-niederl%c3%a4ndischer-sprechtag-f%c3%bcr-grenzg%c3%a4ngerinnen-2026-04-29-1000\/\" target=&quot;_blank&quot;>\n\t\t\t\tDeutsch-Niederl\u00e4ndischer Sprechtag f\u00fcr Grenzg\u00e4nger*innen\t\t\t<\/a>\n\t\t<\/h3>\n\t\t\t\t<div class=\"elementor-post__meta-data\">\n\t\t\t\t\t<span class=\"elementor-post-date\">\n\t\t\t29.04.2026\t\t<\/span>\n\t\t\t\t<\/div>\n\t\t\t\t<\/div>\n\t\t\t\t<\/article>\n\t\t\t\t<article class=\"elementor-post elementor-grid-item post-35049 cross_event type-cross_event status-publish hentry event-category-grenzinfopunkt\" role=\"listitem\">\n\t\t\t\t<div class=\"elementor-post__text\">\n\t\t\t\t<h3 class=\"elementor-post__title\">\n\t\t\t<a href=\"https:\/\/grenzinfo.eu\/emra\/events\/web-seminar-erbschaft-fuer-deutsche-in-den-niederlanden-2026-05-18-1815\/\" target=&quot;_blank&quot;>\n\t\t\t\tWeb-Seminar Erbschaft f\u00fcr Deutsche in den Niederlanden\t\t\t<\/a>\n\t\t<\/h3>\n\t\t\t\t<div class=\"elementor-post__meta-data\">\n\t\t\t\t\t<span class=\"elementor-post-date\">\n\t\t\t18.05.2026\t\t<\/span>\n\t\t\t\t<\/div>\n\t\t\t\t<\/div>\n\t\t\t\t<\/article>\n\t\t\t\t<article class=\"elementor-post elementor-grid-item post-35056 cross_event type-cross_event status-publish hentry event-category-grenzinfopunkt\" role=\"listitem\">\n\t\t\t\t<div class=\"elementor-post__text\">\n\t\t\t\t<h3 class=\"elementor-post__title\">\n\t\t\t<a href=\"https:\/\/grenzinfo.eu\/emra\/nl\/events\/webinar-erfrecht-duitsers-in-nederland-duitstalig-2026-05-18-1815\/\" target=&quot;_blank&quot;>\n\t\t\t\tWebinar Erfrecht Duitsers in Nederland (Duitstalig)\t\t\t<\/a>\n\t\t<\/h3>\n\t\t\t\t<div class=\"elementor-post__meta-data\">\n\t\t\t\t\t<span class=\"elementor-post-date\">\n\t\t\t18.05.2026\t\t<\/span>\n\t\t\t\t<\/div>\n\t\t\t\t<\/div>\n\t\t\t\t<\/article>\n\t\t\t\t<\/div>\n\t\t\n\t\t\t\t\t\t<\/div>\n\t\t\t\t<\/div>\n\t\t\t\t<section class=\"elementor-section elementor-inner-section elementor-element elementor-element-0d7f913 elementor-section-boxed elementor-section-height-default elementor-section-height-default\" data-id=\"0d7f913\" data-element_type=\"section\" data-e-type=\"section\">\n\t\t\t\t\t\t<div class=\"elementor-container elementor-column-gap-default\">\n\t\t\t\t\t<div class=\"elementor-column elementor-col-100 elementor-inner-column elementor-element elementor-element-b0daf11\" data-id=\"b0daf11\" data-element_type=\"column\" data-e-type=\"column\" data-settings=\"{&quot;background_background&quot;:&quot;classic&quot;}\">\n\t\t\t<div class=\"elementor-widget-wrap elementor-element-populated\">\n\t\t\t\t\t\t<div class=\"elementor-element elementor-element-4d232fa elementor-view-default elementor-widget elementor-widget-icon\" data-id=\"4d232fa\" data-element_type=\"widget\" data-e-type=\"widget\" data-widget_type=\"icon.default\">\n\t\t\t\t<div class=\"elementor-widget-container\">\n\t\t\t\t\t\t\t<div class=\"elementor-icon-wrapper\">\n\t\t\t<div class=\"elementor-icon\">\n\t\t\t\t\t\t\t<i class=\"fa fa-info-circle\" aria-hidden=\"true\"><\/i>\n\t\t\t\t\t\t<\/div>\n\t\t<\/div>\n\t\t\t\t\t\t<\/div>\n\t\t\t\t<\/div>\n\t\t\t\t<div class=\"elementor-element elementor-element-32ed1f9 elementor-widget elementor-widget-text-editor\" data-id=\"32ed1f9\" data-element_type=\"widget\" data-e-type=\"widget\" data-widget_type=\"text-editor.default\">\n\t\t\t\t<div class=\"elementor-widget-container\">\n\t\t\t\t\t\t\t\t\t<p>Hier finden Sie <br \/>Grenzinfopunke in Ihrer N\u00e4he<\/p>\t\t\t\t\t\t\t\t<\/div>\n\t\t\t\t<\/div>\n\t\t\t\t<div class=\"elementor-element elementor-element-baccc72 elementor-button-success elementor-align-center elementor-widget elementor-widget-button\" data-id=\"baccc72\" data-element_type=\"widget\" data-e-type=\"widget\" data-widget_type=\"button.default\">\n\t\t\t\t<div class=\"elementor-widget-container\">\n\t\t\t\t\t\t\t\t\t<div class=\"elementor-button-wrapper\">\n\t\t\t\t\t<a class=\"elementor-button elementor-button-link elementor-size-sm\" href=\"\/emra\/#finder\">\n\t\t\t\t\t\t<span class=\"elementor-button-content-wrapper\">\n\t\t\t\t\t\t\t\t\t<span class=\"elementor-button-text\">&raquo; Zur Umkreissuche<\/span>\n\t\t\t\t\t<\/span>\n\t\t\t\t\t<\/a>\n\t\t\t\t<\/div>\n\t\t\t\t\t\t\t\t<\/div>\n\t\t\t\t<\/div>\n\t\t\t\t\t<\/div>\n\t\t<\/div>\n\t\t\t\t\t<\/div>\n\t\t<\/section>\n\t\t\t\t\t<\/div>\n\t\t<\/div>\n\t\t\t\t\t<\/div>\n\t\t<\/section>\n\t\t\t\t<\/div>\n\t\t","protected":false},"excerpt":{"rendered":"<p>Anfrage \u00dcber unser Anfrageformular k\u00f6nnen Sie rund um die Uhr Ihre Fragen stellen. Bitte geben Sie alle Informationen korrekt an, damit wir Kontakt mit Ihnen<\/p>\n","protected":false},"author":1,"featured_media":0,"parent":0,"menu_order":0,"comment_status":"closed","ping_status":"closed","template":"","meta":{"_acf_changed":false,"footnotes":""},"class_list":["post-9965","page","type-page","status-publish","hentry"],"acf":[],"lang":"de","translations":{"de":9965,"nl":9974,"en":29411},"pll_sync_post":[],"_links":{"self":[{"href":"https:\/\/grenzinfo.eu\/emra\/wp-json\/wp\/v2\/pages\/9965","targetHints":{"allow":["GET"]}}],"collection":[{"href":"https:\/\/grenzinfo.eu\/emra\/wp-json\/wp\/v2\/pages"}],"about":[{"href":"https:\/\/grenzinfo.eu\/emra\/wp-json\/wp\/v2\/types\/page"}],"author":[{"embeddable":true,"href":"https:\/\/grenzinfo.eu\/emra\/wp-json\/wp\/v2\/users\/1"}],"replies":[{"embeddable":true,"href":"https:\/\/grenzinfo.eu\/emra\/wp-json\/wp\/v2\/comments?post=9965"}],"version-history":[{"count":25,"href":"https:\/\/grenzinfo.eu\/emra\/wp-json\/wp\/v2\/pages\/9965\/revisions"}],"predecessor-version":[{"id":30471,"href":"https:\/\/grenzinfo.eu\/emra\/wp-json\/wp\/v2\/pages\/9965\/revisions\/30471"}],"wp:attachment":[{"href":"https:\/\/grenzinfo.eu\/emra\/wp-json\/wp\/v2\/media?parent=9965"}],"curies":[{"name":"wp","href":"https:\/\/api.w.org\/{rel}","templated":true}]}}