{"id":9974,"date":"2019-02-16T23:46:20","date_gmt":"2019-02-16T22:46:20","guid":{"rendered":"https:\/\/grenzinfo.eu\/emrm\/?page_id=9974"},"modified":"2025-02-15T10:35:11","modified_gmt":"2025-02-15T09:35:11","slug":"aanvraag","status":"publish","type":"page","link":"https:\/\/grenzinfo.eu\/emrm\/nl\/aanvraag\/","title":{"rendered":"Aanvraag"},"content":{"rendered":"\t\t<div data-elementor-type=\"wp-post\" data-elementor-id=\"9974\" class=\"elementor elementor-9974\" data-elementor-post-type=\"page\">\n\t\t\t\t\t\t<section class=\"elementor-section elementor-top-section elementor-element elementor-element-c61dc33 elementor-section-boxed elementor-section-height-default elementor-section-height-default\" data-id=\"c61dc33\" data-element_type=\"section\" data-e-type=\"section\">\n\t\t\t\t\t\t<div class=\"elementor-container elementor-column-gap-default\">\n\t\t\t\t\t<div class=\"elementor-column elementor-col-100 elementor-top-column elementor-element elementor-element-5d9e0e9\" data-id=\"5d9e0e9\" data-element_type=\"column\" data-e-type=\"column\">\n\t\t\t<div class=\"elementor-widget-wrap elementor-element-populated\">\n\t\t\t\t\t\t<div class=\"elementor-element elementor-element-1119d6b elementor-widget elementor-widget-text-editor\" data-id=\"1119d6b\" data-element_type=\"widget\" data-e-type=\"widget\" data-widget_type=\"text-editor.default\">\n\t\t\t\t<div class=\"elementor-widget-container\">\n\t\t\t\t\t\t\t\t\t<p>Via ons aanvraagformulier kunt u eenvoudig en gemakkelijk vragen stellen. De gegevens, die u dient in te vullen op het formulier, worden uiteraard vertrouwelijk behandeld en niet aan derden verstrekt zonder uw toestemming. Uw contactgegevens dient u enkel in te vullen opdat het ons mogelijk is om met u contact op te nemen.<\/p><p><strong>Gelieve dit formulier zo volledig mogelijk in te vullen zodat onze medewerkers in staat zijn om uw vraag goed te beantwoorden.<\/strong><\/p>\t\t\t\t\t\t\t\t<\/div>\n\t\t\t\t<\/div>\n\t\t\t\t<div class=\"elementor-element elementor-element-9f0068f elementor-widget-divider--view-line elementor-widget elementor-widget-divider\" data-id=\"9f0068f\" data-element_type=\"widget\" data-e-type=\"widget\" data-widget_type=\"divider.default\">\n\t\t\t\t<div class=\"elementor-widget-container\">\n\t\t\t\t\t\t\t<div class=\"elementor-divider\">\n\t\t\t<span class=\"elementor-divider-separator\">\n\t\t\t\t\t\t<\/span>\n\t\t<\/div>\n\t\t\t\t\t\t<\/div>\n\t\t\t\t<\/div>\n\t\t\t\t<div class=\"elementor-element elementor-element-bc99b83 elementor-widget elementor-widget-shortcode\" data-id=\"bc99b83\" data-element_type=\"widget\" data-e-type=\"widget\" data-widget_type=\"shortcode.default\">\n\t\t\t\t<div class=\"elementor-widget-container\">\n\t\t\t\t\t\t\t<div class=\"elementor-shortcode\"><iframe class=\"cl-iframe\" src=\"https:\/\/crm.grenzinfo.eu\/emrm\/public\/_new\/?lang=nl\" height=\"1350\" width=\"100%\" scrolling=\"yes\" class=\"cl-iframe\" frameborder=\"0\" adjust_to_content=\"1\"><\/iframe>\n<\/div>\n\t\t\t\t\t\t<\/div>\n\t\t\t\t<\/div>\n\t\t\t\t<div class=\"elementor-element elementor-element-fddfcac elementor-widget elementor-widget-text-editor\" data-id=\"fddfcac\" data-element_type=\"widget\" data-e-type=\"widget\" data-widget_type=\"text-editor.default\">\n\t\t\t\t<div class=\"elementor-widget-container\">\n\t\t\t\t\t\t\t\t\t<p><sup>Alle Informationen wurden f\u00fcr Sie durch die Mitarbeiter des GIP mit gr\u00f6\u00dfter Sorgfalt nach bestem Wissen und Gewissen zusammengestellt; trotz sorgf\u00e4ltiger Pr\u00fcfung \u00fcbernehmen wir f\u00fcr die Richtigkeit dieser Angaben keine Gew\u00e4hr.<\/sup><\/p>\t\t\t\t\t\t\t\t<\/div>\n\t\t\t\t<\/div>\n\t\t\t\t\t<\/div>\n\t\t<\/div>\n\t\t\t\t\t<\/div>\n\t\t<\/section>\n\t\t\t\t<\/div>\n\t\t","protected":false},"excerpt":{"rendered":"<p>Via ons aanvraagformulier kunt u eenvoudig en gemakkelijk vragen stellen. De gegevens, die u dient in te vullen op het formulier, worden uiteraard vertrouwelijk behandeld en niet aan derden verstrekt zonder uw toestemming. Uw contactgegevens dient u enkel in te vullen opdat het ons mogelijk is om met u contact op te nemen. Gelieve dit [&hellip;]<\/p>\n","protected":false},"author":1,"featured_media":0,"parent":0,"menu_order":0,"comment_status":"closed","ping_status":"closed","template":"","meta":{"_acf_changed":false,"footnotes":""},"class_list":["post-9974","page","type-page","status-publish","hentry"],"acf":[],"yoast_head":"<!-- This site is optimized with the Yoast SEO plugin v27.3 - https:\/\/yoast.com\/product\/yoast-seo-wordpress\/ -->\n<title>Aanvraag - Maastricht<\/title>\n<meta name=\"robots\" content=\"index, follow, max-snippet:-1, max-image-preview:large, max-video-preview:-1\" \/>\n<link rel=\"canonical\" href=\"https:\/\/grenzinfo.eu\/emrm\/nl\/aanvraag\/\" \/>\n<meta property=\"og:locale\" content=\"de_DE\" \/>\n<meta property=\"og:type\" content=\"article\" \/>\n<meta property=\"og:title\" content=\"Aanvraag - Maastricht\" \/>\n<meta property=\"og:description\" content=\"Via ons aanvraagformulier kunt u eenvoudig en gemakkelijk vragen stellen. De gegevens, die u dient in te vullen op het formulier, worden uiteraard vertrouwelijk behandeld en niet aan derden verstrekt zonder uw toestemming. Uw contactgegevens dient u enkel in te vullen opdat het ons mogelijk is om met u contact op te nemen. Gelieve dit [&hellip;]\" \/>\n<meta property=\"og:url\" content=\"https:\/\/grenzinfo.eu\/emrm\/nl\/aanvraag\/\" \/>\n<meta property=\"og:site_name\" content=\"Maastricht\" \/>\n<meta property=\"article:modified_time\" content=\"2025-02-15T09:35:11+00:00\" \/>\n<meta name=\"twitter:card\" content=\"summary_large_image\" \/>\n<meta name=\"twitter:label1\" content=\"Gesch\u00e4tzte Lesezeit\" \/>\n\t<meta name=\"twitter:data1\" content=\"1\u00a0Minute\" \/>\n<script type=\"application\/ld+json\" class=\"yoast-schema-graph\">{\"@context\":\"https:\\\/\\\/schema.org\",\"@graph\":[{\"@type\":\"WebPage\",\"@id\":\"https:\\\/\\\/grenzinfo.eu\\\/emrm\\\/nl\\\/aanvraag\\\/\",\"url\":\"https:\\\/\\\/grenzinfo.eu\\\/emrm\\\/nl\\\/aanvraag\\\/\",\"name\":\"Aanvraag - Maastricht\",\"isPartOf\":{\"@id\":\"https:\\\/\\\/grenzinfo.eu\\\/emrm\\\/#website\"},\"datePublished\":\"2019-02-16T22:46:20+00:00\",\"dateModified\":\"2025-02-15T09:35:11+00:00\",\"breadcrumb\":{\"@id\":\"https:\\\/\\\/grenzinfo.eu\\\/emrm\\\/nl\\\/aanvraag\\\/#breadcrumb\"},\"inLanguage\":\"de\",\"potentialAction\":[{\"@type\":\"ReadAction\",\"target\":[\"https:\\\/\\\/grenzinfo.eu\\\/emrm\\\/nl\\\/aanvraag\\\/\"]}]},{\"@type\":\"BreadcrumbList\",\"@id\":\"https:\\\/\\\/grenzinfo.eu\\\/emrm\\\/nl\\\/aanvraag\\\/#breadcrumb\",\"itemListElement\":[{\"@type\":\"ListItem\",\"position\":1,\"name\":\"Home\",\"item\":\"https:\\\/\\\/grenzinfo.eu\\\/emrm\\\/nl\\\/\"},{\"@type\":\"ListItem\",\"position\":2,\"name\":\"Aanvraag\"}]},{\"@type\":\"WebSite\",\"@id\":\"https:\\\/\\\/grenzinfo.eu\\\/emrm\\\/#website\",\"url\":\"https:\\\/\\\/grenzinfo.eu\\\/emrm\\\/\",\"name\":\"Maastricht\",\"description\":\"Grenzinfopunkt Maastricht\",\"potentialAction\":[{\"@type\":\"SearchAction\",\"target\":{\"@type\":\"EntryPoint\",\"urlTemplate\":\"https:\\\/\\\/grenzinfo.eu\\\/emrm\\\/?s={search_term_string}\"},\"query-input\":{\"@type\":\"PropertyValueSpecification\",\"valueRequired\":true,\"valueName\":\"search_term_string\"}}],\"inLanguage\":\"de\"}]}<\/script>\n<!-- \/ Yoast SEO plugin. -->","yoast_head_json":{"title":"Aanvraag - Maastricht","robots":{"index":"index","follow":"follow","max-snippet":"max-snippet:-1","max-image-preview":"max-image-preview:large","max-video-preview":"max-video-preview:-1"},"canonical":"https:\/\/grenzinfo.eu\/emrm\/nl\/aanvraag\/","og_locale":"de_DE","og_type":"article","og_title":"Aanvraag - Maastricht","og_description":"Via ons aanvraagformulier kunt u eenvoudig en gemakkelijk vragen stellen. De gegevens, die u dient in te vullen op het formulier, worden uiteraard vertrouwelijk behandeld en niet aan derden verstrekt zonder uw toestemming. Uw contactgegevens dient u enkel in te vullen opdat het ons mogelijk is om met u contact op te nemen. Gelieve dit [&hellip;]","og_url":"https:\/\/grenzinfo.eu\/emrm\/nl\/aanvraag\/","og_site_name":"Maastricht","article_modified_time":"2025-02-15T09:35:11+00:00","twitter_card":"summary_large_image","twitter_misc":{"Gesch\u00e4tzte Lesezeit":"1\u00a0Minute"},"schema":{"@context":"https:\/\/schema.org","@graph":[{"@type":"WebPage","@id":"https:\/\/grenzinfo.eu\/emrm\/nl\/aanvraag\/","url":"https:\/\/grenzinfo.eu\/emrm\/nl\/aanvraag\/","name":"Aanvraag - Maastricht","isPartOf":{"@id":"https:\/\/grenzinfo.eu\/emrm\/#website"},"datePublished":"2019-02-16T22:46:20+00:00","dateModified":"2025-02-15T09:35:11+00:00","breadcrumb":{"@id":"https:\/\/grenzinfo.eu\/emrm\/nl\/aanvraag\/#breadcrumb"},"inLanguage":"de","potentialAction":[{"@type":"ReadAction","target":["https:\/\/grenzinfo.eu\/emrm\/nl\/aanvraag\/"]}]},{"@type":"BreadcrumbList","@id":"https:\/\/grenzinfo.eu\/emrm\/nl\/aanvraag\/#breadcrumb","itemListElement":[{"@type":"ListItem","position":1,"name":"Home","item":"https:\/\/grenzinfo.eu\/emrm\/nl\/"},{"@type":"ListItem","position":2,"name":"Aanvraag"}]},{"@type":"WebSite","@id":"https:\/\/grenzinfo.eu\/emrm\/#website","url":"https:\/\/grenzinfo.eu\/emrm\/","name":"Maastricht","description":"Grenzinfopunkt Maastricht","potentialAction":[{"@type":"SearchAction","target":{"@type":"EntryPoint","urlTemplate":"https:\/\/grenzinfo.eu\/emrm\/?s={search_term_string}"},"query-input":{"@type":"PropertyValueSpecification","valueRequired":true,"valueName":"search_term_string"}}],"inLanguage":"de"}]}},"lang":"nl","translations":{"nl":9974,"de":9965,"en":11155},"pll_sync_post":[],"_links":{"self":[{"href":"https:\/\/grenzinfo.eu\/emrm\/wp-json\/wp\/v2\/pages\/9974","targetHints":{"allow":["GET"]}}],"collection":[{"href":"https:\/\/grenzinfo.eu\/emrm\/wp-json\/wp\/v2\/pages"}],"about":[{"href":"https:\/\/grenzinfo.eu\/emrm\/wp-json\/wp\/v2\/types\/page"}],"author":[{"embeddable":true,"href":"https:\/\/grenzinfo.eu\/emrm\/wp-json\/wp\/v2\/users\/1"}],"replies":[{"embeddable":true,"href":"https:\/\/grenzinfo.eu\/emrm\/wp-json\/wp\/v2\/comments?post=9974"}],"version-history":[{"count":6,"href":"https:\/\/grenzinfo.eu\/emrm\/wp-json\/wp\/v2\/pages\/9974\/revisions"}],"predecessor-version":[{"id":11990,"href":"https:\/\/grenzinfo.eu\/emrm\/wp-json\/wp\/v2\/pages\/9974\/revisions\/11990"}],"wp:attachment":[{"href":"https:\/\/grenzinfo.eu\/emrm\/wp-json\/wp\/v2\/media?parent=9974"}],"curies":[{"name":"wp","href":"https:\/\/api.w.org\/{rel}","templated":true}]}}