{"id":10850,"date":"2019-06-07T16:14:51","date_gmt":"2019-06-07T14:14:51","guid":{"rendered":"https:\/\/grenzinfo.eu\/erw\/?page_id=10850"},"modified":"2019-08-07T15:51:21","modified_gmt":"2019-08-07T13:51:21","slug":"arbeitsmarktplattform","status":"publish","type":"page","link":"https:\/\/grenzinfo.eu\/erw\/arbeitsmarktplattform\/","title":{"rendered":"Plattform Arbeit\/dsmarkt Euregio Rhein-Waal"},"content":{"rendered":"\t\t<div data-elementor-type=\"wp-post\" data-elementor-id=\"10850\" class=\"elementor elementor-10850\" data-elementor-post-type=\"page\">\n\t\t\t\t\t\t<section class=\"elementor-section elementor-top-section elementor-element elementor-element-578479b elementor-section-boxed elementor-section-height-default elementor-section-height-default\" data-id=\"578479b\" data-element_type=\"section\" data-e-type=\"section\">\n\t\t\t\t\t\t<div class=\"elementor-container elementor-column-gap-default\">\n\t\t\t\t\t<div class=\"elementor-column elementor-col-100 elementor-top-column elementor-element elementor-element-c25f412\" data-id=\"c25f412\" data-element_type=\"column\" data-e-type=\"column\">\n\t\t\t<div class=\"elementor-widget-wrap elementor-element-populated\">\n\t\t\t\t\t\t\t<\/div>\n\t\t<\/div>\n\t\t\t\t\t<\/div>\n\t\t<\/section>\n\t\t\t\t<section class=\"elementor-section elementor-top-section elementor-element elementor-element-a1ed538 elementor-section-boxed elementor-section-height-default elementor-section-height-default\" data-id=\"a1ed538\" data-element_type=\"section\" data-e-type=\"section\">\n\t\t\t\t\t\t<div class=\"elementor-container elementor-column-gap-default\">\n\t\t\t\t\t<div class=\"elementor-column elementor-col-100 elementor-top-column elementor-element elementor-element-b3052b5\" data-id=\"b3052b5\" data-element_type=\"column\" data-e-type=\"column\">\n\t\t\t<div class=\"elementor-widget-wrap elementor-element-populated\">\n\t\t\t\t\t\t<section class=\"elementor-section elementor-inner-section elementor-element elementor-element-b264d2c elementor-section-boxed elementor-section-height-default elementor-section-height-default\" data-id=\"b264d2c\" data-element_type=\"section\" data-e-type=\"section\">\n\t\t\t\t\t\t<div class=\"elementor-container elementor-column-gap-default\">\n\t\t\t\t\t<div class=\"elementor-column elementor-col-100 elementor-inner-column elementor-element elementor-element-8b138c1\" data-id=\"8b138c1\" data-element_type=\"column\" data-e-type=\"column\">\n\t\t\t<div class=\"elementor-widget-wrap\">\n\t\t\t\t\t\t\t<\/div>\n\t\t<\/div>\n\t\t\t\t\t<\/div>\n\t\t<\/section>\n\t\t\t\t<section class=\"elementor-section elementor-inner-section elementor-element elementor-element-b63c533 elementor-section-boxed elementor-section-height-default elementor-section-height-default\" data-id=\"b63c533\" data-element_type=\"section\" data-e-type=\"section\">\n\t\t\t\t\t\t<div class=\"elementor-container elementor-column-gap-default\">\n\t\t\t\t\t<div class=\"elementor-column elementor-col-50 elementor-inner-column elementor-element elementor-element-8e1180a\" data-id=\"8e1180a\" data-element_type=\"column\" data-e-type=\"column\">\n\t\t\t<div class=\"elementor-widget-wrap\">\n\t\t\t\t\t\t\t<\/div>\n\t\t<\/div>\n\t\t\t\t<div class=\"elementor-column elementor-col-50 elementor-inner-column elementor-element elementor-element-3b44279\" data-id=\"3b44279\" data-element_type=\"column\" data-e-type=\"column\">\n\t\t\t<div class=\"elementor-widget-wrap\">\n\t\t\t\t\t\t\t<\/div>\n\t\t<\/div>\n\t\t\t\t\t<\/div>\n\t\t<\/section>\n\t\t\t\t<section class=\"elementor-section elementor-inner-section elementor-element elementor-element-4edf75c elementor-section-boxed elementor-section-height-default elementor-section-height-default\" data-id=\"4edf75c\" data-element_type=\"section\" data-e-type=\"section\">\n\t\t\t\t\t\t<div class=\"elementor-container elementor-column-gap-default\">\n\t\t\t\t\t<div class=\"elementor-column elementor-col-50 elementor-inner-column elementor-element elementor-element-39a2d9f\" data-id=\"39a2d9f\" data-element_type=\"column\" data-e-type=\"column\">\n\t\t\t<div class=\"elementor-widget-wrap elementor-element-populated\">\n\t\t\t\t\t\t<div class=\"elementor-element elementor-element-f6de80b elementor-widget elementor-widget-text-editor\" data-id=\"f6de80b\" data-element_type=\"widget\" data-e-type=\"widget\" data-widget_type=\"text-editor.default\">\n\t\t\t\t<div class=\"elementor-widget-container\">\n\t\t\t\t\t\t\t\t\t<p>Der GrenzInfoPunkt Rhein-Waal (GIP ERW) ist ein Projekt der Euregio Rhein-Waal (ERW) in Kleve und dort ans\u00e4ssig. Er ist einer der sechs Grenzinformationspunkte (GIP) im niederl\u00e4ndisch-deutsch-belgischen Grenzgebiet. Hauptaufgabe ist die Beratung, Information und Unterst\u00fctzung von B\u00fcrgern und Unternehmen in den Bereichen Wohnen, Studieren und Arbeiten auf der anderen Seite der Grenze. GIPRW wird durch das F\u00f6rderprogramm INTERREG V A Deutschland-Nederland und eine Reihe von kofinanzierenden Organisationen erm\u00f6glicht, wobei die ERW Leadpartner im Projekt ist. Geografisches Arbeitsgebiet ist die Region der Euregio Rhein-Waal.<\/p><h2>Plattform Arbeit\/dsmarkt ERW<\/h2><figure id=\"attachment_11053\" aria-describedby=\"caption-attachment-11053\" style=\"width: 300px\" class=\"wp-caption alignleft\"><a href=\"https:\/\/grenzinfo.eu\/erw\/wp-content\/uploads\/sites\/7\/2019\/07\/Volles-Haus-im-Burgers-Zoo-II.jpg\"><img fetchpriority=\"high\" decoding=\"async\" class=\"size-medium wp-image-11053\" src=\"https:\/\/grenzinfo.eu\/erw\/wp-content\/uploads\/sites\/7\/2019\/07\/Volles-Haus-im-Burgers-Zoo-II-300x200.jpg\" alt=\"\" width=\"300\" height=\"200\" srcset=\"https:\/\/grenzinfo.eu\/erw\/wp-content\/uploads\/sites\/7\/2019\/07\/Volles-Haus-im-Burgers-Zoo-II-300x200.jpg 300w, https:\/\/grenzinfo.eu\/erw\/wp-content\/uploads\/sites\/7\/2019\/07\/Volles-Haus-im-Burgers-Zoo-II-768x512.jpg 768w, https:\/\/grenzinfo.eu\/erw\/wp-content\/uploads\/sites\/7\/2019\/07\/Volles-Haus-im-Burgers-Zoo-II-1024x683.jpg 1024w, https:\/\/grenzinfo.eu\/erw\/wp-content\/uploads\/sites\/7\/2019\/07\/Volles-Haus-im-Burgers-Zoo-II.jpg 1200w\" sizes=\"(max-width: 300px) 100vw, 300px\" \/><\/a><figcaption id=\"caption-attachment-11053\" class=\"wp-caption-text\">Volles Haus bei der Startkonferenz am 24. Januar 2019 im Burgers&#8216; Zoo in Arnheim.<\/figcaption><\/figure><p>2018 ergriff die ERW die Initiative f\u00fcr einen grenz\u00fcberschreitenden Arbeitsmarktansatz, wobei die erfolgreiche Startkonferenz am 24. Januar 2019 ein wichtiger Meilenstein war. W\u00e4hrend dieser Startkonferenz mit Vertretern von Arbeitgebern, Arbeitsvermittlungsorganisationen, Beh\u00f6rden und Bildungseinrichtungen aus sowohl Deutschland und den Niederlanden haben sich anwesende Parteien positiv ge\u00e4u\u00dfert zu einem gemeinsamen Ansatz f\u00fcr einen grenz\u00fcberschreitenden Arbeitsmarkt. Zu diesem Zweck wird eine grenz\u00fcberschreitende Arbeitsmarktplattform errichtet. Dort sollen Hemmnisse des grenz\u00fcberschreitenden Arbeitsmarktes aufgedeckt, Ursachen ermittelt und gemeinsame L\u00f6sungen gefunden werden. Durch Ideen und Aktionen soll unb\u00fcrokratisch der grenz\u00fcberschreitende Arbeitsmarkt stimuliert werden. Daraus k\u00f6nnen sich u.a. auch fortlaufend neue Themen und Aufgaben f\u00fcr den GIPRW ergeben.<\/p><h2>Ziele der Plattform Arbeit\/dsmarkt ERW<\/h2><ul><li>Entwicklung eines unb\u00fcrokratischen, offenen und transparenten grenz\u00fcberschreitenden Arbeitsmarktes<\/li><li>F\u00f6rderung eines einheitlichen Arbeitsmarktes in der ERW zwischen Arbeitgebern und Arbeitnehmern aus der Region<\/li><li>Kurzfristige Perspektive: Welche Zielgruppen k\u00f6nnen wir jetzt grenz\u00fcberschreitend vermitteln um die Engp\u00e4sse auf dem Arbeitsmarkt zu l\u00f6sen?<\/li><li>Langfristige Perspektive: Wie k\u00f6nnen wir strukturell zusammenarbeiten um die Herausforderungen von morgen bew\u00e4ltigen zu k\u00f6nnen? Hierbei gilt die Aufmerksamkeit auch den Auszubildenden und Studierenden in dieser Region die nach Ihrem Abschlu\u00df im Nachbarland arbeiten k\u00f6nnen.<\/li><li>Strukturelle und ergebnisorientierte Zusammenarbeit an Themen wie zum Beispiele eine bessere und langfristige grenz\u00fcberschreitenden Arbeitsvermittlung.<\/li><\/ul><h2>Arbeitsweise der Arbeitsgruppen<\/h2><p>Nach dem formellen Start der Arbeitsmarktplattform treffen sich die Kernpartner regelm\u00e4\u00dfig. Basierend auf den Workshops, die 2018 mit verschiedenen Stakeholdern durchgef\u00fchrt wurden, sowie auf den Workshops, die w\u00e4hrend der Startkonferenz gehalten wurden, sind eine Reihe von Handlungsfeldern und Voraussetzungen erarbeitet worden, die innerhalb der Arbeitsmarktplattform weiter entwickelt werden sollen.<\/p><p>Zu diesem Zweck werden innerhalb der Arbeitsmarktplattform mehrere Arbeitsgruppen gebildet, die Aktionspl\u00e4ne mit entsprechenden Zielen und Zeitpl\u00e4nen erstellen. Diese Arbeitsgruppen werden von der ERW und einem externen Berater unterst\u00fctzt.<\/p>\t\t\t\t\t\t\t\t<\/div>\n\t\t\t\t<\/div>\n\t\t\t\t\t<\/div>\n\t\t<\/div>\n\t\t\t\t<div class=\"elementor-column elementor-col-50 elementor-inner-column elementor-element elementor-element-07c43e5\" data-id=\"07c43e5\" data-element_type=\"column\" data-e-type=\"column\">\n\t\t\t<div class=\"elementor-widget-wrap elementor-element-populated\">\n\t\t\t\t\t\t<div class=\"elementor-element elementor-element-60a812a elementor-view-default elementor-widget elementor-widget-icon\" data-id=\"60a812a\" data-element_type=\"widget\" data-e-type=\"widget\" data-widget_type=\"icon.default\">\n\t\t\t\t<div class=\"elementor-widget-container\">\n\t\t\t\t\t\t\t<div class=\"elementor-icon-wrapper\">\n\t\t\t<div class=\"elementor-icon\">\n\t\t\t\t\t\t\t<i class=\"fa fa-download\" aria-hidden=\"true\"><\/i>\n\t\t\t\t\t\t<\/div>\n\t\t<\/div>\n\t\t\t\t\t\t<\/div>\n\t\t\t\t<\/div>\n\t\t\t\t<div class=\"elementor-element elementor-element-727cecd elementor-widget elementor-widget-text-editor\" data-id=\"727cecd\" data-element_type=\"widget\" data-e-type=\"widget\" data-widget_type=\"text-editor.default\">\n\t\t\t\t<div class=\"elementor-widget-container\">\n\t\t\t\t\t\t\t\t\t<p><a href=\"https:\/\/grenzinfo.eu\/erw\/wp-content\/uploads\/sites\/7\/2019\/06\/Arbeitsmarktanalyse_DE_V1-1-final-6.-Mai-2019.pdf\" target=\"_blank\" rel=\"noopener\">Arbeitsmarktanalyse auf Deutsch<\/a><\/p><p><a href=\"https:\/\/grenzinfo.eu\/erw\/wp-content\/uploads\/sites\/7\/2019\/06\/Arbeitsmarktanalyse_NL_V1.1-final-6.-Mai.pdf\" target=\"_blank\" rel=\"noopener\">Arbeitsmarktanalyse auf Niederl\u00e4ndisch<\/a><\/p><p><a href=\"https:\/\/grenzinfo.eu\/erw\/wp-content\/uploads\/sites\/7\/2019\/06\/190107-Extra-Info-Arbeitsmarkt-ERW-Duisburg-en-gemeenten.pdf\" target=\"_blank\" rel=\"noopener\">Arbeitsmarktstatistik Euregio-Gemeinden<\/a><\/p><p><a href=\"https:\/\/grenzinfo.eu\/erw\/wp-content\/uploads\/sites\/7\/2019\/06\/190409-Extra-Info-Arbeitsmarkt-ERW-Duesseldorf.pdf\" target=\"_blank\" rel=\"noopener\">Arbeitsmarktstatistik Stadt D\u00fcsseldorf<\/a><\/p><p><a href=\"https:\/\/grenzinfo.eu\/erw\/wp-content\/uploads\/sites\/7\/2019\/07\/Info-Plattform-Arbeitsmarkt-DE.pdf\" target=\"_blank\" rel=\"noopener\">Information Plattform Arbeit\/dsmarkt Euregio Rhein-Waal<\/a><\/p>\t\t\t\t\t\t\t\t<\/div>\n\t\t\t\t<\/div>\n\t\t\t\t\t<\/div>\n\t\t<\/div>\n\t\t\t\t\t<\/div>\n\t\t<\/section>\n\t\t\t\t\t<\/div>\n\t\t<\/div>\n\t\t\t\t\t<\/div>\n\t\t<\/section>\n\t\t\t\t<\/div>\n\t\t","protected":false},"excerpt":{"rendered":"<p>Der GrenzInfoPunkt Rhein-Waal (GIP ERW) ist ein Projekt der Euregio Rhein-Waal (ERW) in Kleve und dort ans\u00e4ssig. Er ist einer der sechs Grenzinformationspunkte (GIP) im niederl\u00e4ndisch-deutsch-belgischen Grenzgebiet. Hauptaufgabe ist die Beratung, Information und Unterst\u00fctzung von B\u00fcrgern und Unternehmen in den Bereichen Wohnen, Studieren und Arbeiten auf der anderen Seite der Grenze. GIPRW wird durch das [&hellip;]<\/p>\n","protected":false},"author":17,"featured_media":0,"parent":0,"menu_order":0,"comment_status":"closed","ping_status":"closed","template":"","meta":{"_acf_changed":false,"footnotes":""},"class_list":["post-10850","page","type-page","status-publish","hentry"],"acf":[],"yoast_head":"<!-- This site is optimized with the Yoast SEO plugin v27.4 - https:\/\/yoast.com\/product\/yoast-seo-wordpress\/ -->\n<title>Plattform Arbeit\/dsmarkt Euregio Rhein-Waal - Rhein-Waal<\/title>\n<meta name=\"robots\" content=\"index, follow, max-snippet:-1, max-image-preview:large, max-video-preview:-1\" \/>\n<link rel=\"canonical\" href=\"https:\/\/grenzinfo.eu\/erw\/arbeitsmarktplattform\/\" \/>\n<meta property=\"og:locale\" content=\"de_DE\" \/>\n<meta property=\"og:type\" content=\"article\" \/>\n<meta property=\"og:title\" content=\"Plattform Arbeit\/dsmarkt Euregio Rhein-Waal - Rhein-Waal\" \/>\n<meta property=\"og:description\" content=\"Der GrenzInfoPunkt Rhein-Waal (GIP ERW) ist ein Projekt der Euregio Rhein-Waal (ERW) in Kleve und dort ans\u00e4ssig. Er ist einer der sechs Grenzinformationspunkte (GIP) im niederl\u00e4ndisch-deutsch-belgischen Grenzgebiet. Hauptaufgabe ist die Beratung, Information und Unterst\u00fctzung von B\u00fcrgern und Unternehmen in den Bereichen Wohnen, Studieren und Arbeiten auf der anderen Seite der Grenze. GIPRW wird durch das [&hellip;]\" \/>\n<meta property=\"og:url\" content=\"https:\/\/grenzinfo.eu\/erw\/arbeitsmarktplattform\/\" \/>\n<meta property=\"og:site_name\" content=\"Rhein-Waal\" \/>\n<meta property=\"article:modified_time\" content=\"2019-08-07T13:51:21+00:00\" \/>\n<meta property=\"og:image\" content=\"https:\/\/grenzinfo.eu\/erw\/wp-content\/uploads\/sites\/7\/2019\/07\/Volles-Haus-im-Burgers-Zoo-II-300x200.jpg\" \/>\n<meta name=\"twitter:card\" content=\"summary_large_image\" \/>\n<meta name=\"twitter:label1\" content=\"Gesch\u00e4tzte Lesezeit\" \/>\n\t<meta name=\"twitter:data1\" content=\"2\u00a0Minuten\" \/>\n<script type=\"application\/ld+json\" class=\"yoast-schema-graph\">{\"@context\":\"https:\\\/\\\/schema.org\",\"@graph\":[{\"@type\":\"WebPage\",\"@id\":\"https:\\\/\\\/grenzinfo.eu\\\/erw\\\/arbeitsmarktplattform\\\/\",\"url\":\"https:\\\/\\\/grenzinfo.eu\\\/erw\\\/arbeitsmarktplattform\\\/\",\"name\":\"Plattform Arbeit\\\/dsmarkt Euregio Rhein-Waal - Rhein-Waal\",\"isPartOf\":{\"@id\":\"https:\\\/\\\/grenzinfo.eu\\\/erw\\\/#website\"},\"primaryImageOfPage\":{\"@id\":\"https:\\\/\\\/grenzinfo.eu\\\/erw\\\/arbeitsmarktplattform\\\/#primaryimage\"},\"image\":{\"@id\":\"https:\\\/\\\/grenzinfo.eu\\\/erw\\\/arbeitsmarktplattform\\\/#primaryimage\"},\"thumbnailUrl\":\"https:\\\/\\\/grenzinfo.eu\\\/erw\\\/wp-content\\\/uploads\\\/sites\\\/7\\\/2019\\\/07\\\/Volles-Haus-im-Burgers-Zoo-II-300x200.jpg\",\"datePublished\":\"2019-06-07T14:14:51+00:00\",\"dateModified\":\"2019-08-07T13:51:21+00:00\",\"breadcrumb\":{\"@id\":\"https:\\\/\\\/grenzinfo.eu\\\/erw\\\/arbeitsmarktplattform\\\/#breadcrumb\"},\"inLanguage\":\"de\",\"potentialAction\":[{\"@type\":\"ReadAction\",\"target\":[\"https:\\\/\\\/grenzinfo.eu\\\/erw\\\/arbeitsmarktplattform\\\/\"]}]},{\"@type\":\"ImageObject\",\"inLanguage\":\"de\",\"@id\":\"https:\\\/\\\/grenzinfo.eu\\\/erw\\\/arbeitsmarktplattform\\\/#primaryimage\",\"url\":\"https:\\\/\\\/grenzinfo.eu\\\/erw\\\/wp-content\\\/uploads\\\/sites\\\/7\\\/2019\\\/07\\\/Volles-Haus-im-Burgers-Zoo-II.jpg\",\"contentUrl\":\"https:\\\/\\\/grenzinfo.eu\\\/erw\\\/wp-content\\\/uploads\\\/sites\\\/7\\\/2019\\\/07\\\/Volles-Haus-im-Burgers-Zoo-II.jpg\",\"width\":1200,\"height\":800,\"caption\":\"Volles Haus bei der Startkonferenz am 24. Januar 2019 im Burgers' Zoo in Arnheim.\"},{\"@type\":\"BreadcrumbList\",\"@id\":\"https:\\\/\\\/grenzinfo.eu\\\/erw\\\/arbeitsmarktplattform\\\/#breadcrumb\",\"itemListElement\":[{\"@type\":\"ListItem\",\"position\":1,\"name\":\"Home\",\"item\":\"https:\\\/\\\/grenzinfo.eu\\\/erw\\\/\"},{\"@type\":\"ListItem\",\"position\":2,\"name\":\"Plattform Arbeit\\\/dsmarkt Euregio Rhein-Waal\"}]},{\"@type\":\"WebSite\",\"@id\":\"https:\\\/\\\/grenzinfo.eu\\\/erw\\\/#website\",\"url\":\"https:\\\/\\\/grenzinfo.eu\\\/erw\\\/\",\"name\":\"Rhein-Waal\",\"description\":\"Grenzinfopunkt Rhein-Waal\",\"potentialAction\":[{\"@type\":\"SearchAction\",\"target\":{\"@type\":\"EntryPoint\",\"urlTemplate\":\"https:\\\/\\\/grenzinfo.eu\\\/erw\\\/?s={search_term_string}\"},\"query-input\":{\"@type\":\"PropertyValueSpecification\",\"valueRequired\":true,\"valueName\":\"search_term_string\"}}],\"inLanguage\":\"de\"}]}<\/script>\n<!-- \/ Yoast SEO plugin. -->","yoast_head_json":{"title":"Plattform Arbeit\/dsmarkt Euregio Rhein-Waal - Rhein-Waal","robots":{"index":"index","follow":"follow","max-snippet":"max-snippet:-1","max-image-preview":"max-image-preview:large","max-video-preview":"max-video-preview:-1"},"canonical":"https:\/\/grenzinfo.eu\/erw\/arbeitsmarktplattform\/","og_locale":"de_DE","og_type":"article","og_title":"Plattform Arbeit\/dsmarkt Euregio Rhein-Waal - Rhein-Waal","og_description":"Der GrenzInfoPunkt Rhein-Waal (GIP ERW) ist ein Projekt der Euregio Rhein-Waal (ERW) in Kleve und dort ans\u00e4ssig. Er ist einer der sechs Grenzinformationspunkte (GIP) im niederl\u00e4ndisch-deutsch-belgischen Grenzgebiet. Hauptaufgabe ist die Beratung, Information und Unterst\u00fctzung von B\u00fcrgern und Unternehmen in den Bereichen Wohnen, Studieren und Arbeiten auf der anderen Seite der Grenze. GIPRW wird durch das [&hellip;]","og_url":"https:\/\/grenzinfo.eu\/erw\/arbeitsmarktplattform\/","og_site_name":"Rhein-Waal","article_modified_time":"2019-08-07T13:51:21+00:00","og_image":[{"url":"https:\/\/grenzinfo.eu\/erw\/wp-content\/uploads\/sites\/7\/2019\/07\/Volles-Haus-im-Burgers-Zoo-II-300x200.jpg","type":"","width":"","height":""}],"twitter_card":"summary_large_image","twitter_misc":{"Gesch\u00e4tzte Lesezeit":"2\u00a0Minuten"},"schema":{"@context":"https:\/\/schema.org","@graph":[{"@type":"WebPage","@id":"https:\/\/grenzinfo.eu\/erw\/arbeitsmarktplattform\/","url":"https:\/\/grenzinfo.eu\/erw\/arbeitsmarktplattform\/","name":"Plattform Arbeit\/dsmarkt Euregio Rhein-Waal - Rhein-Waal","isPartOf":{"@id":"https:\/\/grenzinfo.eu\/erw\/#website"},"primaryImageOfPage":{"@id":"https:\/\/grenzinfo.eu\/erw\/arbeitsmarktplattform\/#primaryimage"},"image":{"@id":"https:\/\/grenzinfo.eu\/erw\/arbeitsmarktplattform\/#primaryimage"},"thumbnailUrl":"https:\/\/grenzinfo.eu\/erw\/wp-content\/uploads\/sites\/7\/2019\/07\/Volles-Haus-im-Burgers-Zoo-II-300x200.jpg","datePublished":"2019-06-07T14:14:51+00:00","dateModified":"2019-08-07T13:51:21+00:00","breadcrumb":{"@id":"https:\/\/grenzinfo.eu\/erw\/arbeitsmarktplattform\/#breadcrumb"},"inLanguage":"de","potentialAction":[{"@type":"ReadAction","target":["https:\/\/grenzinfo.eu\/erw\/arbeitsmarktplattform\/"]}]},{"@type":"ImageObject","inLanguage":"de","@id":"https:\/\/grenzinfo.eu\/erw\/arbeitsmarktplattform\/#primaryimage","url":"https:\/\/grenzinfo.eu\/erw\/wp-content\/uploads\/sites\/7\/2019\/07\/Volles-Haus-im-Burgers-Zoo-II.jpg","contentUrl":"https:\/\/grenzinfo.eu\/erw\/wp-content\/uploads\/sites\/7\/2019\/07\/Volles-Haus-im-Burgers-Zoo-II.jpg","width":1200,"height":800,"caption":"Volles Haus bei der Startkonferenz am 24. Januar 2019 im Burgers' Zoo in Arnheim."},{"@type":"BreadcrumbList","@id":"https:\/\/grenzinfo.eu\/erw\/arbeitsmarktplattform\/#breadcrumb","itemListElement":[{"@type":"ListItem","position":1,"name":"Home","item":"https:\/\/grenzinfo.eu\/erw\/"},{"@type":"ListItem","position":2,"name":"Plattform Arbeit\/dsmarkt Euregio Rhein-Waal"}]},{"@type":"WebSite","@id":"https:\/\/grenzinfo.eu\/erw\/#website","url":"https:\/\/grenzinfo.eu\/erw\/","name":"Rhein-Waal","description":"Grenzinfopunkt Rhein-Waal","potentialAction":[{"@type":"SearchAction","target":{"@type":"EntryPoint","urlTemplate":"https:\/\/grenzinfo.eu\/erw\/?s={search_term_string}"},"query-input":{"@type":"PropertyValueSpecification","valueRequired":true,"valueName":"search_term_string"}}],"inLanguage":"de"}]}},"lang":"de","translations":{"de":10850,"nl":11068},"pll_sync_post":[],"_links":{"self":[{"href":"https:\/\/grenzinfo.eu\/erw\/wp-json\/wp\/v2\/pages\/10850","targetHints":{"allow":["GET"]}}],"collection":[{"href":"https:\/\/grenzinfo.eu\/erw\/wp-json\/wp\/v2\/pages"}],"about":[{"href":"https:\/\/grenzinfo.eu\/erw\/wp-json\/wp\/v2\/types\/page"}],"author":[{"embeddable":true,"href":"https:\/\/grenzinfo.eu\/erw\/wp-json\/wp\/v2\/users\/17"}],"replies":[{"embeddable":true,"href":"https:\/\/grenzinfo.eu\/erw\/wp-json\/wp\/v2\/comments?post=10850"}],"version-history":[{"count":0,"href":"https:\/\/grenzinfo.eu\/erw\/wp-json\/wp\/v2\/pages\/10850\/revisions"}],"wp:attachment":[{"href":"https:\/\/grenzinfo.eu\/erw\/wp-json\/wp\/v2\/media?parent=10850"}],"curies":[{"name":"wp","href":"https:\/\/api.w.org\/{rel}","templated":true}]}}