{"id":11842,"date":"2020-12-09T15:19:43","date_gmt":"2020-12-09T14:19:43","guid":{"rendered":"https:\/\/grenzinfo.eu\/erw\/?page_id=11842"},"modified":"2020-12-09T16:52:03","modified_gmt":"2020-12-09T15:52:03","slug":"crossing-borders","status":"publish","type":"page","link":"https:\/\/grenzinfo.eu\/erw\/crossing-borders\/","title":{"rendered":"Crossing Borders"},"content":{"rendered":"\t\t<div data-elementor-type=\"wp-page\" data-elementor-id=\"11842\" class=\"elementor elementor-11842\" data-elementor-post-type=\"page\">\n\t\t\t\t\t\t<section class=\"elementor-section elementor-top-section elementor-element elementor-element-e4b1e5d elementor-section-boxed elementor-section-height-default elementor-section-height-default\" data-id=\"e4b1e5d\" data-element_type=\"section\" data-e-type=\"section\">\n\t\t\t\t\t\t<div class=\"elementor-container elementor-column-gap-default\">\n\t\t\t\t\t<div class=\"elementor-column elementor-col-50 elementor-top-column elementor-element elementor-element-f291efb\" data-id=\"f291efb\" data-element_type=\"column\" data-e-type=\"column\">\n\t\t\t<div class=\"elementor-widget-wrap elementor-element-populated\">\n\t\t\t\t\t\t<div class=\"elementor-element elementor-element-fe8c18f elementor-widget elementor-widget-heading\" data-id=\"fe8c18f\" data-element_type=\"widget\" data-e-type=\"widget\" data-widget_type=\"heading.default\">\n\t\t\t\t<div class=\"elementor-widget-container\">\n\t\t\t\t\t<h2 class=\"elementor-heading-title elementor-size-default\">Webformular<\/h2>\t\t\t\t<\/div>\n\t\t\t\t<\/div>\n\t\t\t\t<div class=\"elementor-element elementor-element-2fa4eff elementor-widget elementor-widget-heading\" data-id=\"2fa4eff\" data-element_type=\"widget\" data-e-type=\"widget\" data-widget_type=\"heading.default\">\n\t\t\t\t<div class=\"elementor-widget-container\">\n\t\t\t\t\t<h3 class=\"elementor-heading-title elementor-size-default\">Corona-Regeln im Grenzgebiet der Euregio Rhein-Waal<\/h3>\t\t\t\t<\/div>\n\t\t\t\t<\/div>\n\t\t\t\t<div class=\"elementor-element elementor-element-4c06c74 elementor-widget elementor-widget-text-editor\" data-id=\"4c06c74\" data-element_type=\"widget\" data-e-type=\"widget\" data-widget_type=\"text-editor.default\">\n\t\t\t\t<div class=\"elementor-widget-container\">\n\t\t\t\t\t\t\t\t\t<p><strong>Liebe B\u00fcrgerinnen und B\u00fcrger<\/strong>,<br \/>In den letzten Wochen gab es hinsichtlich der vielen verschiedenen Ein- und Ausreiseregelungen innerhalb unserer Euregio Rhein-Waal gro\u00dfe Verwirrung und Verunsicherung.<br \/>Mit ein paar Klicks k\u00f6nnen Sie herausfinden, ob Ihre Reise ins Nachbarland Konsequenzen hat und ob Sie Ma\u00dfnahmen bei Ihrer R\u00fcckkehr treffen m\u00fcssen.<\/p><p>Wir hoffen, dass dieses Tool Ihnen praktisch und unkompliziert weiterhilft.<\/p><p><strong>Offizielle Informationsseiten und Hotlines:<\/strong><\/p><p>Niederlande: www.nederlandwereldwijd.nl (0800 1351 oder +312 0205 1351 aus dem Ausland)<br \/>NRW: www.land.nrw (+49 (0)211 \/ 9119 1001)<br \/>Ausw\u00e4rtiges Amt: https:\/\/www.auswaertiges-amt.de\/ (+49 30 1817 0)<\/p><p>Wir bedanken uns bei den Kollegen der EVTZ Euregio Maas-Rhein und seine Partner die dieses Tool entwickelt haben.<\/p>\t\t\t\t\t\t\t\t<\/div>\n\t\t\t\t<\/div>\n\t\t\t\t<div class=\"elementor-element elementor-element-b412f7e elementor-widget elementor-widget-text-editor\" data-id=\"b412f7e\" data-element_type=\"widget\" data-e-type=\"widget\" data-widget_type=\"text-editor.default\">\n\t\t\t\t<div class=\"elementor-widget-container\">\n\t\t\t\t\t\t\t\t\t<script id=\"corona-signpost\" src=\"https:\/\/crossing-borders.euregio-mr.info\/iframe.js\" data-layout=\"de\/layout\/erw_de\"><\/script>\t\t\t\t\t\t\t\t<\/div>\n\t\t\t\t<\/div>\n\t\t\t\t<div class=\"elementor-element elementor-element-23bdd26 elementor-widget elementor-widget-text-editor\" data-id=\"23bdd26\" data-element_type=\"widget\" data-e-type=\"widget\" data-widget_type=\"text-editor.default\">\n\t\t\t\t<div class=\"elementor-widget-container\">\n\t\t\t\t\t\t\t\t\t<p><strong>Disclaimer:<\/strong> Die Informationen, die in diesem Formular verarbeitet werden, basieren sich auf die uns aktuell vorliegenden Informationen zur Ein- und Ausreise in der Euregio Rhein-Waal. Trotz unseren Bem\u00fchungen diese Informationen zeitnahe an etwaige \u00c4nderungen anzupassen, kann es vorkommen, dass die hier verarbeiteten Informationen nicht mehr aktuell sind. Konsultieren Sie deshalb im Zweifel immer die offiziellen Informationskan\u00e4le Ihres Landes\/Ihres Reiseziels. Es ist auch darauf hinzuweisen, dass nicht alle Spezialf\u00e4lle in diesem Formular zu finden sind, da es sich auf die am h\u00e4ufigsten auftretenden Situationen konzentriert und deswegen auch keinen Anspruch auf Vollst\u00e4ndigkeit erhebt.<\/p>\t\t\t\t\t\t\t\t<\/div>\n\t\t\t\t<\/div>\n\t\t\t\t\t<\/div>\n\t\t<\/div>\n\t\t\t\t<div class=\"elementor-column elementor-col-50 elementor-top-column elementor-element elementor-element-7bf7562\" data-id=\"7bf7562\" data-element_type=\"column\" data-e-type=\"column\" data-settings=\"{&quot;background_background&quot;:&quot;classic&quot;}\">\n\t\t\t<div class=\"elementor-widget-wrap elementor-element-populated\">\n\t\t\t\t\t\t<div class=\"elementor-element elementor-element-ce39d9d elementor-share-buttons--view-icon elementor-grid-tablet-3 elementor-grid-mobile-0 elementor-share-buttons--skin-gradient elementor-share-buttons--shape-square elementor-grid-0 elementor-share-buttons--color-official elementor-widget elementor-widget-share-buttons\" data-id=\"ce39d9d\" data-element_type=\"widget\" data-e-type=\"widget\" data-widget_type=\"share-buttons.default\">\n\t\t\t\t<div class=\"elementor-widget-container\">\n\t\t\t\t\t\t\t<div class=\"elementor-grid\" role=\"list\">\n\t\t\t\t\t\t\t\t<div class=\"elementor-grid-item\" role=\"listitem\">\n\t\t\t\t\t\t<div class=\"elementor-share-btn elementor-share-btn_facebook\" role=\"button\" tabindex=\"0\" aria-label=\"Share on facebook\">\n\t\t\t\t\t\t\t\t\t\t\t\t\t\t\t<span class=\"elementor-share-btn__icon\">\n\t\t\t\t\t\t\t\t<i class=\"fab fa-facebook\" aria-hidden=\"true\"><\/i>\t\t\t\t\t\t\t<\/span>\n\t\t\t\t\t\t\t\t\t\t\t\t\t\t\t\t\t\t\t\t<\/div>\n\t\t\t\t\t<\/div>\n\t\t\t\t\t\t\t\t\t<div class=\"elementor-grid-item\" role=\"listitem\">\n\t\t\t\t\t\t<div class=\"elementor-share-btn elementor-share-btn_xing\" role=\"button\" tabindex=\"0\" aria-label=\"Share on xing\">\n\t\t\t\t\t\t\t\t\t\t\t\t\t\t\t<span class=\"elementor-share-btn__icon\">\n\t\t\t\t\t\t\t\t<i class=\"fab fa-xing\" aria-hidden=\"true\"><\/i>\t\t\t\t\t\t\t<\/span>\n\t\t\t\t\t\t\t\t\t\t\t\t\t\t\t\t\t\t\t\t<\/div>\n\t\t\t\t\t<\/div>\n\t\t\t\t\t\t\t\t\t<div class=\"elementor-grid-item\" role=\"listitem\">\n\t\t\t\t\t\t<div class=\"elementor-share-btn elementor-share-btn_linkedin\" role=\"button\" tabindex=\"0\" aria-label=\"Share on linkedin\">\n\t\t\t\t\t\t\t\t\t\t\t\t\t\t\t<span class=\"elementor-share-btn__icon\">\n\t\t\t\t\t\t\t\t<i class=\"fab fa-linkedin\" aria-hidden=\"true\"><\/i>\t\t\t\t\t\t\t<\/span>\n\t\t\t\t\t\t\t\t\t\t\t\t\t\t\t\t\t\t\t\t<\/div>\n\t\t\t\t\t<\/div>\n\t\t\t\t\t\t<\/div>\n\t\t\t\t\t\t<\/div>\n\t\t\t\t<\/div>\n\t\t\t\t<div class=\"elementor-element elementor-element-34290bb elementor-widget elementor-widget-heading\" data-id=\"34290bb\" data-element_type=\"widget\" data-e-type=\"widget\" data-widget_type=\"heading.default\">\n\t\t\t\t<div class=\"elementor-widget-container\">\n\t\t\t\t\t<h3 class=\"elementor-heading-title elementor-size-default\">NEWS<\/h3>\t\t\t\t<\/div>\n\t\t\t\t<\/div>\n\t\t\t\t<section class=\"elementor-section elementor-inner-section elementor-element elementor-element-bb076f6 elementor-section-boxed elementor-section-height-default elementor-section-height-default\" data-id=\"bb076f6\" data-element_type=\"section\" data-e-type=\"section\">\n\t\t\t\t\t\t<div class=\"elementor-container elementor-column-gap-default\">\n\t\t\t\t\t<div class=\"elementor-column elementor-col-100 elementor-inner-column elementor-element elementor-element-76e18ab\" data-id=\"76e18ab\" data-element_type=\"column\" data-e-type=\"column\" data-settings=\"{&quot;background_background&quot;:&quot;classic&quot;}\">\n\t\t\t<div class=\"elementor-widget-wrap elementor-element-populated\">\n\t\t\t\t\t\t<div class=\"elementor-element elementor-element-0797401 elementor-view-default elementor-widget elementor-widget-icon\" data-id=\"0797401\" data-element_type=\"widget\" data-e-type=\"widget\" data-widget_type=\"icon.default\">\n\t\t\t\t<div class=\"elementor-widget-container\">\n\t\t\t\t\t\t\t<div class=\"elementor-icon-wrapper\">\n\t\t\t<div class=\"elementor-icon\">\n\t\t\t\t\t\t\t<i class=\"fa fa-info-circle\" aria-hidden=\"true\"><\/i>\n\t\t\t\t\t\t<\/div>\n\t\t<\/div>\n\t\t\t\t\t\t<\/div>\n\t\t\t\t<\/div>\n\t\t\t\t<div class=\"elementor-element elementor-element-2748d00 elementor-widget elementor-widget-text-editor\" data-id=\"2748d00\" data-element_type=\"widget\" data-e-type=\"widget\" data-widget_type=\"text-editor.default\">\n\t\t\t\t<div class=\"elementor-widget-container\">\n\t\t\t\t\t\t\t\t\t<p>Hier finden Sie <br \/>Grenzinfopunke in Ihrer N\u00e4he<\/p>\t\t\t\t\t\t\t\t<\/div>\n\t\t\t\t<\/div>\n\t\t\t\t<div class=\"elementor-element elementor-element-2ec4f2f elementor-button-success elementor-align-center elementor-widget elementor-widget-button\" data-id=\"2ec4f2f\" data-element_type=\"widget\" data-e-type=\"widget\" data-widget_type=\"button.default\">\n\t\t\t\t<div class=\"elementor-widget-container\">\n\t\t\t\t\t\t\t\t\t<div class=\"elementor-button-wrapper\">\n\t\t\t\t\t<a class=\"elementor-button elementor-button-link elementor-size-sm\" href=\"\/emra\/#finder\">\n\t\t\t\t\t\t<span class=\"elementor-button-content-wrapper\">\n\t\t\t\t\t\t\t\t\t<span class=\"elementor-button-text\">&raquo; Zur Umkreissuche<\/span>\n\t\t\t\t\t<\/span>\n\t\t\t\t\t<\/a>\n\t\t\t\t<\/div>\n\t\t\t\t\t\t\t\t<\/div>\n\t\t\t\t<\/div>\n\t\t\t\t\t<\/div>\n\t\t<\/div>\n\t\t\t\t\t<\/div>\n\t\t<\/section>\n\t\t\t\t\t<\/div>\n\t\t<\/div>\n\t\t\t\t\t<\/div>\n\t\t<\/section>\n\t\t\t\t<\/div>\n\t\t","protected":false},"excerpt":{"rendered":"<p>Webformular Corona-Regeln im Grenzgebiet der Euregio Rhein-Waal Liebe B\u00fcrgerinnen und B\u00fcrger,In den letzten Wochen gab es hinsichtlich der vielen verschiedenen Ein- und Ausreiseregelungen innerhalb unserer Euregio Rhein-Waal gro\u00dfe Verwirrung und Verunsicherung.Mit ein paar Klicks k\u00f6nnen Sie herausfinden, ob Ihre Reise ins Nachbarland Konsequenzen hat und ob Sie Ma\u00dfnahmen bei Ihrer R\u00fcckkehr treffen m\u00fcssen. Wir hoffen, [&hellip;]<\/p>\n","protected":false},"author":1,"featured_media":0,"parent":0,"menu_order":0,"comment_status":"closed","ping_status":"closed","template":"","meta":{"_acf_changed":false,"footnotes":""},"class_list":["post-11842","page","type-page","status-publish","hentry"],"acf":[],"yoast_head":"<!-- This site is optimized with the Yoast SEO plugin v27.3 - https:\/\/yoast.com\/product\/yoast-seo-wordpress\/ -->\n<title>Crossing Borders - Rhein-Waal<\/title>\n<meta name=\"robots\" content=\"index, follow, max-snippet:-1, max-image-preview:large, max-video-preview:-1\" \/>\n<link rel=\"canonical\" href=\"https:\/\/grenzinfo.eu\/erw\/crossing-borders\/\" \/>\n<meta property=\"og:locale\" content=\"de_DE\" \/>\n<meta property=\"og:type\" content=\"article\" \/>\n<meta property=\"og:title\" content=\"Crossing Borders - Rhein-Waal\" \/>\n<meta property=\"og:description\" content=\"Webformular Corona-Regeln im Grenzgebiet der Euregio Rhein-Waal Liebe B\u00fcrgerinnen und B\u00fcrger,In den letzten Wochen gab es hinsichtlich der vielen verschiedenen Ein- und Ausreiseregelungen innerhalb unserer Euregio Rhein-Waal gro\u00dfe Verwirrung und Verunsicherung.Mit ein paar Klicks k\u00f6nnen Sie herausfinden, ob Ihre Reise ins Nachbarland Konsequenzen hat und ob Sie Ma\u00dfnahmen bei Ihrer R\u00fcckkehr treffen m\u00fcssen. Wir hoffen, [&hellip;]\" \/>\n<meta property=\"og:url\" content=\"https:\/\/grenzinfo.eu\/erw\/crossing-borders\/\" \/>\n<meta property=\"og:site_name\" content=\"Rhein-Waal\" \/>\n<meta property=\"article:modified_time\" content=\"2020-12-09T15:52:03+00:00\" \/>\n<meta name=\"twitter:card\" content=\"summary_large_image\" \/>\n<meta name=\"twitter:label1\" content=\"Gesch\u00e4tzte Lesezeit\" \/>\n\t<meta name=\"twitter:data1\" content=\"1\u00a0Minute\" \/>\n<script type=\"application\/ld+json\" class=\"yoast-schema-graph\">{\"@context\":\"https:\\\/\\\/schema.org\",\"@graph\":[{\"@type\":\"WebPage\",\"@id\":\"https:\\\/\\\/grenzinfo.eu\\\/erw\\\/crossing-borders\\\/\",\"url\":\"https:\\\/\\\/grenzinfo.eu\\\/erw\\\/crossing-borders\\\/\",\"name\":\"Crossing Borders - Rhein-Waal\",\"isPartOf\":{\"@id\":\"https:\\\/\\\/grenzinfo.eu\\\/erw\\\/#website\"},\"datePublished\":\"2020-12-09T14:19:43+00:00\",\"dateModified\":\"2020-12-09T15:52:03+00:00\",\"breadcrumb\":{\"@id\":\"https:\\\/\\\/grenzinfo.eu\\\/erw\\\/crossing-borders\\\/#breadcrumb\"},\"inLanguage\":\"de\",\"potentialAction\":[{\"@type\":\"ReadAction\",\"target\":[\"https:\\\/\\\/grenzinfo.eu\\\/erw\\\/crossing-borders\\\/\"]}]},{\"@type\":\"BreadcrumbList\",\"@id\":\"https:\\\/\\\/grenzinfo.eu\\\/erw\\\/crossing-borders\\\/#breadcrumb\",\"itemListElement\":[{\"@type\":\"ListItem\",\"position\":1,\"name\":\"Home\",\"item\":\"https:\\\/\\\/grenzinfo.eu\\\/erw\\\/\"},{\"@type\":\"ListItem\",\"position\":2,\"name\":\"Crossing Borders\"}]},{\"@type\":\"WebSite\",\"@id\":\"https:\\\/\\\/grenzinfo.eu\\\/erw\\\/#website\",\"url\":\"https:\\\/\\\/grenzinfo.eu\\\/erw\\\/\",\"name\":\"Rhein-Waal\",\"description\":\"Grenzinfopunkt Rhein-Waal\",\"potentialAction\":[{\"@type\":\"SearchAction\",\"target\":{\"@type\":\"EntryPoint\",\"urlTemplate\":\"https:\\\/\\\/grenzinfo.eu\\\/erw\\\/?s={search_term_string}\"},\"query-input\":{\"@type\":\"PropertyValueSpecification\",\"valueRequired\":true,\"valueName\":\"search_term_string\"}}],\"inLanguage\":\"de\"}]}<\/script>\n<!-- \/ Yoast SEO plugin. -->","yoast_head_json":{"title":"Crossing Borders - Rhein-Waal","robots":{"index":"index","follow":"follow","max-snippet":"max-snippet:-1","max-image-preview":"max-image-preview:large","max-video-preview":"max-video-preview:-1"},"canonical":"https:\/\/grenzinfo.eu\/erw\/crossing-borders\/","og_locale":"de_DE","og_type":"article","og_title":"Crossing Borders - Rhein-Waal","og_description":"Webformular Corona-Regeln im Grenzgebiet der Euregio Rhein-Waal Liebe B\u00fcrgerinnen und B\u00fcrger,In den letzten Wochen gab es hinsichtlich der vielen verschiedenen Ein- und Ausreiseregelungen innerhalb unserer Euregio Rhein-Waal gro\u00dfe Verwirrung und Verunsicherung.Mit ein paar Klicks k\u00f6nnen Sie herausfinden, ob Ihre Reise ins Nachbarland Konsequenzen hat und ob Sie Ma\u00dfnahmen bei Ihrer R\u00fcckkehr treffen m\u00fcssen. Wir hoffen, [&hellip;]","og_url":"https:\/\/grenzinfo.eu\/erw\/crossing-borders\/","og_site_name":"Rhein-Waal","article_modified_time":"2020-12-09T15:52:03+00:00","twitter_card":"summary_large_image","twitter_misc":{"Gesch\u00e4tzte Lesezeit":"1\u00a0Minute"},"schema":{"@context":"https:\/\/schema.org","@graph":[{"@type":"WebPage","@id":"https:\/\/grenzinfo.eu\/erw\/crossing-borders\/","url":"https:\/\/grenzinfo.eu\/erw\/crossing-borders\/","name":"Crossing Borders - Rhein-Waal","isPartOf":{"@id":"https:\/\/grenzinfo.eu\/erw\/#website"},"datePublished":"2020-12-09T14:19:43+00:00","dateModified":"2020-12-09T15:52:03+00:00","breadcrumb":{"@id":"https:\/\/grenzinfo.eu\/erw\/crossing-borders\/#breadcrumb"},"inLanguage":"de","potentialAction":[{"@type":"ReadAction","target":["https:\/\/grenzinfo.eu\/erw\/crossing-borders\/"]}]},{"@type":"BreadcrumbList","@id":"https:\/\/grenzinfo.eu\/erw\/crossing-borders\/#breadcrumb","itemListElement":[{"@type":"ListItem","position":1,"name":"Home","item":"https:\/\/grenzinfo.eu\/erw\/"},{"@type":"ListItem","position":2,"name":"Crossing Borders"}]},{"@type":"WebSite","@id":"https:\/\/grenzinfo.eu\/erw\/#website","url":"https:\/\/grenzinfo.eu\/erw\/","name":"Rhein-Waal","description":"Grenzinfopunkt Rhein-Waal","potentialAction":[{"@type":"SearchAction","target":{"@type":"EntryPoint","urlTemplate":"https:\/\/grenzinfo.eu\/erw\/?s={search_term_string}"},"query-input":{"@type":"PropertyValueSpecification","valueRequired":true,"valueName":"search_term_string"}}],"inLanguage":"de"}]}},"lang":"de","translations":{"de":11842,"nl":11875},"pll_sync_post":[],"_links":{"self":[{"href":"https:\/\/grenzinfo.eu\/erw\/wp-json\/wp\/v2\/pages\/11842","targetHints":{"allow":["GET"]}}],"collection":[{"href":"https:\/\/grenzinfo.eu\/erw\/wp-json\/wp\/v2\/pages"}],"about":[{"href":"https:\/\/grenzinfo.eu\/erw\/wp-json\/wp\/v2\/types\/page"}],"author":[{"embeddable":true,"href":"https:\/\/grenzinfo.eu\/erw\/wp-json\/wp\/v2\/users\/1"}],"replies":[{"embeddable":true,"href":"https:\/\/grenzinfo.eu\/erw\/wp-json\/wp\/v2\/comments?post=11842"}],"version-history":[{"count":0,"href":"https:\/\/grenzinfo.eu\/erw\/wp-json\/wp\/v2\/pages\/11842\/revisions"}],"wp:attachment":[{"href":"https:\/\/grenzinfo.eu\/erw\/wp-json\/wp\/v2\/media?parent=11842"}],"curies":[{"name":"wp","href":"https:\/\/api.w.org\/{rel}","templated":true}]}}