{"id":4385,"date":"2018-11-18T13:22:40","date_gmt":"2018-11-18T12:22:40","guid":{"rendered":"https:\/\/grenzinfo.eu\/erw\/?page_id=4385"},"modified":"2026-04-08T10:51:40","modified_gmt":"2026-04-08T08:51:40","slug":"sprechtage","status":"publish","type":"page","link":"https:\/\/grenzinfo.eu\/erw\/sprechtage\/","title":{"rendered":"Sprechtage"},"content":{"rendered":"\t\t<div data-elementor-type=\"wp-post\" data-elementor-id=\"4385\" class=\"elementor elementor-4385\" data-elementor-post-type=\"page\">\n\t\t\t\t\t\t<section class=\"elementor-section elementor-top-section elementor-element elementor-element-94bb2ab elementor-section-boxed elementor-section-height-default elementor-section-height-default\" data-id=\"94bb2ab\" data-element_type=\"section\" data-e-type=\"section\">\n\t\t\t\t\t\t<div class=\"elementor-container elementor-column-gap-default\">\n\t\t\t\t\t<div class=\"elementor-column elementor-col-50 elementor-top-column elementor-element elementor-element-40355e5\" data-id=\"40355e5\" data-element_type=\"column\" data-e-type=\"column\">\n\t\t\t<div class=\"elementor-widget-wrap elementor-element-populated\">\n\t\t\t\t\t\t<div class=\"elementor-element elementor-element-fb65f68 elementor-widget elementor-widget-heading\" data-id=\"fb65f68\" data-element_type=\"widget\" data-e-type=\"widget\" data-widget_type=\"heading.default\">\n\t\t\t\t<div class=\"elementor-widget-container\">\n\t\t\t\t\t<h1 class=\"elementor-heading-title elementor-size-default\">Grenzg\u00e4nger-Sprechstunden<\/h1>\t\t\t\t<\/div>\n\t\t\t\t<\/div>\n\t\t\t\t<div class=\"elementor-element elementor-element-8347afa elementor-widget elementor-widget-text-editor\" data-id=\"8347afa\" data-element_type=\"widget\" data-e-type=\"widget\" data-widget_type=\"text-editor.default\">\n\t\t\t\t<div class=\"elementor-widget-container\">\n\t\t\t\t\t\t\t\t\t<h3>Pers\u00f6nliche Beratung f\u00fcr Grenzg\u00e4nger aus Deutschland und den Niederlanden<\/h3><p>Wir kl\u00e4ren Ihre Fragen zu Krankenversicherung und Rentenversicherung, Kindergeld und Elterngeld, Arbeitssuche und Arbeitsaufnahme, Steuerfragen und Umzug \u2013 in Zusammenarbeit mit Experten folgender Institutionen:<\/p><ul><li>Agentur f\u00fcr Arbeit Wesel<\/li><li>BDZ \u2013 Bureau voor Duitse Zaken der Sociale Verzekeringsbank<\/li><li>Belastingdienst<\/li><li>Deutsche Rentenversicherung Rheinland<\/li><li>Finanzamt Kleve<\/li><li>Gewerkschaften (DGB,CNV,FNV)<\/li><li>Krankenkasse Barmer\u00a0<\/li><li>Uitvoeringsinstituut Werknemersverzekeringen (UWV)<\/li><li>Jobcenter<\/li><\/ul><p>Einmal monatlich <strong>(jeden letzten Dienstag im Monat)<\/strong> findet von 9 bis 12.30 Uhr vor Ort (Euregio Forum der Euregio Rhein-Waal, Emmericher Stra\u00dfe 24, 47533 Kleve) gemeinsam mit den oben genannten Partnern eine Sprechstunde statt. Die Sprechstunde findet ohne vorherige Terminvereinbarung statt.\u00a0<\/p><p><a href=\"https:\/\/grenzinfo.eu\/wp-content\/uploads\/2025\/11\/GIP-Flyer_Sprechstunde26_6Seiter_DRUCK.pdf\">Hier finden Sie den GrenzInfoPunkt Flyer, mit allen Terminen und wichtigen Informationen.<\/a><\/p><p><strong>Die n\u00e4chsten Sprechstunden:<\/strong><\/p><ul><li>28. April 2026<\/li><li>26. Mai 2026<\/li><li>30. Juni 2026<\/li><li>29. September 2026<\/li><li>27. Oktober 2026<\/li><li>24. November 2026<\/li><\/ul>\t\t\t\t\t\t\t\t<\/div>\n\t\t\t\t<\/div>\n\t\t\t\t<div class=\"elementor-element elementor-element-eb59353 elementor-widget-divider--view-line elementor-widget elementor-widget-divider\" data-id=\"eb59353\" data-element_type=\"widget\" data-e-type=\"widget\" data-widget_type=\"divider.default\">\n\t\t\t\t<div class=\"elementor-widget-container\">\n\t\t\t\t\t\t\t<div class=\"elementor-divider\">\n\t\t\t<span class=\"elementor-divider-separator\">\n\t\t\t\t\t\t<\/span>\n\t\t<\/div>\n\t\t\t\t\t\t<\/div>\n\t\t\t\t<\/div>\n\t\t\t\t<div class=\"elementor-element elementor-element-227e5ff elementor-widget elementor-widget-text-editor\" data-id=\"227e5ff\" data-element_type=\"widget\" data-e-type=\"widget\" data-widget_type=\"text-editor.default\">\n\t\t\t\t<div class=\"elementor-widget-container\">\n\t\t\t\t\t\t\t\t\t<div><span style=\"font-size: 1rem\">Regelm\u00e4\u00dfige Sprechstunden unter Mitwirkung der Agentur f\u00fcr Arbeit und des UWV.<\/span><\/div>\n<p>Zweimal im Monat von 9 bis 13 Uhr&nbsp; \u2013&nbsp; <strong>mit vorheriger Terminvereinbarung an <a href=\"mailto:Wesel.Eures@arbeitsagentur.de\">Wesel.Eures@arbeitsagentur.de<\/a>.<\/strong><\/p>\n<p><strong>Die n\u00e4chsten Sprechstunden:<\/strong><\/p><ul>\n<li>23. April 2026 &#8211; findet statt beim UWV in Doetinchem<\/li>\n<li>07. Mai 2026 &#8211; findet statt bei der Agentur f\u00fcr Arbeit in Kleve<\/li>\n<li>21. Mai 2026 &#8211; findet statt beim UWV in Doetinchem<\/li>\n<li>11. Juni 2026 &#8211; findet statt bei der Agentur f\u00fcr Arbeit in Kleve<\/li>\n<li>25. Juni 2026 &#8211; findet statt beim UWV in Doetinchem<\/li>\n<li>09. Juli 2026 &#8211; findet statt bei der Agentur f\u00fcr Arbeit in Kleve<\/li>\n<li>23. Juli 2026 &#8211; findet statt beim UWV in Doetinchem<\/li>\n<li>13. August 2026 &#8211; findet statt bei der Agentur f\u00fcr Arbeit in Kleve<\/li>\n<li>20. August 2026 &#8211; findet statt beim UWV in Doetinchem<\/li>\n<\/ul>\t\t\t\t\t\t\t\t<\/div>\n\t\t\t\t<\/div>\n\t\t\t\t<div class=\"elementor-element elementor-element-a8fa867 elementor-widget-divider--view-line elementor-widget elementor-widget-divider\" data-id=\"a8fa867\" data-element_type=\"widget\" data-e-type=\"widget\" data-widget_type=\"divider.default\">\n\t\t\t\t<div class=\"elementor-widget-container\">\n\t\t\t\t\t\t\t<div class=\"elementor-divider\">\n\t\t\t<span class=\"elementor-divider-separator\">\n\t\t\t\t\t\t<\/span>\n\t\t<\/div>\n\t\t\t\t\t\t<\/div>\n\t\t\t\t<\/div>\n\t\t\t\t<div class=\"elementor-element elementor-element-2737571 elementor-widget elementor-widget-text-editor\" data-id=\"2737571\" data-element_type=\"widget\" data-e-type=\"widget\" data-widget_type=\"text-editor.default\">\n\t\t\t\t<div class=\"elementor-widget-container\">\n\t\t\t\t\t\t\t\t\t<h3>Gewerkschaftssprechstunden<\/h3><div><p><strong>Jeden Dienstag<\/strong>\u00a0findet von 10 bis 12.30 Uhr eine Gewerkschaftssprechstunde statt. Die Beratung erfolgt durch Vertreter von Fachverb\u00e4nden aus Deutschland und den Niederlanden. Sie unterst\u00fctzen die Arbeitnehmer in sozialen, wirtschaftlichen und kulturellen Fragen und versorgen sie mit Informationen \u00fcber die Arbeitsmarkt- und Sozialpolitik sowie \u00fcber Gesundheit und Sicherheit am Arbeitsplatz.<\/p><p><strong>Sie k\u00f6nnen sich zu dieser Sprechstunde per E-Mail an <a href=\"mailto:gip@euregio.org\">gip@euregio.org<\/a> oder telefonisch unter 02821 793079 anmelden.<\/strong><\/p><\/div>\t\t\t\t\t\t\t\t<\/div>\n\t\t\t\t<\/div>\n\t\t\t\t<section class=\"elementor-section elementor-inner-section elementor-element elementor-element-e90a267 elementor-section-boxed elementor-section-height-default elementor-section-height-default\" data-id=\"e90a267\" data-element_type=\"section\" data-e-type=\"section\">\n\t\t\t\t\t\t<div class=\"elementor-container elementor-column-gap-default\">\n\t\t\t\t\t<div class=\"elementor-column elementor-col-50 elementor-inner-column elementor-element elementor-element-d5fbdbf\" data-id=\"d5fbdbf\" data-element_type=\"column\" data-e-type=\"column\">\n\t\t\t<div class=\"elementor-widget-wrap elementor-element-populated\">\n\t\t\t\t\t\t\t<\/div>\n\t\t<\/div>\n\t\t\t\t<div class=\"elementor-column elementor-col-50 elementor-inner-column elementor-element elementor-element-a9dfbba\" data-id=\"a9dfbba\" data-element_type=\"column\" data-e-type=\"column\">\n\t\t\t<div class=\"elementor-widget-wrap elementor-element-populated\">\n\t\t\t\t\t\t\t<\/div>\n\t\t<\/div>\n\t\t\t\t\t<\/div>\n\t\t<\/section>\n\t\t\t\t\t<\/div>\n\t\t<\/div>\n\t\t\t\t<div class=\"elementor-column elementor-col-50 elementor-top-column elementor-element elementor-element-fed1f9e\" data-id=\"fed1f9e\" data-element_type=\"column\" data-e-type=\"column\" data-settings=\"{&quot;background_background&quot;:&quot;classic&quot;}\">\n\t\t\t<div class=\"elementor-widget-wrap elementor-element-populated\">\n\t\t\t\t\t\t<div class=\"elementor-element elementor-element-bd59ff4 elementor-share-buttons--view-icon elementor-grid-tablet-3 elementor-grid-mobile-0 elementor-share-buttons--skin-gradient elementor-share-buttons--shape-square elementor-grid-0 elementor-share-buttons--color-official elementor-widget elementor-widget-share-buttons\" data-id=\"bd59ff4\" data-element_type=\"widget\" data-e-type=\"widget\" data-widget_type=\"share-buttons.default\">\n\t\t\t\t<div class=\"elementor-widget-container\">\n\t\t\t\t\t\t\t<div class=\"elementor-grid\" role=\"list\">\n\t\t\t\t\t\t\t\t<div class=\"elementor-grid-item\" role=\"listitem\">\n\t\t\t\t\t\t<div class=\"elementor-share-btn elementor-share-btn_facebook\" role=\"button\" tabindex=\"0\" aria-label=\"Share on facebook\">\n\t\t\t\t\t\t\t\t\t\t\t\t\t\t\t<span class=\"elementor-share-btn__icon\">\n\t\t\t\t\t\t\t\t<i class=\"fab fa-facebook\" aria-hidden=\"true\"><\/i>\t\t\t\t\t\t\t<\/span>\n\t\t\t\t\t\t\t\t\t\t\t\t\t\t\t\t\t\t\t\t<\/div>\n\t\t\t\t\t<\/div>\n\t\t\t\t\t\t\t\t\t<div class=\"elementor-grid-item\" role=\"listitem\">\n\t\t\t\t\t\t<div class=\"elementor-share-btn elementor-share-btn_xing\" role=\"button\" tabindex=\"0\" aria-label=\"Share on xing\">\n\t\t\t\t\t\t\t\t\t\t\t\t\t\t\t<span class=\"elementor-share-btn__icon\">\n\t\t\t\t\t\t\t\t<i class=\"fab fa-xing\" aria-hidden=\"true\"><\/i>\t\t\t\t\t\t\t<\/span>\n\t\t\t\t\t\t\t\t\t\t\t\t\t\t\t\t\t\t\t\t<\/div>\n\t\t\t\t\t<\/div>\n\t\t\t\t\t\t\t\t\t<div class=\"elementor-grid-item\" role=\"listitem\">\n\t\t\t\t\t\t<div class=\"elementor-share-btn elementor-share-btn_linkedin\" role=\"button\" tabindex=\"0\" aria-label=\"Share on linkedin\">\n\t\t\t\t\t\t\t\t\t\t\t\t\t\t\t<span class=\"elementor-share-btn__icon\">\n\t\t\t\t\t\t\t\t<i class=\"fab fa-linkedin\" aria-hidden=\"true\"><\/i>\t\t\t\t\t\t\t<\/span>\n\t\t\t\t\t\t\t\t\t\t\t\t\t\t\t\t\t\t\t\t<\/div>\n\t\t\t\t\t<\/div>\n\t\t\t\t\t\t<\/div>\n\t\t\t\t\t\t<\/div>\n\t\t\t\t<\/div>\n\t\t\t\t<div class=\"elementor-element elementor-element-5726680 elementor-widget elementor-widget-heading\" data-id=\"5726680\" data-element_type=\"widget\" data-e-type=\"widget\" data-widget_type=\"heading.default\">\n\t\t\t\t<div class=\"elementor-widget-container\">\n\t\t\t\t\t<h3 class=\"elementor-heading-title elementor-size-default\">DEMN\u00c4CHST<\/h3>\t\t\t\t<\/div>\n\t\t\t\t<\/div>\n\t\t\t\t<div class=\"elementor-element elementor-element-9ded2ee elementor-widget elementor-widget-wp-widget-atl_finderbox_widget\" data-id=\"9ded2ee\" data-element_type=\"widget\" data-e-type=\"widget\" data-widget_type=\"wp-widget-atl_finderbox_widget.default\">\n\t\t\t\t<div class=\"elementor-widget-container\">\n\t\t\t\t\t        <div class=\"text-center bg-white p-4\">\n            <i class=\"fa fa-info-circle\" style=\"font-size: 66px\"><\/i>\n            <p>Grenzinfopunkte in Ihrer N\u00e4he<\/p>\n            <a href=\"https:\/\/grenzinfo.eu\/erw\/#finder\" class=\"btn btn-success px-4\"><i class=\"fa fa-chevron-right\"><\/i> <strong>Finder<\/strong><\/a>\n        <\/div>\n    \t\t\t\t<\/div>\n\t\t\t\t<\/div>\n\t\t\t\t\t<\/div>\n\t\t<\/div>\n\t\t\t\t\t<\/div>\n\t\t<\/section>\n\t\t\t\t<\/div>\n\t\t","protected":false},"excerpt":{"rendered":"<p>Grenzg\u00e4nger-Sprechstunden Pers\u00f6nliche Beratung f\u00fcr Grenzg\u00e4nger aus Deutschland und den Niederlanden Wir kl\u00e4ren Ihre Fragen zu Krankenversicherung und Rentenversicherung, Kindergeld und Elterngeld, Arbeitssuche und Arbeitsaufnahme, Steuerfragen und Umzug \u2013 in Zusammenarbeit mit Experten folgender Institutionen: Agentur f\u00fcr Arbeit Wesel BDZ \u2013 Bureau voor Duitse Zaken der Sociale Verzekeringsbank Belastingdienst Deutsche Rentenversicherung Rheinland Finanzamt Kleve Gewerkschaften (DGB,CNV,FNV) [&hellip;]<\/p>\n","protected":false},"author":1,"featured_media":0,"parent":0,"menu_order":0,"comment_status":"closed","ping_status":"closed","template":"","meta":{"_acf_changed":false,"footnotes":""},"class_list":["post-4385","page","type-page","status-publish","hentry"],"acf":[],"yoast_head":"<!-- This site is optimized with the Yoast SEO plugin v27.4 - https:\/\/yoast.com\/product\/yoast-seo-wordpress\/ -->\n<title>Sprechtage - Rhein-Waal<\/title>\n<meta name=\"robots\" content=\"index, follow, max-snippet:-1, max-image-preview:large, max-video-preview:-1\" \/>\n<link rel=\"canonical\" href=\"https:\/\/grenzinfo.eu\/erw\/sprechtage\/\" \/>\n<meta property=\"og:locale\" content=\"de_DE\" \/>\n<meta property=\"og:type\" content=\"article\" \/>\n<meta property=\"og:title\" content=\"Sprechtage - Rhein-Waal\" \/>\n<meta property=\"og:description\" content=\"Grenzg\u00e4nger-Sprechstunden Pers\u00f6nliche Beratung f\u00fcr Grenzg\u00e4nger aus Deutschland und den Niederlanden Wir kl\u00e4ren Ihre Fragen zu Krankenversicherung und Rentenversicherung, Kindergeld und Elterngeld, Arbeitssuche und Arbeitsaufnahme, Steuerfragen und Umzug \u2013 in Zusammenarbeit mit Experten folgender Institutionen: Agentur f\u00fcr Arbeit Wesel BDZ \u2013 Bureau voor Duitse Zaken der Sociale Verzekeringsbank Belastingdienst Deutsche Rentenversicherung Rheinland Finanzamt Kleve Gewerkschaften (DGB,CNV,FNV) [&hellip;]\" \/>\n<meta property=\"og:url\" content=\"https:\/\/grenzinfo.eu\/erw\/sprechtage\/\" \/>\n<meta property=\"og:site_name\" content=\"Rhein-Waal\" \/>\n<meta property=\"article:modified_time\" content=\"2026-04-08T08:51:40+00:00\" \/>\n<meta name=\"twitter:card\" content=\"summary_large_image\" \/>\n<meta name=\"twitter:label1\" content=\"Gesch\u00e4tzte Lesezeit\" \/>\n\t<meta name=\"twitter:data1\" content=\"2\u00a0Minuten\" \/>\n<script type=\"application\/ld+json\" class=\"yoast-schema-graph\">{\"@context\":\"https:\\\/\\\/schema.org\",\"@graph\":[{\"@type\":\"WebPage\",\"@id\":\"https:\\\/\\\/grenzinfo.eu\\\/erw\\\/sprechtage\\\/\",\"url\":\"https:\\\/\\\/grenzinfo.eu\\\/erw\\\/sprechtage\\\/\",\"name\":\"Sprechtage - Rhein-Waal\",\"isPartOf\":{\"@id\":\"https:\\\/\\\/grenzinfo.eu\\\/erw\\\/#website\"},\"datePublished\":\"2018-11-18T12:22:40+00:00\",\"dateModified\":\"2026-04-08T08:51:40+00:00\",\"breadcrumb\":{\"@id\":\"https:\\\/\\\/grenzinfo.eu\\\/erw\\\/sprechtage\\\/#breadcrumb\"},\"inLanguage\":\"de\",\"potentialAction\":[{\"@type\":\"ReadAction\",\"target\":[\"https:\\\/\\\/grenzinfo.eu\\\/erw\\\/sprechtage\\\/\"]}]},{\"@type\":\"BreadcrumbList\",\"@id\":\"https:\\\/\\\/grenzinfo.eu\\\/erw\\\/sprechtage\\\/#breadcrumb\",\"itemListElement\":[{\"@type\":\"ListItem\",\"position\":1,\"name\":\"Home\",\"item\":\"https:\\\/\\\/grenzinfo.eu\\\/erw\\\/\"},{\"@type\":\"ListItem\",\"position\":2,\"name\":\"Sprechtage\"}]},{\"@type\":\"WebSite\",\"@id\":\"https:\\\/\\\/grenzinfo.eu\\\/erw\\\/#website\",\"url\":\"https:\\\/\\\/grenzinfo.eu\\\/erw\\\/\",\"name\":\"Rhein-Waal\",\"description\":\"Grenzinfopunkt Rhein-Waal\",\"potentialAction\":[{\"@type\":\"SearchAction\",\"target\":{\"@type\":\"EntryPoint\",\"urlTemplate\":\"https:\\\/\\\/grenzinfo.eu\\\/erw\\\/?s={search_term_string}\"},\"query-input\":{\"@type\":\"PropertyValueSpecification\",\"valueRequired\":true,\"valueName\":\"search_term_string\"}}],\"inLanguage\":\"de\"}]}<\/script>\n<!-- \/ Yoast SEO plugin. -->","yoast_head_json":{"title":"Sprechtage - Rhein-Waal","robots":{"index":"index","follow":"follow","max-snippet":"max-snippet:-1","max-image-preview":"max-image-preview:large","max-video-preview":"max-video-preview:-1"},"canonical":"https:\/\/grenzinfo.eu\/erw\/sprechtage\/","og_locale":"de_DE","og_type":"article","og_title":"Sprechtage - Rhein-Waal","og_description":"Grenzg\u00e4nger-Sprechstunden Pers\u00f6nliche Beratung f\u00fcr Grenzg\u00e4nger aus Deutschland und den Niederlanden Wir kl\u00e4ren Ihre Fragen zu Krankenversicherung und Rentenversicherung, Kindergeld und Elterngeld, Arbeitssuche und Arbeitsaufnahme, Steuerfragen und Umzug \u2013 in Zusammenarbeit mit Experten folgender Institutionen: Agentur f\u00fcr Arbeit Wesel BDZ \u2013 Bureau voor Duitse Zaken der Sociale Verzekeringsbank Belastingdienst Deutsche Rentenversicherung Rheinland Finanzamt Kleve Gewerkschaften (DGB,CNV,FNV) [&hellip;]","og_url":"https:\/\/grenzinfo.eu\/erw\/sprechtage\/","og_site_name":"Rhein-Waal","article_modified_time":"2026-04-08T08:51:40+00:00","twitter_card":"summary_large_image","twitter_misc":{"Gesch\u00e4tzte Lesezeit":"2\u00a0Minuten"},"schema":{"@context":"https:\/\/schema.org","@graph":[{"@type":"WebPage","@id":"https:\/\/grenzinfo.eu\/erw\/sprechtage\/","url":"https:\/\/grenzinfo.eu\/erw\/sprechtage\/","name":"Sprechtage - Rhein-Waal","isPartOf":{"@id":"https:\/\/grenzinfo.eu\/erw\/#website"},"datePublished":"2018-11-18T12:22:40+00:00","dateModified":"2026-04-08T08:51:40+00:00","breadcrumb":{"@id":"https:\/\/grenzinfo.eu\/erw\/sprechtage\/#breadcrumb"},"inLanguage":"de","potentialAction":[{"@type":"ReadAction","target":["https:\/\/grenzinfo.eu\/erw\/sprechtage\/"]}]},{"@type":"BreadcrumbList","@id":"https:\/\/grenzinfo.eu\/erw\/sprechtage\/#breadcrumb","itemListElement":[{"@type":"ListItem","position":1,"name":"Home","item":"https:\/\/grenzinfo.eu\/erw\/"},{"@type":"ListItem","position":2,"name":"Sprechtage"}]},{"@type":"WebSite","@id":"https:\/\/grenzinfo.eu\/erw\/#website","url":"https:\/\/grenzinfo.eu\/erw\/","name":"Rhein-Waal","description":"Grenzinfopunkt Rhein-Waal","potentialAction":[{"@type":"SearchAction","target":{"@type":"EntryPoint","urlTemplate":"https:\/\/grenzinfo.eu\/erw\/?s={search_term_string}"},"query-input":{"@type":"PropertyValueSpecification","valueRequired":true,"valueName":"search_term_string"}}],"inLanguage":"de"}]}},"lang":"de","translations":{"de":4385,"nl":4395},"pll_sync_post":[],"_links":{"self":[{"href":"https:\/\/grenzinfo.eu\/erw\/wp-json\/wp\/v2\/pages\/4385","targetHints":{"allow":["GET"]}}],"collection":[{"href":"https:\/\/grenzinfo.eu\/erw\/wp-json\/wp\/v2\/pages"}],"about":[{"href":"https:\/\/grenzinfo.eu\/erw\/wp-json\/wp\/v2\/types\/page"}],"author":[{"embeddable":true,"href":"https:\/\/grenzinfo.eu\/erw\/wp-json\/wp\/v2\/users\/1"}],"replies":[{"embeddable":true,"href":"https:\/\/grenzinfo.eu\/erw\/wp-json\/wp\/v2\/comments?post=4385"}],"version-history":[{"count":28,"href":"https:\/\/grenzinfo.eu\/erw\/wp-json\/wp\/v2\/pages\/4385\/revisions"}],"predecessor-version":[{"id":15780,"href":"https:\/\/grenzinfo.eu\/erw\/wp-json\/wp\/v2\/pages\/4385\/revisions\/15780"}],"wp:attachment":[{"href":"https:\/\/grenzinfo.eu\/erw\/wp-json\/wp\/v2\/media?parent=4385"}],"curies":[{"name":"wp","href":"https:\/\/api.w.org\/{rel}","templated":true}]}}