{"id":9965,"date":"2019-02-16T23:24:29","date_gmt":"2019-02-16T22:24:29","guid":{"rendered":"https:\/\/grenzinfo.eu\/erw\/?page_id=9965"},"modified":"2025-01-27T12:45:14","modified_gmt":"2025-01-27T11:45:14","slug":"anfrage","status":"publish","type":"page","link":"https:\/\/grenzinfo.eu\/erw\/anfrage\/","title":{"rendered":"Anfrage"},"content":{"rendered":"\t\t<div data-elementor-type=\"wp-post\" data-elementor-id=\"9965\" class=\"elementor elementor-9965\" data-elementor-post-type=\"page\">\n\t\t\t\t\t\t<section class=\"elementor-section elementor-top-section elementor-element elementor-element-c61dc33 elementor-section-boxed elementor-section-height-default elementor-section-height-default\" data-id=\"c61dc33\" data-element_type=\"section\" data-e-type=\"section\">\n\t\t\t\t\t\t<div class=\"elementor-container elementor-column-gap-default\">\n\t\t\t\t\t<div class=\"elementor-column elementor-col-50 elementor-top-column elementor-element elementor-element-5d9e0e9\" data-id=\"5d9e0e9\" data-element_type=\"column\" data-e-type=\"column\">\n\t\t\t<div class=\"elementor-widget-wrap elementor-element-populated\">\n\t\t\t\t\t\t<div class=\"elementor-element elementor-element-f629cb1 elementor-widget elementor-widget-heading\" data-id=\"f629cb1\" data-element_type=\"widget\" data-e-type=\"widget\" data-widget_type=\"heading.default\">\n\t\t\t\t<div class=\"elementor-widget-container\">\n\t\t\t\t\t<h2 class=\"elementor-heading-title elementor-size-default\">Anfrage<\/h2>\t\t\t\t<\/div>\n\t\t\t\t<\/div>\n\t\t\t\t<div class=\"elementor-element elementor-element-9f0068f elementor-widget-divider--view-line elementor-widget elementor-widget-divider\" data-id=\"9f0068f\" data-element_type=\"widget\" data-e-type=\"widget\" data-widget_type=\"divider.default\">\n\t\t\t\t<div class=\"elementor-widget-container\">\n\t\t\t\t\t\t\t<div class=\"elementor-divider\">\n\t\t\t<span class=\"elementor-divider-separator\">\n\t\t\t\t\t\t<\/span>\n\t\t<\/div>\n\t\t\t\t\t\t<\/div>\n\t\t\t\t<\/div>\n\t\t\t\t<div class=\"elementor-element elementor-element-1119d6b elementor-widget elementor-widget-text-editor\" data-id=\"1119d6b\" data-element_type=\"widget\" data-e-type=\"widget\" data-widget_type=\"text-editor.default\">\n\t\t\t\t<div class=\"elementor-widget-container\">\n\t\t\t\t\t\t\t\t\t<p>\u00dcber unser Anfrageformular k\u00f6nnen Sie einfach und bequem Ihre Fragen stellen.<br \/>Die Daten, die Sie im Formular angeben k\u00f6nnen, werden von uns selbstverst\u00e4ndlich vertraulich behandelt und nicht ohne Ihre Zustimmung an Dritte weitergegeben. Ihre Kontaktdaten werden lediglich ben\u00f6tigt, damit wir Kontakt zu Ihnen aufnehmen k\u00f6nnen.<\/p><p>Wenn Sie den Fragebogen vollst\u00e4ndig ausf\u00fcllen, erleichtern Sie unseren Beratern die Beantwortung Ihrer Anfrage.<\/p><p><strong>Wir m\u00f6chten Sie bitten, auch Ihre Telefonnummer anzugeben. Denn h\u00e4ufig besteht noch weiterer Kl\u00e4rungsbedarf im Hinblick auf Ihre Anfrage. Daher w\u00e4re Ihre Telefonnummer n\u00fctzlich f\u00fcr uns, um Sie schnell kontaktieren zu k\u00f6nnen.<\/strong><\/p><p><strong>\u00a0<\/strong><\/p>\t\t\t\t\t\t\t\t<\/div>\n\t\t\t\t<\/div>\n\t\t\t\t<div class=\"elementor-element elementor-element-bc99b83 elementor-widget elementor-widget-shortcode\" data-id=\"bc99b83\" data-element_type=\"widget\" data-e-type=\"widget\" data-widget_type=\"shortcode.default\">\n\t\t\t\t<div class=\"elementor-widget-container\">\n\t\t\t\t\t\t\t<div class=\"elementor-shortcode\"><iframe class=\"cl-iframe\" src=\"https:\/\/crm.grenzinfo.eu\/erw\/public\/_new?lang=de\" height=\"1500\" width=\"100%\" scrolling=\"yes\" class=\"cl-iframe\" frameborder=\"0\" adjust_to_content=\"1\"><\/iframe>\n<\/div>\n\t\t\t\t\t\t<\/div>\n\t\t\t\t<\/div>\n\t\t\t\t<div class=\"elementor-element elementor-element-fddfcac elementor-widget elementor-widget-text-editor\" data-id=\"fddfcac\" data-element_type=\"widget\" data-e-type=\"widget\" data-widget_type=\"text-editor.default\">\n\t\t\t\t<div class=\"elementor-widget-container\">\n\t\t\t\t\t\t\t\t\t<p><sup>Alle Informationen wurden f\u00fcr Sie durch die Mitarbeiter des GIP mit gr\u00f6\u00dfter Sorgfalt nach bestem Wissen und Gewissen zusammengestellt; trotz sorgf\u00e4ltiger Pr\u00fcfung \u00fcbernehmen wir f\u00fcr die Richtigkeit dieser Angaben keine Gew\u00e4hr.<\/sup><\/p>\t\t\t\t\t\t\t\t<\/div>\n\t\t\t\t<\/div>\n\t\t\t\t\t<\/div>\n\t\t<\/div>\n\t\t\t\t<div class=\"elementor-column elementor-col-50 elementor-top-column elementor-element elementor-element-61a2d56\" data-id=\"61a2d56\" data-element_type=\"column\" data-e-type=\"column\" data-settings=\"{&quot;background_background&quot;:&quot;classic&quot;}\">\n\t\t\t<div class=\"elementor-widget-wrap elementor-element-populated\">\n\t\t\t\t\t\t<div class=\"elementor-element elementor-element-dbc668a elementor-share-buttons--view-icon elementor-grid-tablet-3 elementor-grid-mobile-0 elementor-share-buttons--skin-gradient elementor-share-buttons--shape-square elementor-grid-0 elementor-share-buttons--color-official elementor-widget elementor-widget-share-buttons\" data-id=\"dbc668a\" data-element_type=\"widget\" data-e-type=\"widget\" data-widget_type=\"share-buttons.default\">\n\t\t\t\t<div class=\"elementor-widget-container\">\n\t\t\t\t\t\t\t<div class=\"elementor-grid\" role=\"list\">\n\t\t\t\t\t\t\t\t<div class=\"elementor-grid-item\" role=\"listitem\">\n\t\t\t\t\t\t<div class=\"elementor-share-btn elementor-share-btn_facebook\" role=\"button\" tabindex=\"0\" aria-label=\"Share on facebook\">\n\t\t\t\t\t\t\t\t\t\t\t\t\t\t\t<span class=\"elementor-share-btn__icon\">\n\t\t\t\t\t\t\t\t<i class=\"fab fa-facebook\" aria-hidden=\"true\"><\/i>\t\t\t\t\t\t\t<\/span>\n\t\t\t\t\t\t\t\t\t\t\t\t\t\t\t\t\t\t\t\t<\/div>\n\t\t\t\t\t<\/div>\n\t\t\t\t\t\t\t\t\t<div class=\"elementor-grid-item\" role=\"listitem\">\n\t\t\t\t\t\t<div class=\"elementor-share-btn elementor-share-btn_xing\" role=\"button\" tabindex=\"0\" aria-label=\"Share on xing\">\n\t\t\t\t\t\t\t\t\t\t\t\t\t\t\t<span class=\"elementor-share-btn__icon\">\n\t\t\t\t\t\t\t\t<i class=\"fab fa-xing\" aria-hidden=\"true\"><\/i>\t\t\t\t\t\t\t<\/span>\n\t\t\t\t\t\t\t\t\t\t\t\t\t\t\t\t\t\t\t\t<\/div>\n\t\t\t\t\t<\/div>\n\t\t\t\t\t\t\t\t\t<div class=\"elementor-grid-item\" role=\"listitem\">\n\t\t\t\t\t\t<div class=\"elementor-share-btn elementor-share-btn_linkedin\" role=\"button\" tabindex=\"0\" aria-label=\"Share on linkedin\">\n\t\t\t\t\t\t\t\t\t\t\t\t\t\t\t<span class=\"elementor-share-btn__icon\">\n\t\t\t\t\t\t\t\t<i class=\"fab fa-linkedin\" aria-hidden=\"true\"><\/i>\t\t\t\t\t\t\t<\/span>\n\t\t\t\t\t\t\t\t\t\t\t\t\t\t\t\t\t\t\t\t<\/div>\n\t\t\t\t\t<\/div>\n\t\t\t\t\t\t<\/div>\n\t\t\t\t\t\t<\/div>\n\t\t\t\t<\/div>\n\t\t\t\t<div class=\"elementor-element elementor-element-3d2fd18 elementor-widget elementor-widget-heading\" data-id=\"3d2fd18\" data-element_type=\"widget\" data-e-type=\"widget\" data-widget_type=\"heading.default\">\n\t\t\t\t<div class=\"elementor-widget-container\">\n\t\t\t\t\t<h3 class=\"elementor-heading-title elementor-size-default\">DEMN\u00c4CHST<\/h3>\t\t\t\t<\/div>\n\t\t\t\t<\/div>\n\t\t\t\t<div class=\"elementor-element elementor-element-a581b40 elementor-widget elementor-widget-wp-widget-atl_finderbox_widget\" data-id=\"a581b40\" data-element_type=\"widget\" data-e-type=\"widget\" data-widget_type=\"wp-widget-atl_finderbox_widget.default\">\n\t\t\t\t<div class=\"elementor-widget-container\">\n\t\t\t\t\t        <div class=\"text-center bg-white p-4\">\n            <i class=\"fa fa-info-circle\" style=\"font-size: 66px\"><\/i>\n            <p>Grenzinfopunkte in Ihrer N\u00e4he<\/p>\n            <a href=\"https:\/\/grenzinfo.eu\/erw\/#finder\" class=\"btn btn-success px-4\"><i class=\"fa fa-chevron-right\"><\/i> <strong>Finder<\/strong><\/a>\n        <\/div>\n    \t\t\t\t<\/div>\n\t\t\t\t<\/div>\n\t\t\t\t\t<\/div>\n\t\t<\/div>\n\t\t\t\t\t<\/div>\n\t\t<\/section>\n\t\t\t\t<\/div>\n\t\t","protected":false},"excerpt":{"rendered":"<p>Anfrage \u00dcber unser Anfrageformular k\u00f6nnen Sie einfach und bequem Ihre Fragen stellen.Die Daten, die Sie im Formular angeben k\u00f6nnen, werden von uns selbstverst\u00e4ndlich vertraulich behandelt und nicht ohne Ihre Zustimmung an Dritte weitergegeben. Ihre Kontaktdaten werden lediglich ben\u00f6tigt, damit wir Kontakt zu Ihnen aufnehmen k\u00f6nnen. Wenn Sie den Fragebogen vollst\u00e4ndig ausf\u00fcllen, erleichtern Sie unseren Beratern [&hellip;]<\/p>\n","protected":false},"author":1,"featured_media":0,"parent":0,"menu_order":0,"comment_status":"closed","ping_status":"closed","template":"","meta":{"_acf_changed":false,"footnotes":""},"class_list":["post-9965","page","type-page","status-publish","hentry"],"acf":[],"yoast_head":"<!-- This site is optimized with the Yoast SEO plugin v27.3 - https:\/\/yoast.com\/product\/yoast-seo-wordpress\/ -->\n<title>Anfrage - Rhein-Waal<\/title>\n<meta name=\"robots\" content=\"index, follow, max-snippet:-1, max-image-preview:large, max-video-preview:-1\" \/>\n<link rel=\"canonical\" href=\"https:\/\/grenzinfo.eu\/erw\/anfrage\/\" \/>\n<meta property=\"og:locale\" content=\"de_DE\" \/>\n<meta property=\"og:type\" content=\"article\" \/>\n<meta property=\"og:title\" content=\"Anfrage - Rhein-Waal\" \/>\n<meta property=\"og:description\" content=\"Anfrage \u00dcber unser Anfrageformular k\u00f6nnen Sie einfach und bequem Ihre Fragen stellen.Die Daten, die Sie im Formular angeben k\u00f6nnen, werden von uns selbstverst\u00e4ndlich vertraulich behandelt und nicht ohne Ihre Zustimmung an Dritte weitergegeben. Ihre Kontaktdaten werden lediglich ben\u00f6tigt, damit wir Kontakt zu Ihnen aufnehmen k\u00f6nnen. Wenn Sie den Fragebogen vollst\u00e4ndig ausf\u00fcllen, erleichtern Sie unseren Beratern [&hellip;]\" \/>\n<meta property=\"og:url\" content=\"https:\/\/grenzinfo.eu\/erw\/anfrage\/\" \/>\n<meta property=\"og:site_name\" content=\"Rhein-Waal\" \/>\n<meta property=\"article:modified_time\" content=\"2025-01-27T11:45:14+00:00\" \/>\n<meta name=\"twitter:card\" content=\"summary_large_image\" \/>\n<meta name=\"twitter:label1\" content=\"Gesch\u00e4tzte Lesezeit\" \/>\n\t<meta name=\"twitter:data1\" content=\"1\u00a0Minute\" \/>\n<script type=\"application\/ld+json\" class=\"yoast-schema-graph\">{\"@context\":\"https:\\\/\\\/schema.org\",\"@graph\":[{\"@type\":\"WebPage\",\"@id\":\"https:\\\/\\\/grenzinfo.eu\\\/erw\\\/anfrage\\\/\",\"url\":\"https:\\\/\\\/grenzinfo.eu\\\/erw\\\/anfrage\\\/\",\"name\":\"Anfrage - Rhein-Waal\",\"isPartOf\":{\"@id\":\"https:\\\/\\\/grenzinfo.eu\\\/erw\\\/#website\"},\"datePublished\":\"2019-02-16T22:24:29+00:00\",\"dateModified\":\"2025-01-27T11:45:14+00:00\",\"breadcrumb\":{\"@id\":\"https:\\\/\\\/grenzinfo.eu\\\/erw\\\/anfrage\\\/#breadcrumb\"},\"inLanguage\":\"de\",\"potentialAction\":[{\"@type\":\"ReadAction\",\"target\":[\"https:\\\/\\\/grenzinfo.eu\\\/erw\\\/anfrage\\\/\"]}]},{\"@type\":\"BreadcrumbList\",\"@id\":\"https:\\\/\\\/grenzinfo.eu\\\/erw\\\/anfrage\\\/#breadcrumb\",\"itemListElement\":[{\"@type\":\"ListItem\",\"position\":1,\"name\":\"Home\",\"item\":\"https:\\\/\\\/grenzinfo.eu\\\/erw\\\/\"},{\"@type\":\"ListItem\",\"position\":2,\"name\":\"Anfrage\"}]},{\"@type\":\"WebSite\",\"@id\":\"https:\\\/\\\/grenzinfo.eu\\\/erw\\\/#website\",\"url\":\"https:\\\/\\\/grenzinfo.eu\\\/erw\\\/\",\"name\":\"Rhein-Waal\",\"description\":\"Grenzinfopunkt Rhein-Waal\",\"potentialAction\":[{\"@type\":\"SearchAction\",\"target\":{\"@type\":\"EntryPoint\",\"urlTemplate\":\"https:\\\/\\\/grenzinfo.eu\\\/erw\\\/?s={search_term_string}\"},\"query-input\":{\"@type\":\"PropertyValueSpecification\",\"valueRequired\":true,\"valueName\":\"search_term_string\"}}],\"inLanguage\":\"de\"}]}<\/script>\n<!-- \/ Yoast SEO plugin. -->","yoast_head_json":{"title":"Anfrage - Rhein-Waal","robots":{"index":"index","follow":"follow","max-snippet":"max-snippet:-1","max-image-preview":"max-image-preview:large","max-video-preview":"max-video-preview:-1"},"canonical":"https:\/\/grenzinfo.eu\/erw\/anfrage\/","og_locale":"de_DE","og_type":"article","og_title":"Anfrage - Rhein-Waal","og_description":"Anfrage \u00dcber unser Anfrageformular k\u00f6nnen Sie einfach und bequem Ihre Fragen stellen.Die Daten, die Sie im Formular angeben k\u00f6nnen, werden von uns selbstverst\u00e4ndlich vertraulich behandelt und nicht ohne Ihre Zustimmung an Dritte weitergegeben. Ihre Kontaktdaten werden lediglich ben\u00f6tigt, damit wir Kontakt zu Ihnen aufnehmen k\u00f6nnen. Wenn Sie den Fragebogen vollst\u00e4ndig ausf\u00fcllen, erleichtern Sie unseren Beratern [&hellip;]","og_url":"https:\/\/grenzinfo.eu\/erw\/anfrage\/","og_site_name":"Rhein-Waal","article_modified_time":"2025-01-27T11:45:14+00:00","twitter_card":"summary_large_image","twitter_misc":{"Gesch\u00e4tzte Lesezeit":"1\u00a0Minute"},"schema":{"@context":"https:\/\/schema.org","@graph":[{"@type":"WebPage","@id":"https:\/\/grenzinfo.eu\/erw\/anfrage\/","url":"https:\/\/grenzinfo.eu\/erw\/anfrage\/","name":"Anfrage - Rhein-Waal","isPartOf":{"@id":"https:\/\/grenzinfo.eu\/erw\/#website"},"datePublished":"2019-02-16T22:24:29+00:00","dateModified":"2025-01-27T11:45:14+00:00","breadcrumb":{"@id":"https:\/\/grenzinfo.eu\/erw\/anfrage\/#breadcrumb"},"inLanguage":"de","potentialAction":[{"@type":"ReadAction","target":["https:\/\/grenzinfo.eu\/erw\/anfrage\/"]}]},{"@type":"BreadcrumbList","@id":"https:\/\/grenzinfo.eu\/erw\/anfrage\/#breadcrumb","itemListElement":[{"@type":"ListItem","position":1,"name":"Home","item":"https:\/\/grenzinfo.eu\/erw\/"},{"@type":"ListItem","position":2,"name":"Anfrage"}]},{"@type":"WebSite","@id":"https:\/\/grenzinfo.eu\/erw\/#website","url":"https:\/\/grenzinfo.eu\/erw\/","name":"Rhein-Waal","description":"Grenzinfopunkt Rhein-Waal","potentialAction":[{"@type":"SearchAction","target":{"@type":"EntryPoint","urlTemplate":"https:\/\/grenzinfo.eu\/erw\/?s={search_term_string}"},"query-input":{"@type":"PropertyValueSpecification","valueRequired":true,"valueName":"search_term_string"}}],"inLanguage":"de"}]}},"lang":"de","translations":{"de":9965,"nl":9974},"pll_sync_post":[],"_links":{"self":[{"href":"https:\/\/grenzinfo.eu\/erw\/wp-json\/wp\/v2\/pages\/9965","targetHints":{"allow":["GET"]}}],"collection":[{"href":"https:\/\/grenzinfo.eu\/erw\/wp-json\/wp\/v2\/pages"}],"about":[{"href":"https:\/\/grenzinfo.eu\/erw\/wp-json\/wp\/v2\/types\/page"}],"author":[{"embeddable":true,"href":"https:\/\/grenzinfo.eu\/erw\/wp-json\/wp\/v2\/users\/1"}],"replies":[{"embeddable":true,"href":"https:\/\/grenzinfo.eu\/erw\/wp-json\/wp\/v2\/comments?post=9965"}],"version-history":[{"count":10,"href":"https:\/\/grenzinfo.eu\/erw\/wp-json\/wp\/v2\/pages\/9965\/revisions"}],"predecessor-version":[{"id":13857,"href":"https:\/\/grenzinfo.eu\/erw\/wp-json\/wp\/v2\/pages\/9965\/revisions\/13857"}],"wp:attachment":[{"href":"https:\/\/grenzinfo.eu\/erw\/wp-json\/wp\/v2\/media?parent=9965"}],"curies":[{"name":"wp","href":"https:\/\/api.w.org\/{rel}","templated":true}]}}