{"id":11137,"date":"2019-03-11T16:53:41","date_gmt":"2019-03-11T15:53:41","guid":{"rendered":"https:\/\/grenzinfo.eu\/eur\/?page_id=11137"},"modified":"2021-03-25T14:00:00","modified_gmt":"2021-03-25T13:00:00","slug":"projekt","status":"publish","type":"page","link":"https:\/\/grenzinfo.eu\/eur\/projekt\/","title":{"rendered":"Projekt"},"content":{"rendered":"\t\t<div data-elementor-type=\"wp-page\" data-elementor-id=\"11137\" class=\"elementor elementor-11137\" data-elementor-post-type=\"page\">\n\t\t\t\t\t\t<section class=\"elementor-section elementor-top-section elementor-element elementor-element-d5dc6c9 elementor-section-boxed elementor-section-height-default elementor-section-height-default\" data-id=\"d5dc6c9\" data-element_type=\"section\" data-e-type=\"section\">\n\t\t\t\t\t\t<div class=\"elementor-container elementor-column-gap-default\">\n\t\t\t\t\t<div class=\"elementor-column elementor-col-100 elementor-top-column elementor-element elementor-element-9ff2934\" data-id=\"9ff2934\" data-element_type=\"column\" data-e-type=\"column\">\n\t\t\t<div class=\"elementor-widget-wrap elementor-element-populated\">\n\t\t\t\t\t\t<div class=\"elementor-element elementor-element-b34185f elementor-widget elementor-widget-heading\" data-id=\"b34185f\" data-element_type=\"widget\" data-e-type=\"widget\" data-widget_type=\"heading.default\">\n\t\t\t\t<div class=\"elementor-widget-container\">\n\t\t\t\t\t<h2 class=\"elementor-heading-title elementor-size-default\">Projekt<\/h2>\t\t\t\t<\/div>\n\t\t\t\t<\/div>\n\t\t\t\t\t<\/div>\n\t\t<\/div>\n\t\t\t\t\t<\/div>\n\t\t<\/section>\n\t\t\t\t<section class=\"elementor-section elementor-top-section elementor-element elementor-element-42051ad elementor-section-boxed elementor-section-height-default elementor-section-height-default\" data-id=\"42051ad\" data-element_type=\"section\" data-e-type=\"section\">\n\t\t\t\t\t\t<div class=\"elementor-container elementor-column-gap-default\">\n\t\t\t\t\t<div class=\"elementor-column elementor-col-66 elementor-top-column elementor-element elementor-element-bf0de69\" data-id=\"bf0de69\" data-element_type=\"column\" data-e-type=\"column\">\n\t\t\t<div class=\"elementor-widget-wrap elementor-element-populated\">\n\t\t\t\t\t\t<div class=\"elementor-element elementor-element-31364d4 elementor-widget elementor-widget-image\" data-id=\"31364d4\" data-element_type=\"widget\" data-e-type=\"widget\" data-widget_type=\"image.default\">\n\t\t\t\t<div class=\"elementor-widget-container\">\n\t\t\t\t\t\t\t\t\t\t\t\t\t\t\t<img fetchpriority=\"high\" decoding=\"async\" width=\"800\" height=\"547\" src=\"https:\/\/grenzinfo.eu\/eur\/wp-content\/uploads\/sites\/5\/2021\/03\/Cofinanciers-GIP-EUREGIO-1-1024x700.jpg\" class=\"attachment-large size-large wp-image-13227\" alt=\"\" srcset=\"https:\/\/grenzinfo.eu\/eur\/wp-content\/uploads\/sites\/5\/2021\/03\/Cofinanciers-GIP-EUREGIO-1-1024x700.jpg 1024w, https:\/\/grenzinfo.eu\/eur\/wp-content\/uploads\/sites\/5\/2021\/03\/Cofinanciers-GIP-EUREGIO-1-300x205.jpg 300w, https:\/\/grenzinfo.eu\/eur\/wp-content\/uploads\/sites\/5\/2021\/03\/Cofinanciers-GIP-EUREGIO-1-768x525.jpg 768w, https:\/\/grenzinfo.eu\/eur\/wp-content\/uploads\/sites\/5\/2021\/03\/Cofinanciers-GIP-EUREGIO-1.jpg 1142w\" sizes=\"(max-width: 800px) 100vw, 800px\" \/>\t\t\t\t\t\t\t\t\t\t\t\t\t\t\t<\/div>\n\t\t\t\t<\/div>\n\t\t\t\t\t<\/div>\n\t\t<\/div>\n\t\t\t\t<div class=\"elementor-column elementor-col-33 elementor-top-column elementor-element elementor-element-26a91fb\" data-id=\"26a91fb\" data-element_type=\"column\" data-e-type=\"column\">\n\t\t\t<div class=\"elementor-widget-wrap elementor-element-populated\">\n\t\t\t\t\t\t<div class=\"elementor-element elementor-element-b086365 elementor-widget elementor-widget-text-editor\" data-id=\"b086365\" data-element_type=\"widget\" data-e-type=\"widget\" data-widget_type=\"text-editor.default\">\n\t\t\t\t<div class=\"elementor-widget-container\">\n\t\t\t\t\t\t\t\t\t<p>Der GrenzInfoPunkt EUREGIO wird finanziert von die niederl\u00e4ndische Ministerium f\u00fcr Soziale angelegenheiten und Arbeit, Provinzen Gelderland und Overijssel, das Nieders\u00e4chsiche Ministerium f\u00fcr Bundes- und Europaangelegenheiten und Regionale Entwicklung und das Ministerium f\u00fcr Bundes- und Europaangelegenheiten sowie Internationales des Landes Nordrhein-Westfalen sowie die (Land-) Kreise Borken, Emsland, Grafschaft-Bentheim und Steinfurt, die Regios Twente und Achterhoek , die Gemeinde Hardenberg und die EUREGIO.<\/p>\t\t\t\t\t\t\t\t<\/div>\n\t\t\t\t<\/div>\n\t\t\t\t\t<\/div>\n\t\t<\/div>\n\t\t\t\t\t<\/div>\n\t\t<\/section>\n\t\t\t\t<\/div>\n\t\t","protected":false},"excerpt":{"rendered":"<p>Projekt Der GrenzInfoPunkt EUREGIO wird finanziert von die niederl\u00e4ndische Ministerium f\u00fcr Soziale angelegenheiten und Arbeit, Provinzen Gelderland und Overijssel, das Nieders\u00e4chsiche Ministerium f\u00fcr Bundes- und Europaangelegenheiten und Regionale Entwicklung und das Ministerium f\u00fcr Bundes- und Europaangelegenheiten sowie Internationales des Landes Nordrhein-Westfalen sowie die (Land-) Kreise Borken, Emsland, Grafschaft-Bentheim und Steinfurt, die Regios Twente und Achterhoek [&hellip;]<\/p>\n","protected":false},"author":4,"featured_media":0,"parent":0,"menu_order":0,"comment_status":"closed","ping_status":"closed","template":"","meta":{"_acf_changed":false,"footnotes":""},"class_list":["post-11137","page","type-page","status-publish","hentry"],"acf":[],"yoast_head":"<!-- This site is optimized with the Yoast SEO plugin v27.4 - https:\/\/yoast.com\/product\/yoast-seo-wordpress\/ -->\n<title>Projekt - EUREGIO<\/title>\n<meta name=\"description\" content=\"Das Projekt Grenzinfopunkt EUREGIO wird im Rahmen des INTERREG V A-Programms Deutschland-Nederland mit Mitteln des EFRE kofinanziert.\" \/>\n<meta name=\"robots\" content=\"index, follow, max-snippet:-1, max-image-preview:large, max-video-preview:-1\" \/>\n<link rel=\"canonical\" href=\"https:\/\/grenzinfo.eu\/eur\/projekt\/\" \/>\n<meta property=\"og:locale\" content=\"de_DE\" \/>\n<meta property=\"og:type\" content=\"article\" \/>\n<meta property=\"og:title\" content=\"Projekt - EUREGIO\" \/>\n<meta property=\"og:description\" content=\"Das Projekt Grenzinfopunkt EUREGIO wird im Rahmen des INTERREG V A-Programms Deutschland-Nederland mit Mitteln des EFRE kofinanziert.\" \/>\n<meta property=\"og:url\" content=\"https:\/\/grenzinfo.eu\/eur\/projekt\/\" \/>\n<meta property=\"og:site_name\" content=\"EUREGIO\" \/>\n<meta property=\"article:modified_time\" content=\"2021-03-25T13:00:00+00:00\" \/>\n<meta property=\"og:image\" content=\"https:\/\/grenzinfo.eu\/eur\/wp-content\/uploads\/sites\/5\/2021\/03\/Cofinanciers-GIP-EUREGIO-1-1024x700.jpg\" \/>\n<meta name=\"twitter:card\" content=\"summary_large_image\" \/>\n<meta name=\"twitter:label1\" content=\"Gesch\u00e4tzte Lesezeit\" \/>\n\t<meta name=\"twitter:data1\" content=\"1\u00a0Minute\" \/>\n<script type=\"application\/ld+json\" class=\"yoast-schema-graph\">{\"@context\":\"https:\\\/\\\/schema.org\",\"@graph\":[{\"@type\":\"WebPage\",\"@id\":\"https:\\\/\\\/grenzinfo.eu\\\/eur\\\/projekt\\\/\",\"url\":\"https:\\\/\\\/grenzinfo.eu\\\/eur\\\/projekt\\\/\",\"name\":\"Projekt - EUREGIO\",\"isPartOf\":{\"@id\":\"https:\\\/\\\/grenzinfo.eu\\\/eur\\\/#website\"},\"primaryImageOfPage\":{\"@id\":\"https:\\\/\\\/grenzinfo.eu\\\/eur\\\/projekt\\\/#primaryimage\"},\"image\":{\"@id\":\"https:\\\/\\\/grenzinfo.eu\\\/eur\\\/projekt\\\/#primaryimage\"},\"thumbnailUrl\":\"https:\\\/\\\/grenzinfo.eu\\\/eur\\\/wp-content\\\/uploads\\\/sites\\\/5\\\/2021\\\/03\\\/Cofinanciers-GIP-EUREGIO-1-1024x700.jpg\",\"datePublished\":\"2019-03-11T15:53:41+00:00\",\"dateModified\":\"2021-03-25T13:00:00+00:00\",\"description\":\"Das Projekt Grenzinfopunkt EUREGIO wird im Rahmen des INTERREG V A-Programms Deutschland-Nederland mit Mitteln des EFRE kofinanziert.\",\"breadcrumb\":{\"@id\":\"https:\\\/\\\/grenzinfo.eu\\\/eur\\\/projekt\\\/#breadcrumb\"},\"inLanguage\":\"de\",\"potentialAction\":[{\"@type\":\"ReadAction\",\"target\":[\"https:\\\/\\\/grenzinfo.eu\\\/eur\\\/projekt\\\/\"]}]},{\"@type\":\"ImageObject\",\"inLanguage\":\"de\",\"@id\":\"https:\\\/\\\/grenzinfo.eu\\\/eur\\\/projekt\\\/#primaryimage\",\"url\":\"https:\\\/\\\/grenzinfo.eu\\\/eur\\\/wp-content\\\/uploads\\\/sites\\\/5\\\/2021\\\/03\\\/Cofinanciers-GIP-EUREGIO-1.jpg\",\"contentUrl\":\"https:\\\/\\\/grenzinfo.eu\\\/eur\\\/wp-content\\\/uploads\\\/sites\\\/5\\\/2021\\\/03\\\/Cofinanciers-GIP-EUREGIO-1.jpg\",\"width\":1142,\"height\":781},{\"@type\":\"BreadcrumbList\",\"@id\":\"https:\\\/\\\/grenzinfo.eu\\\/eur\\\/projekt\\\/#breadcrumb\",\"itemListElement\":[{\"@type\":\"ListItem\",\"position\":1,\"name\":\"Home\",\"item\":\"https:\\\/\\\/grenzinfo.eu\\\/eur\\\/\"},{\"@type\":\"ListItem\",\"position\":2,\"name\":\"Projekt\"}]},{\"@type\":\"WebSite\",\"@id\":\"https:\\\/\\\/grenzinfo.eu\\\/eur\\\/#website\",\"url\":\"https:\\\/\\\/grenzinfo.eu\\\/eur\\\/\",\"name\":\"EUREGIO\",\"description\":\"Grenzinfopunkt EUREGIO\",\"potentialAction\":[{\"@type\":\"SearchAction\",\"target\":{\"@type\":\"EntryPoint\",\"urlTemplate\":\"https:\\\/\\\/grenzinfo.eu\\\/eur\\\/?s={search_term_string}\"},\"query-input\":{\"@type\":\"PropertyValueSpecification\",\"valueRequired\":true,\"valueName\":\"search_term_string\"}}],\"inLanguage\":\"de\"}]}<\/script>\n<!-- \/ Yoast SEO plugin. -->","yoast_head_json":{"title":"Projekt - EUREGIO","description":"Das Projekt Grenzinfopunkt EUREGIO wird im Rahmen des INTERREG V A-Programms Deutschland-Nederland mit Mitteln des EFRE kofinanziert.","robots":{"index":"index","follow":"follow","max-snippet":"max-snippet:-1","max-image-preview":"max-image-preview:large","max-video-preview":"max-video-preview:-1"},"canonical":"https:\/\/grenzinfo.eu\/eur\/projekt\/","og_locale":"de_DE","og_type":"article","og_title":"Projekt - EUREGIO","og_description":"Das Projekt Grenzinfopunkt EUREGIO wird im Rahmen des INTERREG V A-Programms Deutschland-Nederland mit Mitteln des EFRE kofinanziert.","og_url":"https:\/\/grenzinfo.eu\/eur\/projekt\/","og_site_name":"EUREGIO","article_modified_time":"2021-03-25T13:00:00+00:00","og_image":[{"url":"https:\/\/grenzinfo.eu\/eur\/wp-content\/uploads\/sites\/5\/2021\/03\/Cofinanciers-GIP-EUREGIO-1-1024x700.jpg","type":"","width":"","height":""}],"twitter_card":"summary_large_image","twitter_misc":{"Gesch\u00e4tzte Lesezeit":"1\u00a0Minute"},"schema":{"@context":"https:\/\/schema.org","@graph":[{"@type":"WebPage","@id":"https:\/\/grenzinfo.eu\/eur\/projekt\/","url":"https:\/\/grenzinfo.eu\/eur\/projekt\/","name":"Projekt - EUREGIO","isPartOf":{"@id":"https:\/\/grenzinfo.eu\/eur\/#website"},"primaryImageOfPage":{"@id":"https:\/\/grenzinfo.eu\/eur\/projekt\/#primaryimage"},"image":{"@id":"https:\/\/grenzinfo.eu\/eur\/projekt\/#primaryimage"},"thumbnailUrl":"https:\/\/grenzinfo.eu\/eur\/wp-content\/uploads\/sites\/5\/2021\/03\/Cofinanciers-GIP-EUREGIO-1-1024x700.jpg","datePublished":"2019-03-11T15:53:41+00:00","dateModified":"2021-03-25T13:00:00+00:00","description":"Das Projekt Grenzinfopunkt EUREGIO wird im Rahmen des INTERREG V A-Programms Deutschland-Nederland mit Mitteln des EFRE kofinanziert.","breadcrumb":{"@id":"https:\/\/grenzinfo.eu\/eur\/projekt\/#breadcrumb"},"inLanguage":"de","potentialAction":[{"@type":"ReadAction","target":["https:\/\/grenzinfo.eu\/eur\/projekt\/"]}]},{"@type":"ImageObject","inLanguage":"de","@id":"https:\/\/grenzinfo.eu\/eur\/projekt\/#primaryimage","url":"https:\/\/grenzinfo.eu\/eur\/wp-content\/uploads\/sites\/5\/2021\/03\/Cofinanciers-GIP-EUREGIO-1.jpg","contentUrl":"https:\/\/grenzinfo.eu\/eur\/wp-content\/uploads\/sites\/5\/2021\/03\/Cofinanciers-GIP-EUREGIO-1.jpg","width":1142,"height":781},{"@type":"BreadcrumbList","@id":"https:\/\/grenzinfo.eu\/eur\/projekt\/#breadcrumb","itemListElement":[{"@type":"ListItem","position":1,"name":"Home","item":"https:\/\/grenzinfo.eu\/eur\/"},{"@type":"ListItem","position":2,"name":"Projekt"}]},{"@type":"WebSite","@id":"https:\/\/grenzinfo.eu\/eur\/#website","url":"https:\/\/grenzinfo.eu\/eur\/","name":"EUREGIO","description":"Grenzinfopunkt EUREGIO","potentialAction":[{"@type":"SearchAction","target":{"@type":"EntryPoint","urlTemplate":"https:\/\/grenzinfo.eu\/eur\/?s={search_term_string}"},"query-input":{"@type":"PropertyValueSpecification","valueRequired":true,"valueName":"search_term_string"}}],"inLanguage":"de"}]}},"lang":"de","translations":{"de":11137,"nl":11133},"pll_sync_post":[],"_links":{"self":[{"href":"https:\/\/grenzinfo.eu\/eur\/wp-json\/wp\/v2\/pages\/11137","targetHints":{"allow":["GET"]}}],"collection":[{"href":"https:\/\/grenzinfo.eu\/eur\/wp-json\/wp\/v2\/pages"}],"about":[{"href":"https:\/\/grenzinfo.eu\/eur\/wp-json\/wp\/v2\/types\/page"}],"author":[{"embeddable":true,"href":"https:\/\/grenzinfo.eu\/eur\/wp-json\/wp\/v2\/users\/4"}],"replies":[{"embeddable":true,"href":"https:\/\/grenzinfo.eu\/eur\/wp-json\/wp\/v2\/comments?post=11137"}],"version-history":[{"count":0,"href":"https:\/\/grenzinfo.eu\/eur\/wp-json\/wp\/v2\/pages\/11137\/revisions"}],"wp:attachment":[{"href":"https:\/\/grenzinfo.eu\/eur\/wp-json\/wp\/v2\/media?parent=11137"}],"curies":[{"name":"wp","href":"https:\/\/api.w.org\/{rel}","templated":true}]}}