{"id":14220,"date":"2022-04-12T10:50:05","date_gmt":"2022-04-12T08:50:05","guid":{"rendered":"https:\/\/grenzinfo.eu\/eur\/?page_id=14220"},"modified":"2025-12-09T11:13:37","modified_gmt":"2025-12-09T10:13:37","slug":"euregio-adviesdagen","status":"publish","type":"page","link":"https:\/\/grenzinfo.eu\/eur\/euregio-adviesdagen\/","title":{"rendered":"EUREGIO-Beratungstage"},"content":{"rendered":"\t\t<div data-elementor-type=\"wp-page\" data-elementor-id=\"14220\" class=\"elementor elementor-14220\" data-elementor-post-type=\"page\">\n\t\t\t\t\t\t<section class=\"elementor-section elementor-top-section elementor-element elementor-element-3a88ff2 elementor-section-boxed elementor-section-height-default elementor-section-height-default\" data-id=\"3a88ff2\" data-element_type=\"section\" data-e-type=\"section\">\n\t\t\t\t\t\t<div class=\"elementor-container elementor-column-gap-default\">\n\t\t\t\t\t<div class=\"elementor-column elementor-col-100 elementor-top-column elementor-element elementor-element-3e39107\" data-id=\"3e39107\" data-element_type=\"column\" data-e-type=\"column\">\n\t\t\t<div class=\"elementor-widget-wrap elementor-element-populated\">\n\t\t\t\t\t\t<div class=\"elementor-element elementor-element-98955bf elementor-widget elementor-widget-heading\" data-id=\"98955bf\" data-element_type=\"widget\" data-e-type=\"widget\" data-widget_type=\"heading.default\">\n\t\t\t\t<div class=\"elementor-widget-container\">\n\t\t\t\t\t<h3 class=\"elementor-heading-title elementor-size-default\">EUREGIO-Beratungstage<\/h3>\t\t\t\t<\/div>\n\t\t\t\t<\/div>\n\t\t\t\t\t<\/div>\n\t\t<\/div>\n\t\t\t\t\t<\/div>\n\t\t<\/section>\n\t\t\t\t<section class=\"elementor-section elementor-top-section elementor-element elementor-element-738e896 elementor-section-boxed elementor-section-height-default elementor-section-height-default\" data-id=\"738e896\" data-element_type=\"section\" data-e-type=\"section\">\n\t\t\t\t\t\t<div class=\"elementor-container elementor-column-gap-default\">\n\t\t\t\t\t<div class=\"elementor-column elementor-col-66 elementor-top-column elementor-element elementor-element-842a642\" data-id=\"842a642\" data-element_type=\"column\" data-e-type=\"column\">\n\t\t\t<div class=\"elementor-widget-wrap elementor-element-populated\">\n\t\t\t\t\t\t<div class=\"elementor-element elementor-element-00c66ec elementor-widget elementor-widget-text-editor\" data-id=\"00c66ec\" data-element_type=\"widget\" data-e-type=\"widget\" data-widget_type=\"text-editor.default\">\n\t\t\t\t<div class=\"elementor-widget-container\">\n\t\t\t\t\t\t\t\t\t<p>Sie suchen das pers\u00f6nliche Gespr\u00e4ch mit den Fachleuten zu grenz\u00fcberschreitenden Fragestellungen z.B. der deutschen oder niederl\u00e4ndischen Rententr\u00e4ger, der Krankenversicherungen, UWV, Arbeitsmarktexperten (GrensWerk), Familienkasse oder der Finanzverwaltungen? Dann besuchen Sie einen der EUREGIO-Beratungstage, die regelm\u00e4\u00dfig monatlich an wechselnden Orten im EUREGIO-Gebiet stattfinden.<\/p><p>Eine Terminvereinbarung ist hierf\u00fcr nicht notwendig.<\/p>\t\t\t\t\t\t\t\t<\/div>\n\t\t\t\t<\/div>\n\t\t\t\t\t<\/div>\n\t\t<\/div>\n\t\t\t\t<div class=\"elementor-column elementor-col-33 elementor-top-column elementor-element elementor-element-f1a75df\" data-id=\"f1a75df\" data-element_type=\"column\" data-e-type=\"column\">\n\t\t\t<div class=\"elementor-widget-wrap elementor-element-populated\">\n\t\t\t\t\t\t<div class=\"elementor-element elementor-element-d56f66b elementor-widget elementor-widget-image\" data-id=\"d56f66b\" data-element_type=\"widget\" data-e-type=\"widget\" data-widget_type=\"image.default\">\n\t\t\t\t<div class=\"elementor-widget-container\">\n\t\t\t\t\t\t\t\t\t\t\t\t\t\t\t<img fetchpriority=\"high\" decoding=\"async\" width=\"300\" height=\"201\" src=\"https:\/\/grenzinfo.eu\/eur\/wp-content\/uploads\/sites\/5\/2022\/12\/Beratungstage-1-300x201.jpg\" class=\"attachment-medium size-medium wp-image-16905\" alt=\"\" srcset=\"https:\/\/grenzinfo.eu\/eur\/wp-content\/uploads\/sites\/5\/2022\/12\/Beratungstage-1-300x201.jpg 300w, https:\/\/grenzinfo.eu\/eur\/wp-content\/uploads\/sites\/5\/2022\/12\/Beratungstage-1.jpg 620w\" sizes=\"(max-width: 300px) 100vw, 300px\" \/>\t\t\t\t\t\t\t\t\t\t\t\t\t\t\t<\/div>\n\t\t\t\t<\/div>\n\t\t\t\t\t<\/div>\n\t\t<\/div>\n\t\t\t\t\t<\/div>\n\t\t<\/section>\n\t\t\t\t<section class=\"elementor-section elementor-top-section elementor-element elementor-element-22a136d elementor-section-boxed elementor-section-height-default elementor-section-height-default\" data-id=\"22a136d\" data-element_type=\"section\" data-e-type=\"section\">\n\t\t\t\t\t\t<div class=\"elementor-container elementor-column-gap-default\">\n\t\t\t\t\t<div class=\"elementor-column elementor-col-100 elementor-top-column elementor-element elementor-element-2a41593\" data-id=\"2a41593\" data-element_type=\"column\" data-e-type=\"column\">\n\t\t\t<div class=\"elementor-widget-wrap elementor-element-populated\">\n\t\t\t\t\t\t<div class=\"elementor-element elementor-element-8b692f9 elementor-widget elementor-widget-text-editor\" data-id=\"8b692f9\" data-element_type=\"widget\" data-e-type=\"widget\" data-widget_type=\"text-editor.default\">\n\t\t\t\t<div class=\"elementor-widget-container\">\n\t\t\t\t\t\t\t\t\t<h4>\u00dcbersicht Beratungstage 2026:<\/h4><ul><li><strong>Aalten<\/strong>, von 10.00 bis 14.00 Uhr. Rathaus Aalten, Markt 7 in Aalten<ul><li>1. Juni 2026<\/li><\/ul><\/li><li><strong>Bocholt<\/strong>, von 10.00 bis 14.00 Uhr. EUROPA HAUS, Adenauerallee 59, 46399 Bocholt.<ul><li>2. November 2026<\/li><\/ul><\/li><li><strong>Winterswijk<\/strong>, von 14.00 bis 18.00 Uhr. Rathaus Winterswijk, Stationsstraat 25 in Winterswijk.<ul><li>2. Februar 2026<\/li><\/ul><\/li><li><strong>Glanerbrug<\/strong>, von 10.00 bis 14.00 Uhr. Tagungszentrum EUREGIO Terhaar sive Droste, Grenz\u00fcbertritt Glanerbrug\/Gronau, Gronausestraat 1258, Glanerbrug<ul><li>9. M\u00e4rz 2026<\/li><li>11. Mai 2026\u00a0<\/li><li>12. Oktober 2026<\/li><li>7. Dezember 2026\u00a0<\/li><\/ul><\/li><li><strong>Nordhorn<\/strong>, von 10.00 bis 14.00 Uhr. Kompetenzzentrum Nino Hochbau, Nino Allee 11, 48529 Nordhorn. 1. Stock.<ul><li>15. September 2026<\/li><\/ul><\/li><li><strong>Hardenberg<\/strong>, von 10.00 bis 14.00 Uhr. Rathaus Hardenberg, Stephanuspark 1, Hardenberg.<ul><li>13. April 2026\u00a0<\/li><\/ul><\/li><\/ul>\t\t\t\t\t\t\t\t<\/div>\n\t\t\t\t<\/div>\n\t\t\t\t\t<\/div>\n\t\t<\/div>\n\t\t\t\t\t<\/div>\n\t\t<\/section>\n\t\t\t\t<section class=\"elementor-section elementor-top-section elementor-element elementor-element-885b540 elementor-section-boxed elementor-section-height-default elementor-section-height-default\" data-id=\"885b540\" data-element_type=\"section\" data-e-type=\"section\">\n\t\t\t\t\t\t<div class=\"elementor-container elementor-column-gap-default\">\n\t\t\t\t\t<div class=\"elementor-column elementor-col-100 elementor-top-column elementor-element elementor-element-9afdecc\" data-id=\"9afdecc\" data-element_type=\"column\" data-e-type=\"column\">\n\t\t\t<div class=\"elementor-widget-wrap elementor-element-populated\">\n\t\t\t\t\t\t<div class=\"elementor-element elementor-element-a4984aa elementor-widget-divider--view-line elementor-widget elementor-widget-divider\" data-id=\"a4984aa\" data-element_type=\"widget\" data-e-type=\"widget\" data-widget_type=\"divider.default\">\n\t\t\t\t<div class=\"elementor-widget-container\">\n\t\t\t\t\t\t\t<div class=\"elementor-divider\">\n\t\t\t<span class=\"elementor-divider-separator\">\n\t\t\t\t\t\t<\/span>\n\t\t<\/div>\n\t\t\t\t\t\t<\/div>\n\t\t\t\t<\/div>\n\t\t\t\t\t<\/div>\n\t\t<\/div>\n\t\t\t\t\t<\/div>\n\t\t<\/section>\n\t\t\t\t<section class=\"elementor-section elementor-top-section elementor-element elementor-element-d34124c elementor-section-boxed elementor-section-height-default elementor-section-height-default\" data-id=\"d34124c\" data-element_type=\"section\" data-e-type=\"section\">\n\t\t\t\t\t\t<div class=\"elementor-container elementor-column-gap-default\">\n\t\t\t\t\t<div class=\"elementor-column elementor-col-100 elementor-top-column elementor-element elementor-element-96f0886\" data-id=\"96f0886\" data-element_type=\"column\" data-e-type=\"column\">\n\t\t\t<div class=\"elementor-widget-wrap elementor-element-populated\">\n\t\t\t\t\t\t<div class=\"elementor-element elementor-element-e038534 elementor-widget elementor-widget-testimonial\" data-id=\"e038534\" data-element_type=\"widget\" data-e-type=\"widget\" data-widget_type=\"testimonial.default\">\n\t\t\t\t<div class=\"elementor-widget-container\">\n\t\t\t\t\t\t\t<div class=\"elementor-testimonial-wrapper\">\n\t\t\t\t\t\t\t<div class=\"elementor-testimonial-content\">Hier k\u00f6nnen Sie die \u00dcbersicht 2026 \u00fcber unsere Beratungstage und Sprechstunden herunterladen.<\/div>\n\t\t\t\n\t\t\t\t\t\t<div class=\"elementor-testimonial-meta elementor-has-image elementor-testimonial-image-position-aside\">\n\t\t\t\t<div class=\"elementor-testimonial-meta-inner\">\n\t\t\t\t\t\t\t\t\t\t\t<div class=\"elementor-testimonial-image\">\n\t\t\t\t\t\t\t<a href=\"https:\/\/grenzinfo.eu\/eur\/wp-content\/uploads\/sites\/5\/2025\/12\/2026_Beratungsangebot_endg.pdf\" target=\"_blank\"><img decoding=\"async\" width=\"1600\" height=\"2560\" src=\"https:\/\/grenzinfo.eu\/eur\/wp-content\/uploads\/sites\/5\/2025\/10\/Titelbild_Sprechflyer2026-scaled.jpg\" class=\"attachment-full size-full wp-image-20168\" alt=\"\" srcset=\"https:\/\/grenzinfo.eu\/eur\/wp-content\/uploads\/sites\/5\/2025\/10\/Titelbild_Sprechflyer2026-scaled.jpg 1600w, https:\/\/grenzinfo.eu\/eur\/wp-content\/uploads\/sites\/5\/2025\/10\/Titelbild_Sprechflyer2026-188x300.jpg 188w, https:\/\/grenzinfo.eu\/eur\/wp-content\/uploads\/sites\/5\/2025\/10\/Titelbild_Sprechflyer2026-640x1024.jpg 640w, https:\/\/grenzinfo.eu\/eur\/wp-content\/uploads\/sites\/5\/2025\/10\/Titelbild_Sprechflyer2026-768x1229.jpg 768w, https:\/\/grenzinfo.eu\/eur\/wp-content\/uploads\/sites\/5\/2025\/10\/Titelbild_Sprechflyer2026-960x1536.jpg 960w, https:\/\/grenzinfo.eu\/eur\/wp-content\/uploads\/sites\/5\/2025\/10\/Titelbild_Sprechflyer2026-1280x2048.jpg 1280w\" sizes=\"(max-width: 1600px) 100vw, 1600px\" \/><\/a>\t\t\t\t\t\t<\/div>\n\t\t\t\t\t\n\t\t\t\t\t\t\t\t\t\t<div class=\"elementor-testimonial-details\">\n\t\t\t\t\t\t\t\t\t\t\t\t\t\t<a class=\"elementor-testimonial-name\" href=\"https:\/\/grenzinfo.eu\/eur\/wp-content\/uploads\/sites\/5\/2025\/12\/2026_Beratungsangebot_endg.pdf\" target=\"_blank\">Sprechstunden und Beratungstage 2026<\/a>\n\t\t\t\t\t\t\t\t\t\t\t\t\t\t\t\t\t\t\t\t\t\t<a class=\"elementor-testimonial-job\" href=\"https:\/\/grenzinfo.eu\/eur\/wp-content\/uploads\/sites\/5\/2025\/12\/2026_Beratungsangebot_endg.pdf\" target=\"_blank\">GIP EUREGIO<\/a>\n\t\t\t\t\t\t\t\t\t\t\t\t\t<\/div>\n\t\t\t\t\t\t\t\t\t<\/div>\n\t\t\t<\/div>\n\t\t\t\t\t<\/div>\n\t\t\t\t\t\t<\/div>\n\t\t\t\t<\/div>\n\t\t\t\t\t<\/div>\n\t\t<\/div>\n\t\t\t\t\t<\/div>\n\t\t<\/section>\n\t\t\t\t<\/div>\n\t\t","protected":false},"excerpt":{"rendered":"<p>EUREGIO-Beratungstage Sie suchen das pers\u00f6nliche Gespr\u00e4ch mit den Fachleuten zu grenz\u00fcberschreitenden Fragestellungen z.B. der deutschen oder niederl\u00e4ndischen Rententr\u00e4ger, der Krankenversicherungen, UWV, Arbeitsmarktexperten (GrensWerk), Familienkasse oder der Finanzverwaltungen? Dann besuchen Sie einen der EUREGIO-Beratungstage, die regelm\u00e4\u00dfig monatlich an wechselnden Orten im EUREGIO-Gebiet stattfinden. Eine Terminvereinbarung ist hierf\u00fcr nicht notwendig. \u00dcbersicht Beratungstage 2026: Aalten, von 10.00 bis [&hellip;]<\/p>\n","protected":false},"author":4,"featured_media":16886,"parent":0,"menu_order":0,"comment_status":"closed","ping_status":"closed","template":"","meta":{"_acf_changed":false,"footnotes":""},"class_list":["post-14220","page","type-page","status-publish","has-post-thumbnail","hentry"],"acf":[],"yoast_head":"<!-- This site is optimized with the Yoast SEO plugin v27.4 - https:\/\/yoast.com\/product\/yoast-seo-wordpress\/ -->\n<title>EUREGIO-Beratungstage - EUREGIO<\/title>\n<meta name=\"robots\" content=\"index, follow, max-snippet:-1, max-image-preview:large, max-video-preview:-1\" \/>\n<link rel=\"canonical\" href=\"https:\/\/grenzinfo.eu\/eur\/euregio-adviesdagen\/\" \/>\n<meta property=\"og:locale\" content=\"de_DE\" \/>\n<meta property=\"og:type\" content=\"article\" \/>\n<meta property=\"og:title\" content=\"EUREGIO-Beratungstage - EUREGIO\" \/>\n<meta property=\"og:description\" content=\"EUREGIO-Beratungstage Sie suchen das pers\u00f6nliche Gespr\u00e4ch mit den Fachleuten zu grenz\u00fcberschreitenden Fragestellungen z.B. der deutschen oder niederl\u00e4ndischen Rententr\u00e4ger, der Krankenversicherungen, UWV, Arbeitsmarktexperten (GrensWerk), Familienkasse oder der Finanzverwaltungen? Dann besuchen Sie einen der EUREGIO-Beratungstage, die regelm\u00e4\u00dfig monatlich an wechselnden Orten im EUREGIO-Gebiet stattfinden. Eine Terminvereinbarung ist hierf\u00fcr nicht notwendig. \u00dcbersicht Beratungstage 2026: Aalten, von 10.00 bis [&hellip;]\" \/>\n<meta property=\"og:url\" content=\"https:\/\/grenzinfo.eu\/eur\/euregio-adviesdagen\/\" \/>\n<meta property=\"og:site_name\" content=\"EUREGIO\" \/>\n<meta property=\"article:modified_time\" content=\"2025-12-09T10:13:37+00:00\" \/>\n<meta property=\"og:image\" content=\"https:\/\/grenzinfo.eu\/eur\/wp-content\/uploads\/sites\/5\/2022\/12\/Beratungstage.jpg\" \/>\n\t<meta property=\"og:image:width\" content=\"620\" \/>\n\t<meta property=\"og:image:height\" content=\"415\" \/>\n\t<meta property=\"og:image:type\" content=\"image\/jpeg\" \/>\n<meta name=\"twitter:card\" content=\"summary_large_image\" \/>\n<meta name=\"twitter:label1\" content=\"Gesch\u00e4tzte Lesezeit\" \/>\n\t<meta name=\"twitter:data1\" content=\"2\u00a0Minuten\" \/>\n<script type=\"application\/ld+json\" class=\"yoast-schema-graph\">{\"@context\":\"https:\\\/\\\/schema.org\",\"@graph\":[{\"@type\":\"WebPage\",\"@id\":\"https:\\\/\\\/grenzinfo.eu\\\/eur\\\/euregio-adviesdagen\\\/\",\"url\":\"https:\\\/\\\/grenzinfo.eu\\\/eur\\\/euregio-adviesdagen\\\/\",\"name\":\"EUREGIO-Beratungstage - EUREGIO\",\"isPartOf\":{\"@id\":\"https:\\\/\\\/grenzinfo.eu\\\/eur\\\/#website\"},\"primaryImageOfPage\":{\"@id\":\"https:\\\/\\\/grenzinfo.eu\\\/eur\\\/euregio-adviesdagen\\\/#primaryimage\"},\"image\":{\"@id\":\"https:\\\/\\\/grenzinfo.eu\\\/eur\\\/euregio-adviesdagen\\\/#primaryimage\"},\"thumbnailUrl\":\"https:\\\/\\\/grenzinfo.eu\\\/eur\\\/wp-content\\\/uploads\\\/sites\\\/5\\\/2022\\\/12\\\/Beratungstage.jpg\",\"datePublished\":\"2022-04-12T08:50:05+00:00\",\"dateModified\":\"2025-12-09T10:13:37+00:00\",\"breadcrumb\":{\"@id\":\"https:\\\/\\\/grenzinfo.eu\\\/eur\\\/euregio-adviesdagen\\\/#breadcrumb\"},\"inLanguage\":\"de\",\"potentialAction\":[{\"@type\":\"ReadAction\",\"target\":[\"https:\\\/\\\/grenzinfo.eu\\\/eur\\\/euregio-adviesdagen\\\/\"]}]},{\"@type\":\"ImageObject\",\"inLanguage\":\"de\",\"@id\":\"https:\\\/\\\/grenzinfo.eu\\\/eur\\\/euregio-adviesdagen\\\/#primaryimage\",\"url\":\"https:\\\/\\\/grenzinfo.eu\\\/eur\\\/wp-content\\\/uploads\\\/sites\\\/5\\\/2022\\\/12\\\/Beratungstage.jpg\",\"contentUrl\":\"https:\\\/\\\/grenzinfo.eu\\\/eur\\\/wp-content\\\/uploads\\\/sites\\\/5\\\/2022\\\/12\\\/Beratungstage.jpg\",\"width\":620,\"height\":415},{\"@type\":\"BreadcrumbList\",\"@id\":\"https:\\\/\\\/grenzinfo.eu\\\/eur\\\/euregio-adviesdagen\\\/#breadcrumb\",\"itemListElement\":[{\"@type\":\"ListItem\",\"position\":1,\"name\":\"Home\",\"item\":\"https:\\\/\\\/grenzinfo.eu\\\/eur\\\/\"},{\"@type\":\"ListItem\",\"position\":2,\"name\":\"EUREGIO-Beratungstage\"}]},{\"@type\":\"WebSite\",\"@id\":\"https:\\\/\\\/grenzinfo.eu\\\/eur\\\/#website\",\"url\":\"https:\\\/\\\/grenzinfo.eu\\\/eur\\\/\",\"name\":\"EUREGIO\",\"description\":\"Grenzinfopunkt EUREGIO\",\"potentialAction\":[{\"@type\":\"SearchAction\",\"target\":{\"@type\":\"EntryPoint\",\"urlTemplate\":\"https:\\\/\\\/grenzinfo.eu\\\/eur\\\/?s={search_term_string}\"},\"query-input\":{\"@type\":\"PropertyValueSpecification\",\"valueRequired\":true,\"valueName\":\"search_term_string\"}}],\"inLanguage\":\"de\"}]}<\/script>\n<!-- \/ Yoast SEO plugin. -->","yoast_head_json":{"title":"EUREGIO-Beratungstage - EUREGIO","robots":{"index":"index","follow":"follow","max-snippet":"max-snippet:-1","max-image-preview":"max-image-preview:large","max-video-preview":"max-video-preview:-1"},"canonical":"https:\/\/grenzinfo.eu\/eur\/euregio-adviesdagen\/","og_locale":"de_DE","og_type":"article","og_title":"EUREGIO-Beratungstage - EUREGIO","og_description":"EUREGIO-Beratungstage Sie suchen das pers\u00f6nliche Gespr\u00e4ch mit den Fachleuten zu grenz\u00fcberschreitenden Fragestellungen z.B. der deutschen oder niederl\u00e4ndischen Rententr\u00e4ger, der Krankenversicherungen, UWV, Arbeitsmarktexperten (GrensWerk), Familienkasse oder der Finanzverwaltungen? Dann besuchen Sie einen der EUREGIO-Beratungstage, die regelm\u00e4\u00dfig monatlich an wechselnden Orten im EUREGIO-Gebiet stattfinden. Eine Terminvereinbarung ist hierf\u00fcr nicht notwendig. \u00dcbersicht Beratungstage 2026: Aalten, von 10.00 bis [&hellip;]","og_url":"https:\/\/grenzinfo.eu\/eur\/euregio-adviesdagen\/","og_site_name":"EUREGIO","article_modified_time":"2025-12-09T10:13:37+00:00","og_image":[{"width":620,"height":415,"url":"https:\/\/grenzinfo.eu\/eur\/wp-content\/uploads\/sites\/5\/2022\/12\/Beratungstage.jpg","type":"image\/jpeg"}],"twitter_card":"summary_large_image","twitter_misc":{"Gesch\u00e4tzte Lesezeit":"2\u00a0Minuten"},"schema":{"@context":"https:\/\/schema.org","@graph":[{"@type":"WebPage","@id":"https:\/\/grenzinfo.eu\/eur\/euregio-adviesdagen\/","url":"https:\/\/grenzinfo.eu\/eur\/euregio-adviesdagen\/","name":"EUREGIO-Beratungstage - EUREGIO","isPartOf":{"@id":"https:\/\/grenzinfo.eu\/eur\/#website"},"primaryImageOfPage":{"@id":"https:\/\/grenzinfo.eu\/eur\/euregio-adviesdagen\/#primaryimage"},"image":{"@id":"https:\/\/grenzinfo.eu\/eur\/euregio-adviesdagen\/#primaryimage"},"thumbnailUrl":"https:\/\/grenzinfo.eu\/eur\/wp-content\/uploads\/sites\/5\/2022\/12\/Beratungstage.jpg","datePublished":"2022-04-12T08:50:05+00:00","dateModified":"2025-12-09T10:13:37+00:00","breadcrumb":{"@id":"https:\/\/grenzinfo.eu\/eur\/euregio-adviesdagen\/#breadcrumb"},"inLanguage":"de","potentialAction":[{"@type":"ReadAction","target":["https:\/\/grenzinfo.eu\/eur\/euregio-adviesdagen\/"]}]},{"@type":"ImageObject","inLanguage":"de","@id":"https:\/\/grenzinfo.eu\/eur\/euregio-adviesdagen\/#primaryimage","url":"https:\/\/grenzinfo.eu\/eur\/wp-content\/uploads\/sites\/5\/2022\/12\/Beratungstage.jpg","contentUrl":"https:\/\/grenzinfo.eu\/eur\/wp-content\/uploads\/sites\/5\/2022\/12\/Beratungstage.jpg","width":620,"height":415},{"@type":"BreadcrumbList","@id":"https:\/\/grenzinfo.eu\/eur\/euregio-adviesdagen\/#breadcrumb","itemListElement":[{"@type":"ListItem","position":1,"name":"Home","item":"https:\/\/grenzinfo.eu\/eur\/"},{"@type":"ListItem","position":2,"name":"EUREGIO-Beratungstage"}]},{"@type":"WebSite","@id":"https:\/\/grenzinfo.eu\/eur\/#website","url":"https:\/\/grenzinfo.eu\/eur\/","name":"EUREGIO","description":"Grenzinfopunkt EUREGIO","potentialAction":[{"@type":"SearchAction","target":{"@type":"EntryPoint","urlTemplate":"https:\/\/grenzinfo.eu\/eur\/?s={search_term_string}"},"query-input":{"@type":"PropertyValueSpecification","valueRequired":true,"valueName":"search_term_string"}}],"inLanguage":"de"}]}},"lang":"de","translations":{"de":14220,"nl":13845},"pll_sync_post":[],"_links":{"self":[{"href":"https:\/\/grenzinfo.eu\/eur\/wp-json\/wp\/v2\/pages\/14220","targetHints":{"allow":["GET"]}}],"collection":[{"href":"https:\/\/grenzinfo.eu\/eur\/wp-json\/wp\/v2\/pages"}],"about":[{"href":"https:\/\/grenzinfo.eu\/eur\/wp-json\/wp\/v2\/types\/page"}],"author":[{"embeddable":true,"href":"https:\/\/grenzinfo.eu\/eur\/wp-json\/wp\/v2\/users\/4"}],"replies":[{"embeddable":true,"href":"https:\/\/grenzinfo.eu\/eur\/wp-json\/wp\/v2\/comments?post=14220"}],"version-history":[{"count":22,"href":"https:\/\/grenzinfo.eu\/eur\/wp-json\/wp\/v2\/pages\/14220\/revisions"}],"predecessor-version":[{"id":20219,"href":"https:\/\/grenzinfo.eu\/eur\/wp-json\/wp\/v2\/pages\/14220\/revisions\/20219"}],"wp:featuredmedia":[{"embeddable":true,"href":"https:\/\/grenzinfo.eu\/eur\/wp-json\/wp\/v2\/media\/16886"}],"wp:attachment":[{"href":"https:\/\/grenzinfo.eu\/eur\/wp-json\/wp\/v2\/media?parent=14220"}],"curies":[{"name":"wp","href":"https:\/\/api.w.org\/{rel}","templated":true}]}}