{"id":14245,"date":"2022-04-12T11:09:46","date_gmt":"2022-04-12T09:09:46","guid":{"rendered":"https:\/\/grenzinfo.eu\/eur\/?page_id=14245"},"modified":"2025-04-08T10:52:44","modified_gmt":"2025-04-08T08:52:44","slug":"spreekuur-gezinsbijslagen","status":"publish","type":"page","link":"https:\/\/grenzinfo.eu\/eur\/spreekuur-gezinsbijslagen\/","title":{"rendered":"Digitale Sprechstunde Familienleistungen"},"content":{"rendered":"\t\t<div data-elementor-type=\"wp-page\" data-elementor-id=\"14245\" class=\"elementor elementor-14245\" data-elementor-post-type=\"page\">\n\t\t\t\t\t\t<section class=\"elementor-section elementor-top-section elementor-element elementor-element-f44b569 elementor-section-boxed elementor-section-height-default elementor-section-height-default\" data-id=\"f44b569\" data-element_type=\"section\" data-e-type=\"section\">\n\t\t\t\t\t\t<div class=\"elementor-container elementor-column-gap-default\">\n\t\t\t\t\t<div class=\"elementor-column elementor-col-100 elementor-top-column elementor-element elementor-element-82252f4\" data-id=\"82252f4\" data-element_type=\"column\" data-e-type=\"column\">\n\t\t\t<div class=\"elementor-widget-wrap elementor-element-populated\">\n\t\t\t\t\t\t<div class=\"elementor-element elementor-element-965e242 elementor-widget elementor-widget-heading\" data-id=\"965e242\" data-element_type=\"widget\" data-e-type=\"widget\" data-widget_type=\"heading.default\">\n\t\t\t\t<div class=\"elementor-widget-container\">\n\t\t\t\t\t<h3 class=\"elementor-heading-title elementor-size-default\">Digitalen Thementag Familienleistungen<\/h3>\t\t\t\t<\/div>\n\t\t\t\t<\/div>\n\t\t\t\t\t<\/div>\n\t\t<\/div>\n\t\t\t\t\t<\/div>\n\t\t<\/section>\n\t\t\t\t<section class=\"elementor-section elementor-top-section elementor-element elementor-element-b4a1798 elementor-section-boxed elementor-section-height-default elementor-section-height-default\" data-id=\"b4a1798\" data-element_type=\"section\" data-e-type=\"section\">\n\t\t\t\t\t\t<div class=\"elementor-container elementor-column-gap-default\">\n\t\t\t\t\t<div class=\"elementor-column elementor-col-66 elementor-top-column elementor-element elementor-element-32b09c0\" data-id=\"32b09c0\" data-element_type=\"column\" data-e-type=\"column\">\n\t\t\t<div class=\"elementor-widget-wrap elementor-element-populated\">\n\t\t\t\t\t\t<div class=\"elementor-element elementor-element-c5d1b31 elementor-widget elementor-widget-text-editor\" data-id=\"c5d1b31\" data-element_type=\"widget\" data-e-type=\"widget\" data-widget_type=\"text-editor.default\">\n\t\t\t\t<div class=\"elementor-widget-container\">\n\t\t\t\t\t\t\t\t\t<div class=\"elementor-element elementor-element-33f59d5d elementor-widget elementor-widget-heading\" data-id=\"33f59d5d\" data-element_type=\"widget\" data-widget_type=\"heading.default\"><div class=\"elementor-widget-container\"><p>Sie arbeiten als Grenzpendler*in in Deutschland oder den Niederlanden und haben Sie Fragen zum deutschen und niederl\u00e4ndischen Kindergeld oder zum deutschen Elterngeld?<\/p><\/div><\/div><div class=\"elementor-element elementor-element-936920b elementor-widget elementor-widget-theme-post-content\" data-id=\"936920b\" data-element_type=\"widget\" data-widget_type=\"theme-post-content.default\"><div class=\"elementor-widget-container\"><p>Die GrenzInfoPunkte entlang der deutsch-niederl\u00e4ndischen Grenze organisieren Themensprechtage zu diesem Thema. Bei dieser digitalen Sprechstunde k\u00f6nnen Sie direkt mit Mitarbeiter*innen der zust\u00e4ndigen Beh\u00f6rden sprechen.<\/p><p>Die Spezialisten beantworten Fragen zu folgenden Themen:<\/p><ul><li>Kindergeld<\/li><li>Kindgebonden Budget<\/li><li>Kinderbijslag<\/li><li>Ouderschapsverlof<\/li><li>Elternzeit<\/li><li>Elterngeld<\/li><li>Kindergeldzuschlag<\/li><\/ul><p>Die digitalen Themensprechtage Familienleistungen finden in 2025 statt am:<\/p><ul><li>5. Febuar<\/li><li>26. M\u00e4rz<\/li><li>11. Juni<\/li><li>10. September<\/li><li>12. November<\/li><\/ul><p>zwischen 9.45 und 16.30 Uhr. Die Dauer der pers\u00f6nlichen Beratungsgespr\u00e4che ist auf maximal 45 Minuten begrenzt.<\/p><p>Expert*innen der Familienkasse Rheinland-Pfalz-Saarland, grenznaher Elterngeldstellen, einer f\u00fcr Kinderzuschlag zust\u00e4ndigen Familienkasse aus Nordrhein-Westfalen, der Sociale Verzekeringsbank (Bureau voor Duitse Zaken) und der GrenzInfoPunkte werden bei dem Treffen anwesend sein und Ihre pers\u00f6nlichen Fragen beantworten.<\/p><p>M\u00f6chten Sie mehr \u00fcber Ihre pers\u00f6nliche Situation erfahren und einen Termin vereinbaren? Da diese Treffen von verschiedenen GrenzInfoPunkte organisiert werden, finden Sie diese Informationen in separaten Nachrichtenartikeln, die Sie auf unserer Website unter <strong><a href=\"https:\/\/grenzinfo.eu\/#news\" target=\"_blank\" rel=\"noopener\">News<\/a><\/strong> finden.<\/p><\/div><\/div>\t\t\t\t\t\t\t\t<\/div>\n\t\t\t\t<\/div>\n\t\t\t\t\t<\/div>\n\t\t<\/div>\n\t\t\t\t<div class=\"elementor-column elementor-col-33 elementor-top-column elementor-element elementor-element-41d53d8\" data-id=\"41d53d8\" data-element_type=\"column\" data-e-type=\"column\">\n\t\t\t<div class=\"elementor-widget-wrap elementor-element-populated\">\n\t\t\t\t\t\t<div class=\"elementor-element elementor-element-045b668 elementor-widget elementor-widget-image\" data-id=\"045b668\" data-element_type=\"widget\" data-e-type=\"widget\" data-widget_type=\"image.default\">\n\t\t\t\t<div class=\"elementor-widget-container\">\n\t\t\t\t\t\t\t\t\t\t\t\t\t\t\t<img decoding=\"async\" src=\"https:\/\/grenzinfo.eu\/eur\/wp-content\/uploads\/sites\/5\/2023\/12\/Thementag-Familienleistungen-2.jpg\" title=\"\" alt=\"\" loading=\"lazy\" \/>\t\t\t\t\t\t\t\t\t\t\t\t\t\t\t<\/div>\n\t\t\t\t<\/div>\n\t\t\t\t\t<\/div>\n\t\t<\/div>\n\t\t\t\t\t<\/div>\n\t\t<\/section>\n\t\t\t\t<\/div>\n\t\t","protected":false},"excerpt":{"rendered":"<p>Digitalen Thementag Familienleistungen Sie arbeiten als Grenzpendler*in in Deutschland oder den Niederlanden und haben Sie Fragen zum deutschen und niederl\u00e4ndischen Kindergeld oder zum deutschen Elterngeld? Die GrenzInfoPunkte entlang der deutsch-niederl\u00e4ndischen Grenze organisieren Themensprechtage zu diesem Thema. Bei dieser digitalen Sprechstunde k\u00f6nnen Sie direkt mit Mitarbeiter*innen der zust\u00e4ndigen Beh\u00f6rden sprechen. Die Spezialisten beantworten Fragen zu folgenden [&hellip;]<\/p>\n","protected":false},"author":4,"featured_media":0,"parent":0,"menu_order":0,"comment_status":"closed","ping_status":"closed","template":"","meta":{"_acf_changed":false,"footnotes":""},"class_list":["post-14245","page","type-page","status-publish","hentry"],"acf":[],"yoast_head":"<!-- This site is optimized with the Yoast SEO plugin v27.4 - https:\/\/yoast.com\/product\/yoast-seo-wordpress\/ -->\n<title>Digitale Sprechstunde Familienleistungen - EUREGIO<\/title>\n<meta name=\"robots\" content=\"index, follow, max-snippet:-1, max-image-preview:large, max-video-preview:-1\" \/>\n<link rel=\"canonical\" href=\"https:\/\/grenzinfo.eu\/eur\/spreekuur-gezinsbijslagen\/\" \/>\n<meta property=\"og:locale\" content=\"de_DE\" \/>\n<meta property=\"og:type\" content=\"article\" \/>\n<meta property=\"og:title\" content=\"Digitale Sprechstunde Familienleistungen - EUREGIO\" \/>\n<meta property=\"og:description\" content=\"Digitalen Thementag Familienleistungen Sie arbeiten als Grenzpendler*in in Deutschland oder den Niederlanden und haben Sie Fragen zum deutschen und niederl\u00e4ndischen Kindergeld oder zum deutschen Elterngeld? Die GrenzInfoPunkte entlang der deutsch-niederl\u00e4ndischen Grenze organisieren Themensprechtage zu diesem Thema. Bei dieser digitalen Sprechstunde k\u00f6nnen Sie direkt mit Mitarbeiter*innen der zust\u00e4ndigen Beh\u00f6rden sprechen. Die Spezialisten beantworten Fragen zu folgenden [&hellip;]\" \/>\n<meta property=\"og:url\" content=\"https:\/\/grenzinfo.eu\/eur\/spreekuur-gezinsbijslagen\/\" \/>\n<meta property=\"og:site_name\" content=\"EUREGIO\" \/>\n<meta property=\"article:modified_time\" content=\"2025-04-08T08:52:44+00:00\" \/>\n<meta property=\"og:image\" content=\"https:\/\/grenzinfo.eu\/eur\/wp-content\/uploads\/sites\/5\/2023\/12\/Thementag-Familienleistungen-2.jpg\" \/>\n<meta name=\"twitter:card\" content=\"summary_large_image\" \/>\n<meta name=\"twitter:label1\" content=\"Gesch\u00e4tzte Lesezeit\" \/>\n\t<meta name=\"twitter:data1\" content=\"3\u00a0Minuten\" \/>\n<script type=\"application\/ld+json\" class=\"yoast-schema-graph\">{\"@context\":\"https:\\\/\\\/schema.org\",\"@graph\":[{\"@type\":\"WebPage\",\"@id\":\"https:\\\/\\\/grenzinfo.eu\\\/eur\\\/spreekuur-gezinsbijslagen\\\/\",\"url\":\"https:\\\/\\\/grenzinfo.eu\\\/eur\\\/spreekuur-gezinsbijslagen\\\/\",\"name\":\"Digitale Sprechstunde Familienleistungen - EUREGIO\",\"isPartOf\":{\"@id\":\"https:\\\/\\\/grenzinfo.eu\\\/eur\\\/#website\"},\"primaryImageOfPage\":{\"@id\":\"https:\\\/\\\/grenzinfo.eu\\\/eur\\\/spreekuur-gezinsbijslagen\\\/#primaryimage\"},\"image\":{\"@id\":\"https:\\\/\\\/grenzinfo.eu\\\/eur\\\/spreekuur-gezinsbijslagen\\\/#primaryimage\"},\"thumbnailUrl\":\"https:\\\/\\\/grenzinfo.eu\\\/eur\\\/wp-content\\\/uploads\\\/sites\\\/5\\\/2023\\\/12\\\/Thementag-Familienleistungen-2.jpg\",\"datePublished\":\"2022-04-12T09:09:46+00:00\",\"dateModified\":\"2025-04-08T08:52:44+00:00\",\"breadcrumb\":{\"@id\":\"https:\\\/\\\/grenzinfo.eu\\\/eur\\\/spreekuur-gezinsbijslagen\\\/#breadcrumb\"},\"inLanguage\":\"de\",\"potentialAction\":[{\"@type\":\"ReadAction\",\"target\":[\"https:\\\/\\\/grenzinfo.eu\\\/eur\\\/spreekuur-gezinsbijslagen\\\/\"]}]},{\"@type\":\"ImageObject\",\"inLanguage\":\"de\",\"@id\":\"https:\\\/\\\/grenzinfo.eu\\\/eur\\\/spreekuur-gezinsbijslagen\\\/#primaryimage\",\"url\":\"\",\"contentUrl\":\"\"},{\"@type\":\"BreadcrumbList\",\"@id\":\"https:\\\/\\\/grenzinfo.eu\\\/eur\\\/spreekuur-gezinsbijslagen\\\/#breadcrumb\",\"itemListElement\":[{\"@type\":\"ListItem\",\"position\":1,\"name\":\"Home\",\"item\":\"https:\\\/\\\/grenzinfo.eu\\\/eur\\\/\"},{\"@type\":\"ListItem\",\"position\":2,\"name\":\"Digitale Sprechstunde Familienleistungen\"}]},{\"@type\":\"WebSite\",\"@id\":\"https:\\\/\\\/grenzinfo.eu\\\/eur\\\/#website\",\"url\":\"https:\\\/\\\/grenzinfo.eu\\\/eur\\\/\",\"name\":\"EUREGIO\",\"description\":\"Grenzinfopunkt EUREGIO\",\"potentialAction\":[{\"@type\":\"SearchAction\",\"target\":{\"@type\":\"EntryPoint\",\"urlTemplate\":\"https:\\\/\\\/grenzinfo.eu\\\/eur\\\/?s={search_term_string}\"},\"query-input\":{\"@type\":\"PropertyValueSpecification\",\"valueRequired\":true,\"valueName\":\"search_term_string\"}}],\"inLanguage\":\"de\"}]}<\/script>\n<!-- \/ Yoast SEO plugin. -->","yoast_head_json":{"title":"Digitale Sprechstunde Familienleistungen - EUREGIO","robots":{"index":"index","follow":"follow","max-snippet":"max-snippet:-1","max-image-preview":"max-image-preview:large","max-video-preview":"max-video-preview:-1"},"canonical":"https:\/\/grenzinfo.eu\/eur\/spreekuur-gezinsbijslagen\/","og_locale":"de_DE","og_type":"article","og_title":"Digitale Sprechstunde Familienleistungen - EUREGIO","og_description":"Digitalen Thementag Familienleistungen Sie arbeiten als Grenzpendler*in in Deutschland oder den Niederlanden und haben Sie Fragen zum deutschen und niederl\u00e4ndischen Kindergeld oder zum deutschen Elterngeld? Die GrenzInfoPunkte entlang der deutsch-niederl\u00e4ndischen Grenze organisieren Themensprechtage zu diesem Thema. Bei dieser digitalen Sprechstunde k\u00f6nnen Sie direkt mit Mitarbeiter*innen der zust\u00e4ndigen Beh\u00f6rden sprechen. Die Spezialisten beantworten Fragen zu folgenden [&hellip;]","og_url":"https:\/\/grenzinfo.eu\/eur\/spreekuur-gezinsbijslagen\/","og_site_name":"EUREGIO","article_modified_time":"2025-04-08T08:52:44+00:00","og_image":[{"url":"https:\/\/grenzinfo.eu\/eur\/wp-content\/uploads\/sites\/5\/2023\/12\/Thementag-Familienleistungen-2.jpg","type":"","width":"","height":""}],"twitter_card":"summary_large_image","twitter_misc":{"Gesch\u00e4tzte Lesezeit":"3\u00a0Minuten"},"schema":{"@context":"https:\/\/schema.org","@graph":[{"@type":"WebPage","@id":"https:\/\/grenzinfo.eu\/eur\/spreekuur-gezinsbijslagen\/","url":"https:\/\/grenzinfo.eu\/eur\/spreekuur-gezinsbijslagen\/","name":"Digitale Sprechstunde Familienleistungen - EUREGIO","isPartOf":{"@id":"https:\/\/grenzinfo.eu\/eur\/#website"},"primaryImageOfPage":{"@id":"https:\/\/grenzinfo.eu\/eur\/spreekuur-gezinsbijslagen\/#primaryimage"},"image":{"@id":"https:\/\/grenzinfo.eu\/eur\/spreekuur-gezinsbijslagen\/#primaryimage"},"thumbnailUrl":"https:\/\/grenzinfo.eu\/eur\/wp-content\/uploads\/sites\/5\/2023\/12\/Thementag-Familienleistungen-2.jpg","datePublished":"2022-04-12T09:09:46+00:00","dateModified":"2025-04-08T08:52:44+00:00","breadcrumb":{"@id":"https:\/\/grenzinfo.eu\/eur\/spreekuur-gezinsbijslagen\/#breadcrumb"},"inLanguage":"de","potentialAction":[{"@type":"ReadAction","target":["https:\/\/grenzinfo.eu\/eur\/spreekuur-gezinsbijslagen\/"]}]},{"@type":"ImageObject","inLanguage":"de","@id":"https:\/\/grenzinfo.eu\/eur\/spreekuur-gezinsbijslagen\/#primaryimage","url":"","contentUrl":""},{"@type":"BreadcrumbList","@id":"https:\/\/grenzinfo.eu\/eur\/spreekuur-gezinsbijslagen\/#breadcrumb","itemListElement":[{"@type":"ListItem","position":1,"name":"Home","item":"https:\/\/grenzinfo.eu\/eur\/"},{"@type":"ListItem","position":2,"name":"Digitale Sprechstunde Familienleistungen"}]},{"@type":"WebSite","@id":"https:\/\/grenzinfo.eu\/eur\/#website","url":"https:\/\/grenzinfo.eu\/eur\/","name":"EUREGIO","description":"Grenzinfopunkt EUREGIO","potentialAction":[{"@type":"SearchAction","target":{"@type":"EntryPoint","urlTemplate":"https:\/\/grenzinfo.eu\/eur\/?s={search_term_string}"},"query-input":{"@type":"PropertyValueSpecification","valueRequired":true,"valueName":"search_term_string"}}],"inLanguage":"de"}]}},"lang":"de","translations":{"de":14245,"nl":13887},"pll_sync_post":[],"_links":{"self":[{"href":"https:\/\/grenzinfo.eu\/eur\/wp-json\/wp\/v2\/pages\/14245","targetHints":{"allow":["GET"]}}],"collection":[{"href":"https:\/\/grenzinfo.eu\/eur\/wp-json\/wp\/v2\/pages"}],"about":[{"href":"https:\/\/grenzinfo.eu\/eur\/wp-json\/wp\/v2\/types\/page"}],"author":[{"embeddable":true,"href":"https:\/\/grenzinfo.eu\/eur\/wp-json\/wp\/v2\/users\/4"}],"replies":[{"embeddable":true,"href":"https:\/\/grenzinfo.eu\/eur\/wp-json\/wp\/v2\/comments?post=14245"}],"version-history":[{"count":10,"href":"https:\/\/grenzinfo.eu\/eur\/wp-json\/wp\/v2\/pages\/14245\/revisions"}],"predecessor-version":[{"id":20049,"href":"https:\/\/grenzinfo.eu\/eur\/wp-json\/wp\/v2\/pages\/14245\/revisions\/20049"}],"wp:attachment":[{"href":"https:\/\/grenzinfo.eu\/eur\/wp-json\/wp\/v2\/media?parent=14245"}],"curies":[{"name":"wp","href":"https:\/\/api.w.org\/{rel}","templated":true}]}}