{"id":18473,"date":"2024-09-11T12:21:02","date_gmt":"2024-09-11T10:21:02","guid":{"rendered":"https:\/\/grenzinfo.eu\/eur\/?page_id=18473"},"modified":"2024-10-02T09:24:29","modified_gmt":"2024-10-02T07:24:29","slug":"digitale-themadag-studiefinanciering","status":"publish","type":"page","link":"https:\/\/grenzinfo.eu\/eur\/nl\/digitale-themadag-studiefinanciering\/","title":{"rendered":"Digitale themadag studiefinanciering"},"content":{"rendered":"\t\t<div data-elementor-type=\"wp-page\" data-elementor-id=\"18473\" class=\"elementor elementor-18473\" data-elementor-post-type=\"page\">\n\t\t\t\t\t\t<section class=\"elementor-section elementor-top-section elementor-element elementor-element-3ecceeb elementor-section-boxed elementor-section-height-default elementor-section-height-default\" data-id=\"3ecceeb\" data-element_type=\"section\" data-e-type=\"section\">\n\t\t\t\t\t\t<div class=\"elementor-container elementor-column-gap-default\">\n\t\t\t\t\t<div class=\"elementor-column elementor-col-100 elementor-top-column elementor-element elementor-element-c471b60\" data-id=\"c471b60\" data-element_type=\"column\" data-e-type=\"column\">\n\t\t\t<div class=\"elementor-widget-wrap elementor-element-populated\">\n\t\t\t\t\t\t<div class=\"elementor-element elementor-element-28ed721 elementor-widget elementor-widget-heading\" data-id=\"28ed721\" data-element_type=\"widget\" data-e-type=\"widget\" data-widget_type=\"heading.default\">\n\t\t\t\t<div class=\"elementor-widget-container\">\n\t\t\t\t\t<h3 class=\"elementor-heading-title elementor-size-default\"><p><b><span>Nieuw adviesaanbod van het GrensInfoPunt EUREGIO: \u201cDigitale themadag studiefinanciering\u201d<\/span><\/b><span><\/span><\/p><\/h3>\t\t\t\t<\/div>\n\t\t\t\t<\/div>\n\t\t\t\t\t<\/div>\n\t\t<\/div>\n\t\t\t\t\t<\/div>\n\t\t<\/section>\n\t\t\t\t<section class=\"elementor-section elementor-top-section elementor-element elementor-element-8edb73a elementor-section-boxed elementor-section-height-default elementor-section-height-default\" data-id=\"8edb73a\" data-element_type=\"section\" data-e-type=\"section\">\n\t\t\t\t\t\t<div class=\"elementor-container elementor-column-gap-default\">\n\t\t\t\t\t<div class=\"elementor-column elementor-col-100 elementor-top-column elementor-element elementor-element-b4e27c2\" data-id=\"b4e27c2\" data-element_type=\"column\" data-e-type=\"column\">\n\t\t\t<div class=\"elementor-widget-wrap\">\n\t\t\t\t\t\t\t<\/div>\n\t\t<\/div>\n\t\t\t\t\t<\/div>\n\t\t<\/section>\n\t\t\t\t<section class=\"elementor-section elementor-top-section elementor-element elementor-element-642ef6f elementor-section-boxed elementor-section-height-default elementor-section-height-default\" data-id=\"642ef6f\" data-element_type=\"section\" data-e-type=\"section\">\n\t\t\t\t\t\t<div class=\"elementor-container elementor-column-gap-default\">\n\t\t\t\t\t<div class=\"elementor-column elementor-col-100 elementor-top-column elementor-element elementor-element-d0d321d\" data-id=\"d0d321d\" data-element_type=\"column\" data-e-type=\"column\">\n\t\t\t<div class=\"elementor-widget-wrap elementor-element-populated\">\n\t\t\t\t\t\t<div class=\"elementor-element elementor-element-2264ab0 elementor-widget elementor-widget-text-editor\" data-id=\"2264ab0\" data-element_type=\"widget\" data-e-type=\"widget\" data-widget_type=\"text-editor.default\">\n\t\t\t\t<div class=\"elementor-widget-container\">\n\t\t\t\t\t\t\t\t\t<p class=\"MsoNormal\"><span lang=\"NL\">Welke financi\u00eble ondersteuning is er in Duitsland of Nederland beschikbaar voor studenten die in het ene land wonen en in het andere land willen studeren?<\/span><\/p><p class=\"MsoNormal\"><span lang=\"NL\">Antwoorden over (internationaal) BAf\u00f6G en studiefinanciering krijg je op de \u201cDigitale themadag studiefinanciering\u201d, die het GrensInfoPunt EUREGIO op 9 oktober 2024 van 13:15 tot 16:15 uur voor het eerst organiseert.<\/span><\/p><p class=\"MsoNormal\"><span lang=\"NL\">Op deze dag heb je de mogelijkheid om in een digitaal \u00e9\u00e9n-op-\u00e9\u00e9n gesprek te spreken met deskundigen van het BAf\u00f6G-ambt, DUO en een medewerker van de GIP EUREGIO. Het is echter niet mogelijk om een aanvraag in te dienen of te informeren naar de status van een aanvraag. <\/span><\/p><p class=\"MsoNormal\"><span lang=\"NL\">Meld je per e-mail aan voor een afspraak via <\/span><a href=\"mailto:spreekuur@euregio.eu\"><span lang=\"NL\">spreekuur@euregio.eu<\/span><\/a><span lang=\"NL\">, er is een beperkt aantal beschikbaar. U ontvangt dan een link om deel te nemen aan de MS-Teams-bespreking.<\/span><\/p><p class=\"MsoNormal\"><span lang=\"NL\">We kijken uit naar je deelname en beantwoorden graag je vragen over studiefinanciering!<\/span><\/p>\t\t\t\t\t\t\t\t<\/div>\n\t\t\t\t<\/div>\n\t\t\t\t\t<\/div>\n\t\t<\/div>\n\t\t\t\t\t<\/div>\n\t\t<\/section>\n\t\t\t\t<\/div>\n\t\t","protected":false},"excerpt":{"rendered":"<p>Nieuw adviesaanbod van het GrensInfoPunt EUREGIO: \u201cDigitale themadag studiefinanciering\u201d Welke financi\u00eble ondersteuning is er in Duitsland of Nederland beschikbaar voor studenten die in het ene land wonen en in het andere land willen studeren? Antwoorden over (internationaal) BAf\u00f6G en studiefinanciering krijg je op de \u201cDigitale themadag studiefinanciering\u201d, die het GrensInfoPunt EUREGIO op 9 oktober 2024 [&hellip;]<\/p>\n","protected":false},"author":46,"featured_media":0,"parent":0,"menu_order":0,"comment_status":"closed","ping_status":"closed","template":"","meta":{"_acf_changed":false,"footnotes":""},"class_list":["post-18473","page","type-page","status-publish","hentry"],"acf":[],"yoast_head":"<!-- This site is optimized with the Yoast SEO plugin v27.4 - https:\/\/yoast.com\/product\/yoast-seo-wordpress\/ -->\n<title>Digitale themadag studiefinanciering - EUREGIO<\/title>\n<meta name=\"robots\" content=\"index, follow, max-snippet:-1, max-image-preview:large, max-video-preview:-1\" \/>\n<link rel=\"canonical\" href=\"https:\/\/grenzinfo.eu\/eur\/nl\/digitale-themadag-studiefinanciering\/\" \/>\n<meta property=\"og:locale\" content=\"de_DE\" \/>\n<meta property=\"og:type\" content=\"article\" \/>\n<meta property=\"og:title\" content=\"Digitale themadag studiefinanciering - EUREGIO\" \/>\n<meta property=\"og:description\" content=\"Nieuw adviesaanbod van het GrensInfoPunt EUREGIO: \u201cDigitale themadag studiefinanciering\u201d Welke financi\u00eble ondersteuning is er in Duitsland of Nederland beschikbaar voor studenten die in het ene land wonen en in het andere land willen studeren? Antwoorden over (internationaal) BAf\u00f6G en studiefinanciering krijg je op de \u201cDigitale themadag studiefinanciering\u201d, die het GrensInfoPunt EUREGIO op 9 oktober 2024 [&hellip;]\" \/>\n<meta property=\"og:url\" content=\"https:\/\/grenzinfo.eu\/eur\/nl\/digitale-themadag-studiefinanciering\/\" \/>\n<meta property=\"og:site_name\" content=\"EUREGIO\" \/>\n<meta property=\"article:modified_time\" content=\"2024-10-02T07:24:29+00:00\" \/>\n<meta name=\"twitter:card\" content=\"summary_large_image\" \/>\n<meta name=\"twitter:label1\" content=\"Gesch\u00e4tzte Lesezeit\" \/>\n\t<meta name=\"twitter:data1\" content=\"1\u00a0Minute\" \/>\n<script type=\"application\/ld+json\" class=\"yoast-schema-graph\">{\"@context\":\"https:\\\/\\\/schema.org\",\"@graph\":[{\"@type\":\"WebPage\",\"@id\":\"https:\\\/\\\/grenzinfo.eu\\\/eur\\\/nl\\\/digitale-themadag-studiefinanciering\\\/\",\"url\":\"https:\\\/\\\/grenzinfo.eu\\\/eur\\\/nl\\\/digitale-themadag-studiefinanciering\\\/\",\"name\":\"Digitale themadag studiefinanciering - EUREGIO\",\"isPartOf\":{\"@id\":\"https:\\\/\\\/grenzinfo.eu\\\/eur\\\/#website\"},\"datePublished\":\"2024-09-11T10:21:02+00:00\",\"dateModified\":\"2024-10-02T07:24:29+00:00\",\"breadcrumb\":{\"@id\":\"https:\\\/\\\/grenzinfo.eu\\\/eur\\\/nl\\\/digitale-themadag-studiefinanciering\\\/#breadcrumb\"},\"inLanguage\":\"de\",\"potentialAction\":[{\"@type\":\"ReadAction\",\"target\":[\"https:\\\/\\\/grenzinfo.eu\\\/eur\\\/nl\\\/digitale-themadag-studiefinanciering\\\/\"]}]},{\"@type\":\"BreadcrumbList\",\"@id\":\"https:\\\/\\\/grenzinfo.eu\\\/eur\\\/nl\\\/digitale-themadag-studiefinanciering\\\/#breadcrumb\",\"itemListElement\":[{\"@type\":\"ListItem\",\"position\":1,\"name\":\"Home\",\"item\":\"https:\\\/\\\/grenzinfo.eu\\\/eur\\\/\"},{\"@type\":\"ListItem\",\"position\":2,\"name\":\"Digitale themadag studiefinanciering\"}]},{\"@type\":\"WebSite\",\"@id\":\"https:\\\/\\\/grenzinfo.eu\\\/eur\\\/#website\",\"url\":\"https:\\\/\\\/grenzinfo.eu\\\/eur\\\/\",\"name\":\"EUREGIO\",\"description\":\"Grenzinfopunkt EUREGIO\",\"potentialAction\":[{\"@type\":\"SearchAction\",\"target\":{\"@type\":\"EntryPoint\",\"urlTemplate\":\"https:\\\/\\\/grenzinfo.eu\\\/eur\\\/?s={search_term_string}\"},\"query-input\":{\"@type\":\"PropertyValueSpecification\",\"valueRequired\":true,\"valueName\":\"search_term_string\"}}],\"inLanguage\":\"de\"}]}<\/script>\n<!-- \/ Yoast SEO plugin. -->","yoast_head_json":{"title":"Digitale themadag studiefinanciering - EUREGIO","robots":{"index":"index","follow":"follow","max-snippet":"max-snippet:-1","max-image-preview":"max-image-preview:large","max-video-preview":"max-video-preview:-1"},"canonical":"https:\/\/grenzinfo.eu\/eur\/nl\/digitale-themadag-studiefinanciering\/","og_locale":"de_DE","og_type":"article","og_title":"Digitale themadag studiefinanciering - EUREGIO","og_description":"Nieuw adviesaanbod van het GrensInfoPunt EUREGIO: \u201cDigitale themadag studiefinanciering\u201d Welke financi\u00eble ondersteuning is er in Duitsland of Nederland beschikbaar voor studenten die in het ene land wonen en in het andere land willen studeren? Antwoorden over (internationaal) BAf\u00f6G en studiefinanciering krijg je op de \u201cDigitale themadag studiefinanciering\u201d, die het GrensInfoPunt EUREGIO op 9 oktober 2024 [&hellip;]","og_url":"https:\/\/grenzinfo.eu\/eur\/nl\/digitale-themadag-studiefinanciering\/","og_site_name":"EUREGIO","article_modified_time":"2024-10-02T07:24:29+00:00","twitter_card":"summary_large_image","twitter_misc":{"Gesch\u00e4tzte Lesezeit":"1\u00a0Minute"},"schema":{"@context":"https:\/\/schema.org","@graph":[{"@type":"WebPage","@id":"https:\/\/grenzinfo.eu\/eur\/nl\/digitale-themadag-studiefinanciering\/","url":"https:\/\/grenzinfo.eu\/eur\/nl\/digitale-themadag-studiefinanciering\/","name":"Digitale themadag studiefinanciering - EUREGIO","isPartOf":{"@id":"https:\/\/grenzinfo.eu\/eur\/#website"},"datePublished":"2024-09-11T10:21:02+00:00","dateModified":"2024-10-02T07:24:29+00:00","breadcrumb":{"@id":"https:\/\/grenzinfo.eu\/eur\/nl\/digitale-themadag-studiefinanciering\/#breadcrumb"},"inLanguage":"de","potentialAction":[{"@type":"ReadAction","target":["https:\/\/grenzinfo.eu\/eur\/nl\/digitale-themadag-studiefinanciering\/"]}]},{"@type":"BreadcrumbList","@id":"https:\/\/grenzinfo.eu\/eur\/nl\/digitale-themadag-studiefinanciering\/#breadcrumb","itemListElement":[{"@type":"ListItem","position":1,"name":"Home","item":"https:\/\/grenzinfo.eu\/eur\/"},{"@type":"ListItem","position":2,"name":"Digitale themadag studiefinanciering"}]},{"@type":"WebSite","@id":"https:\/\/grenzinfo.eu\/eur\/#website","url":"https:\/\/grenzinfo.eu\/eur\/","name":"EUREGIO","description":"Grenzinfopunkt EUREGIO","potentialAction":[{"@type":"SearchAction","target":{"@type":"EntryPoint","urlTemplate":"https:\/\/grenzinfo.eu\/eur\/?s={search_term_string}"},"query-input":{"@type":"PropertyValueSpecification","valueRequired":true,"valueName":"search_term_string"}}],"inLanguage":"de"}]}},"lang":"nl","translations":{"nl":18473,"de":18469},"pll_sync_post":[],"_links":{"self":[{"href":"https:\/\/grenzinfo.eu\/eur\/wp-json\/wp\/v2\/pages\/18473","targetHints":{"allow":["GET"]}}],"collection":[{"href":"https:\/\/grenzinfo.eu\/eur\/wp-json\/wp\/v2\/pages"}],"about":[{"href":"https:\/\/grenzinfo.eu\/eur\/wp-json\/wp\/v2\/types\/page"}],"author":[{"embeddable":true,"href":"https:\/\/grenzinfo.eu\/eur\/wp-json\/wp\/v2\/users\/46"}],"replies":[{"embeddable":true,"href":"https:\/\/grenzinfo.eu\/eur\/wp-json\/wp\/v2\/comments?post=18473"}],"version-history":[{"count":10,"href":"https:\/\/grenzinfo.eu\/eur\/wp-json\/wp\/v2\/pages\/18473\/revisions"}],"predecessor-version":[{"id":18603,"href":"https:\/\/grenzinfo.eu\/eur\/wp-json\/wp\/v2\/pages\/18473\/revisions\/18603"}],"wp:attachment":[{"href":"https:\/\/grenzinfo.eu\/eur\/wp-json\/wp\/v2\/media?parent=18473"}],"curies":[{"name":"wp","href":"https:\/\/api.w.org\/{rel}","templated":true}]}}