{"id":9974,"date":"2019-02-16T23:46:20","date_gmt":"2019-02-16T22:46:20","guid":{"rendered":"https:\/\/grenzinfo.eu\/eur\/?page_id=9974"},"modified":"2026-03-12T08:15:42","modified_gmt":"2026-03-12T07:15:42","slug":"aanvraag","status":"publish","type":"page","link":"https:\/\/grenzinfo.eu\/eur\/nl\/aanvraag\/","title":{"rendered":"Aanvraag"},"content":{"rendered":"\t\t<div data-elementor-type=\"wp-post\" data-elementor-id=\"9974\" class=\"elementor elementor-9974\" data-elementor-post-type=\"page\">\n\t\t\t\t\t\t<section class=\"elementor-section elementor-top-section elementor-element elementor-element-c61dc33 elementor-section-boxed elementor-section-height-default elementor-section-height-default\" data-id=\"c61dc33\" data-element_type=\"section\" data-e-type=\"section\">\n\t\t\t\t\t\t<div class=\"elementor-container elementor-column-gap-default\">\n\t\t\t\t\t<div class=\"elementor-column elementor-col-50 elementor-top-column elementor-element elementor-element-5d9e0e9\" data-id=\"5d9e0e9\" data-element_type=\"column\" data-e-type=\"column\">\n\t\t\t<div class=\"elementor-widget-wrap elementor-element-populated\">\n\t\t\t\t\t\t<div class=\"elementor-element elementor-element-f629cb1 elementor-widget elementor-widget-heading\" data-id=\"f629cb1\" data-element_type=\"widget\" data-e-type=\"widget\" data-widget_type=\"heading.default\">\n\t\t\t\t<div class=\"elementor-widget-container\">\n\t\t\t\t\t<h2 class=\"elementor-heading-title elementor-size-default\">Aanvraag<\/h2>\t\t\t\t<\/div>\n\t\t\t\t<\/div>\n\t\t\t\t<div class=\"elementor-element elementor-element-1119d6b elementor-widget elementor-widget-text-editor\" data-id=\"1119d6b\" data-element_type=\"widget\" data-e-type=\"widget\" data-widget_type=\"text-editor.default\">\n\t\t\t\t<div class=\"elementor-widget-container\">\n\t\t\t\t\t\t\t\t\t<p>Via ons aanvraagformulier kunt u eenvoudig en gemakkelijk vragen stellen. De gegevens, die u dient in te vullen op het formulier, worden uiteraard vertrouwelijk behandeld en niet aan derden verstrekt zonder uw toestemming. Uw contactgegevens dient u enkel in te vullen opdat het ons mogelijk is om met u contact op te nemen.<\/p><p><strong>Gelieve dit formulier zo volledig mogelijk in te vullen zodat onze medewerkers in staat zijn om uw vraag goed te beantwoorden.<\/strong><\/p><p>Zodra u uw aanvraag verstuurd heeft, ontvangt u per e-mail een ontvangstbevestiging met uw inloggegevens. Controleer a.u.b. in uw inbox (<strong>en mogelijk uw spam-map<\/strong>) of u de ontvangstbevestiging ontvangen heeft.<\/p><p>Door uw aanvraag in ons portaal kunt u snel en gemakkelijk met ons communiceren. Mochten zich problemen voordoen, neem dan telefonisch contact met ons op.<\/p><p><strong><span style=\"color: #ff0000\">Opmerking:<\/span><\/strong><\/p><p><strong><span style=\"color: #ff0000\">Door ziekteverzuim kan de behandeling van uw aanvraag momenteel vertraging oplopen. Wij vragen hiervoor uw begrip.<\/span><\/strong><\/p>\t\t\t\t\t\t\t\t<\/div>\n\t\t\t\t<\/div>\n\t\t\t\t<div class=\"elementor-element elementor-element-9f0068f elementor-widget-divider--view-line elementor-widget elementor-widget-divider\" data-id=\"9f0068f\" data-element_type=\"widget\" data-e-type=\"widget\" data-widget_type=\"divider.default\">\n\t\t\t\t<div class=\"elementor-widget-container\">\n\t\t\t\t\t\t\t<div class=\"elementor-divider\">\n\t\t\t<span class=\"elementor-divider-separator\">\n\t\t\t\t\t\t<\/span>\n\t\t<\/div>\n\t\t\t\t\t\t<\/div>\n\t\t\t\t<\/div>\n\t\t\t\t<div class=\"elementor-element elementor-element-bc99b83 elementor-widget elementor-widget-shortcode\" data-id=\"bc99b83\" data-element_type=\"widget\" data-e-type=\"widget\" data-widget_type=\"shortcode.default\">\n\t\t\t\t<div class=\"elementor-widget-container\">\n\t\t\t\t\t\t\t<div class=\"elementor-shortcode\"><iframe class=\"cl-iframe\" src=\"https:\/\/crm.grenzinfo.eu\/eur\/public\/_new\/?lang=nl\" height=\"1300\" width=\"100%\" scrolling=\"yes\" class=\"cl-iframe\" frameborder=\"0\" adjust_to_content=\"1\"><\/iframe>\n<\/div>\n\t\t\t\t\t\t<\/div>\n\t\t\t\t<\/div>\n\t\t\t\t<div class=\"elementor-element elementor-element-fddfcac elementor-widget elementor-widget-text-editor\" data-id=\"fddfcac\" data-element_type=\"widget\" data-e-type=\"widget\" data-widget_type=\"text-editor.default\">\n\t\t\t\t<div class=\"elementor-widget-container\">\n\t\t\t\t\t\t\t\t\t<p><sup>Alle Informationen wurden f\u00fcr Sie durch die Mitarbeiter des GIP mit gr\u00f6\u00dfter Sorgfalt nach bestem Wissen und Gewissen zusammengestellt; trotz sorgf\u00e4ltiger Pr\u00fcfung \u00fcbernehmen wir f\u00fcr die Richtigkeit dieser Angaben keine Gew\u00e4hr.<\/sup><\/p>\t\t\t\t\t\t\t\t<\/div>\n\t\t\t\t<\/div>\n\t\t\t\t\t<\/div>\n\t\t<\/div>\n\t\t\t\t<div class=\"elementor-column elementor-col-50 elementor-top-column elementor-element elementor-element-61a2d56\" data-id=\"61a2d56\" data-element_type=\"column\" data-e-type=\"column\" data-settings=\"{&quot;background_background&quot;:&quot;classic&quot;}\">\n\t\t\t<div class=\"elementor-widget-wrap elementor-element-populated\">\n\t\t\t\t\t\t<div class=\"elementor-element elementor-element-dbc668a elementor-share-buttons--view-icon elementor-grid-tablet-3 elementor-grid-mobile-0 elementor-share-buttons--skin-gradient elementor-share-buttons--shape-square elementor-grid-0 elementor-share-buttons--color-official elementor-widget elementor-widget-share-buttons\" data-id=\"dbc668a\" data-element_type=\"widget\" data-e-type=\"widget\" data-widget_type=\"share-buttons.default\">\n\t\t\t\t<div class=\"elementor-widget-container\">\n\t\t\t\t\t\t\t<div class=\"elementor-grid\" role=\"list\">\n\t\t\t\t\t\t\t\t<div class=\"elementor-grid-item\" role=\"listitem\">\n\t\t\t\t\t\t<div class=\"elementor-share-btn elementor-share-btn_facebook\" role=\"button\" tabindex=\"0\" aria-label=\"Share on facebook\">\n\t\t\t\t\t\t\t\t\t\t\t\t\t\t\t<span class=\"elementor-share-btn__icon\">\n\t\t\t\t\t\t\t\t<i class=\"fab fa-facebook\" aria-hidden=\"true\"><\/i>\t\t\t\t\t\t\t<\/span>\n\t\t\t\t\t\t\t\t\t\t\t\t\t\t\t\t\t\t\t\t<\/div>\n\t\t\t\t\t<\/div>\n\t\t\t\t\t\t\t\t\t<div class=\"elementor-grid-item\" role=\"listitem\">\n\t\t\t\t\t\t<div class=\"elementor-share-btn elementor-share-btn_twitter\" role=\"button\" tabindex=\"0\" aria-label=\"Share on twitter\">\n\t\t\t\t\t\t\t\t\t\t\t\t\t\t\t<span class=\"elementor-share-btn__icon\">\n\t\t\t\t\t\t\t\t<i class=\"fab fa-twitter\" aria-hidden=\"true\"><\/i>\t\t\t\t\t\t\t<\/span>\n\t\t\t\t\t\t\t\t\t\t\t\t\t\t\t\t\t\t\t\t<\/div>\n\t\t\t\t\t<\/div>\n\t\t\t\t\t\t<\/div>\n\t\t\t\t\t\t<\/div>\n\t\t\t\t<\/div>\n\t\t\t\t<div class=\"elementor-element elementor-element-3d2fd18 elementor-widget elementor-widget-heading\" data-id=\"3d2fd18\" data-element_type=\"widget\" data-e-type=\"widget\" data-widget_type=\"heading.default\">\n\t\t\t\t<div class=\"elementor-widget-container\">\n\t\t\t\t\t<h3 class=\"elementor-heading-title elementor-size-default\">EVENEMENTEN<\/h3>\t\t\t\t<\/div>\n\t\t\t\t<\/div>\n\t\t\t\t<div class=\"elementor-element elementor-element-9bcbc06 elementor-widget elementor-widget-wp-widget-atl_finderbox_widget\" data-id=\"9bcbc06\" data-element_type=\"widget\" data-e-type=\"widget\" data-widget_type=\"wp-widget-atl_finderbox_widget.default\">\n\t\t\t\t<div class=\"elementor-widget-container\">\n\t\t\t\t\t        <div class=\"text-center bg-white p-4\">\n            <i class=\"fa fa-info-circle\" style=\"font-size: 66px\"><\/i>\n            <p>Grenzinfopunkte in Ihrer N\u00e4he<\/p>\n            <a href=\"https:\/\/grenzinfo.eu\/eur\/#finder\" class=\"btn btn-success px-4\"><i class=\"fa fa-chevron-right\"><\/i> <strong>Finder<\/strong><\/a>\n        <\/div>\n    \t\t\t\t<\/div>\n\t\t\t\t<\/div>\n\t\t\t\t\t<\/div>\n\t\t<\/div>\n\t\t\t\t\t<\/div>\n\t\t<\/section>\n\t\t\t\t<\/div>\n\t\t","protected":false},"excerpt":{"rendered":"<p>Aanvraag Via ons aanvraagformulier kunt u eenvoudig en gemakkelijk vragen stellen. De gegevens, die u dient in te vullen op het formulier, worden uiteraard vertrouwelijk behandeld en niet aan derden verstrekt zonder uw toestemming. Uw contactgegevens dient u enkel in te vullen opdat het ons mogelijk is om met u contact op te nemen. Gelieve [&hellip;]<\/p>\n","protected":false},"author":1,"featured_media":0,"parent":0,"menu_order":0,"comment_status":"closed","ping_status":"closed","template":"","meta":{"_acf_changed":false,"footnotes":""},"class_list":["post-9974","page","type-page","status-publish","hentry"],"acf":[],"yoast_head":"<!-- This site is optimized with the Yoast SEO plugin v27.4 - https:\/\/yoast.com\/product\/yoast-seo-wordpress\/ -->\n<title>Aanvraag - EUREGIO<\/title>\n<meta name=\"description\" content=\"Met het aanvraagformulier kunt u uw persoonlijke vraag stellen aan medewerkers van het Grensinfopunt EUREGIO over werken, wonen of studeren in Duitsland.\" \/>\n<meta name=\"robots\" content=\"index, follow, max-snippet:-1, max-image-preview:large, max-video-preview:-1\" \/>\n<link rel=\"canonical\" href=\"https:\/\/grenzinfo.eu\/eur\/nl\/aanvraag\/\" \/>\n<meta property=\"og:locale\" content=\"de_DE\" \/>\n<meta property=\"og:type\" content=\"article\" \/>\n<meta property=\"og:title\" content=\"Aanvraag - EUREGIO\" \/>\n<meta property=\"og:description\" content=\"Met het aanvraagformulier kunt u uw persoonlijke vraag stellen aan medewerkers van het Grensinfopunt EUREGIO over werken, wonen of studeren in Duitsland.\" \/>\n<meta property=\"og:url\" content=\"https:\/\/grenzinfo.eu\/eur\/nl\/aanvraag\/\" \/>\n<meta property=\"og:site_name\" content=\"EUREGIO\" \/>\n<meta property=\"article:modified_time\" content=\"2026-03-12T07:15:42+00:00\" \/>\n<meta name=\"twitter:card\" content=\"summary_large_image\" \/>\n<meta name=\"twitter:label1\" content=\"Gesch\u00e4tzte Lesezeit\" \/>\n\t<meta name=\"twitter:data1\" content=\"2\u00a0Minuten\" \/>\n<script type=\"application\/ld+json\" class=\"yoast-schema-graph\">{\"@context\":\"https:\\\/\\\/schema.org\",\"@graph\":[{\"@type\":\"WebPage\",\"@id\":\"https:\\\/\\\/grenzinfo.eu\\\/eur\\\/nl\\\/aanvraag\\\/\",\"url\":\"https:\\\/\\\/grenzinfo.eu\\\/eur\\\/nl\\\/aanvraag\\\/\",\"name\":\"Aanvraag - EUREGIO\",\"isPartOf\":{\"@id\":\"https:\\\/\\\/grenzinfo.eu\\\/eur\\\/#website\"},\"datePublished\":\"2019-02-16T22:46:20+00:00\",\"dateModified\":\"2026-03-12T07:15:42+00:00\",\"description\":\"Met het aanvraagformulier kunt u uw persoonlijke vraag stellen aan medewerkers van het Grensinfopunt EUREGIO over werken, wonen of studeren in Duitsland.\",\"breadcrumb\":{\"@id\":\"https:\\\/\\\/grenzinfo.eu\\\/eur\\\/nl\\\/aanvraag\\\/#breadcrumb\"},\"inLanguage\":\"de\",\"potentialAction\":[{\"@type\":\"ReadAction\",\"target\":[\"https:\\\/\\\/grenzinfo.eu\\\/eur\\\/nl\\\/aanvraag\\\/\"]}]},{\"@type\":\"BreadcrumbList\",\"@id\":\"https:\\\/\\\/grenzinfo.eu\\\/eur\\\/nl\\\/aanvraag\\\/#breadcrumb\",\"itemListElement\":[{\"@type\":\"ListItem\",\"position\":1,\"name\":\"Home\",\"item\":\"https:\\\/\\\/grenzinfo.eu\\\/eur\\\/\"},{\"@type\":\"ListItem\",\"position\":2,\"name\":\"Aanvraag\"}]},{\"@type\":\"WebSite\",\"@id\":\"https:\\\/\\\/grenzinfo.eu\\\/eur\\\/#website\",\"url\":\"https:\\\/\\\/grenzinfo.eu\\\/eur\\\/\",\"name\":\"EUREGIO\",\"description\":\"Grenzinfopunkt EUREGIO\",\"potentialAction\":[{\"@type\":\"SearchAction\",\"target\":{\"@type\":\"EntryPoint\",\"urlTemplate\":\"https:\\\/\\\/grenzinfo.eu\\\/eur\\\/?s={search_term_string}\"},\"query-input\":{\"@type\":\"PropertyValueSpecification\",\"valueRequired\":true,\"valueName\":\"search_term_string\"}}],\"inLanguage\":\"de\"}]}<\/script>\n<!-- \/ Yoast SEO plugin. -->","yoast_head_json":{"title":"Aanvraag - EUREGIO","description":"Met het aanvraagformulier kunt u uw persoonlijke vraag stellen aan medewerkers van het Grensinfopunt EUREGIO over werken, wonen of studeren in Duitsland.","robots":{"index":"index","follow":"follow","max-snippet":"max-snippet:-1","max-image-preview":"max-image-preview:large","max-video-preview":"max-video-preview:-1"},"canonical":"https:\/\/grenzinfo.eu\/eur\/nl\/aanvraag\/","og_locale":"de_DE","og_type":"article","og_title":"Aanvraag - EUREGIO","og_description":"Met het aanvraagformulier kunt u uw persoonlijke vraag stellen aan medewerkers van het Grensinfopunt EUREGIO over werken, wonen of studeren in Duitsland.","og_url":"https:\/\/grenzinfo.eu\/eur\/nl\/aanvraag\/","og_site_name":"EUREGIO","article_modified_time":"2026-03-12T07:15:42+00:00","twitter_card":"summary_large_image","twitter_misc":{"Gesch\u00e4tzte Lesezeit":"2\u00a0Minuten"},"schema":{"@context":"https:\/\/schema.org","@graph":[{"@type":"WebPage","@id":"https:\/\/grenzinfo.eu\/eur\/nl\/aanvraag\/","url":"https:\/\/grenzinfo.eu\/eur\/nl\/aanvraag\/","name":"Aanvraag - EUREGIO","isPartOf":{"@id":"https:\/\/grenzinfo.eu\/eur\/#website"},"datePublished":"2019-02-16T22:46:20+00:00","dateModified":"2026-03-12T07:15:42+00:00","description":"Met het aanvraagformulier kunt u uw persoonlijke vraag stellen aan medewerkers van het Grensinfopunt EUREGIO over werken, wonen of studeren in Duitsland.","breadcrumb":{"@id":"https:\/\/grenzinfo.eu\/eur\/nl\/aanvraag\/#breadcrumb"},"inLanguage":"de","potentialAction":[{"@type":"ReadAction","target":["https:\/\/grenzinfo.eu\/eur\/nl\/aanvraag\/"]}]},{"@type":"BreadcrumbList","@id":"https:\/\/grenzinfo.eu\/eur\/nl\/aanvraag\/#breadcrumb","itemListElement":[{"@type":"ListItem","position":1,"name":"Home","item":"https:\/\/grenzinfo.eu\/eur\/"},{"@type":"ListItem","position":2,"name":"Aanvraag"}]},{"@type":"WebSite","@id":"https:\/\/grenzinfo.eu\/eur\/#website","url":"https:\/\/grenzinfo.eu\/eur\/","name":"EUREGIO","description":"Grenzinfopunkt EUREGIO","potentialAction":[{"@type":"SearchAction","target":{"@type":"EntryPoint","urlTemplate":"https:\/\/grenzinfo.eu\/eur\/?s={search_term_string}"},"query-input":{"@type":"PropertyValueSpecification","valueRequired":true,"valueName":"search_term_string"}}],"inLanguage":"de"}]}},"lang":"nl","translations":{"nl":9974,"de":9965},"pll_sync_post":[],"_links":{"self":[{"href":"https:\/\/grenzinfo.eu\/eur\/wp-json\/wp\/v2\/pages\/9974","targetHints":{"allow":["GET"]}}],"collection":[{"href":"https:\/\/grenzinfo.eu\/eur\/wp-json\/wp\/v2\/pages"}],"about":[{"href":"https:\/\/grenzinfo.eu\/eur\/wp-json\/wp\/v2\/types\/page"}],"author":[{"embeddable":true,"href":"https:\/\/grenzinfo.eu\/eur\/wp-json\/wp\/v2\/users\/1"}],"replies":[{"embeddable":true,"href":"https:\/\/grenzinfo.eu\/eur\/wp-json\/wp\/v2\/comments?post=9974"}],"version-history":[{"count":24,"href":"https:\/\/grenzinfo.eu\/eur\/wp-json\/wp\/v2\/pages\/9974\/revisions"}],"predecessor-version":[{"id":23268,"href":"https:\/\/grenzinfo.eu\/eur\/wp-json\/wp\/v2\/pages\/9974\/revisions\/23268"}],"wp:attachment":[{"href":"https:\/\/grenzinfo.eu\/eur\/wp-json\/wp\/v2\/media?parent=9974"}],"curies":[{"name":"wp","href":"https:\/\/api.w.org\/{rel}","templated":true}]}}