{"id":10568,"date":"2019-08-19T12:43:46","date_gmt":"2019-08-19T10:43:46","guid":{"rendered":"https:\/\/grenzinfo.eu\/eus\/?page_id=10568"},"modified":"2020-11-06T16:07:47","modified_gmt":"2020-11-06T15:07:47","slug":"informatieavond-voor-grensarbeiders","status":"publish","type":"page","link":"https:\/\/grenzinfo.eu\/eus\/informatieavond-voor-grensarbeiders\/","title":{"rendered":"Informatieavond voor grensarbeiders"},"content":{"rendered":"\t\t<div data-elementor-type=\"wp-post\" data-elementor-id=\"10568\" class=\"elementor elementor-10568\" data-elementor-post-type=\"page\">\n\t\t\t\t\t\t<section class=\"elementor-section elementor-top-section elementor-element elementor-element-aa18b92 elementor-section-stretched elementor-section-height-min-height elementor-section-boxed elementor-section-height-default elementor-section-items-middle\" data-id=\"aa18b92\" data-element_type=\"section\" data-e-type=\"section\" data-settings=\"{&quot;stretch_section&quot;:&quot;section-stretched&quot;,&quot;background_background&quot;:&quot;classic&quot;}\">\n\t\t\t\t\t\t<div class=\"elementor-container elementor-column-gap-default\">\n\t\t\t\t\t<div class=\"elementor-column elementor-col-100 elementor-top-column elementor-element elementor-element-6cc4fa9\" data-id=\"6cc4fa9\" data-element_type=\"column\" data-e-type=\"column\">\n\t\t\t<div class=\"elementor-widget-wrap\">\n\t\t\t\t\t\t\t<\/div>\n\t\t<\/div>\n\t\t\t\t\t<\/div>\n\t\t<\/section>\n\t\t\t\t<section class=\"elementor-section elementor-top-section elementor-element elementor-element-0454266 elementor-section-boxed elementor-section-height-default elementor-section-height-default\" data-id=\"0454266\" data-element_type=\"section\" data-e-type=\"section\">\n\t\t\t\t\t\t<div class=\"elementor-container elementor-column-gap-default\">\n\t\t\t\t\t<div class=\"elementor-column elementor-col-100 elementor-top-column elementor-element elementor-element-03b09c6\" data-id=\"03b09c6\" data-element_type=\"column\" data-e-type=\"column\">\n\t\t\t<div class=\"elementor-widget-wrap elementor-element-populated\">\n\t\t\t\t\t\t<div class=\"elementor-element elementor-element-b008be1 elementor-widget elementor-widget-heading\" data-id=\"b008be1\" data-element_type=\"widget\" data-e-type=\"widget\" data-widget_type=\"heading.default\">\n\t\t\t\t<div class=\"elementor-widget-container\">\n\t\t\t\t\t<h3 class=\"elementor-heading-title elementor-size-default\"><h1 class=\"title highlight no-margin\">Kom naar de online Expertsessie!<\/h1><\/h3>\t\t\t\t<\/div>\n\t\t\t\t<\/div>\n\t\t\t\t<div class=\"elementor-element elementor-element-df1bee4 elementor-widget elementor-widget-text-editor\" data-id=\"df1bee4\" data-element_type=\"widget\" data-e-type=\"widget\" data-widget_type=\"text-editor.default\">\n\t\t\t\t<div class=\"elementor-widget-container\">\n\t\t\t\t\t\t\t\t\t<div id=\"site\"><div class=\"container\"><div class=\"row\"><div class=\"col-md-12\"><div class=\"margin-top-logo-heading\"><div class=\"row\"><div class=\"col-md-12\"><div class=\"content rounded-borders bottom-margin-40\"><p>Vind je overal informatie maar echter geen antwoord? Vanwege de grote belangstelling gaan we op 4 december a.s. voor de tweede keer de online Expertsessie in het grensgebied organiseren. Ook als je thuiswerkt als grensarbeider of werken is vooralsnog niet mogelijk ben je van harte welkom op deze Expertsessie.\u00a0<\/p><p>Ben je\u00a0in gesprek met een werkgever over de grens omdat je\u00a0overweegt om als grensarbeider (in Belgi\u00eb of Nederland) aan de slag te gaan? Of ben je\u00a0recent gestart met een baan over de grens? Of heeft de Coronacrisis gevolgen voor jou als grensarbeider? Neem deel aan de online Expertsessie en laat je\u00a0informeren door verschillende experts op het gebied van grensarbeid.<\/p><\/div><\/div><\/div><\/div><\/div><\/div><\/div><\/div><div id=\"site\"><div class=\"container\"><div class=\"row\"><div class=\"col-md-12\"><div class=\"margin-top-logo-heading\"><div class=\"row\"><div class=\"col-md-12\"><div class=\"content rounded-borders bottom-margin-40\"><p>Er zijn veel verschillende loketten die je\u00a0van informatie voorzien. Tijdens de online Expertsessie kan je\u00a0in \u00e9\u00e9n dagdeel alle informatie krijgen die je\u00a0nodig hebt als (toekomstig) grensarbeider.\u00a0De experts die aanwezig zijn geven antwoord op vragen op het gebied van:<\/p><ul><li>Fiscaliteit\u00a0 door de Belastingdienst<\/li><li>Sociale Zekerheid door SVB\/Bureau voor Belgische Zaken<\/li><li>Arbeidsrecht door de Vakbonden<\/li><li>Uitkeringszaken door UWV Bijzondere Zaken<\/li><li>Algemene advisering door VDAB en UWV Eures adviseurs<\/li><\/ul><p>Aanmelden is verplicht en eenvoudig door een e-mail to sturen naar <a href=\"mailto:werkenoverdegrens@uwv.nl\">werkenoverdegrens@uwv.nl<\/a>.<\/p><p>Na de verplichte aanmelding per mail ontvang je een bevestiging van jouw deelname aan een ochtend- of middagsessie. Heb je een voorkeur geef deze bij de aanmelding aan. <a title=\"aanmelding\" href=\"mailto:werkenoverdegrens@uwv.nl\" name=\"aanmelding\"><\/a><\/p><\/div><\/div><\/div><\/div><\/div><\/div><\/div><\/div><div id=\"site\"><div class=\"container\"><div class=\"row\"><div class=\"col-md-12\"><div class=\"margin-top-logo-heading\"><div class=\"row\"><div class=\"col-md-12\"><div class=\"content rounded-borders bottom-margin-40\"><p><strong>Wanneer?<\/strong><br \/>4 december 2020 van 09:00 tot 16:30 uur.<\/p><p>Zijn er na het volgen van deze sessie nog vragen of schikt deze datum niet in de agenda, geen nood. Maak een afspraak met onze adviseur Roy van den Eeckhout van het Grensinfopunt in Terneuzen. Tijdens een \u00e9\u00e9n op \u00e9\u00e9n gesprek kan hij persoonlijke vragen beantwoorden. Dit gesprek kan telefonisch of fysiek op het Stadskantoor in Terneuzen plaatsvinden. Mail ons uw gegevens, voorzien van het telefoonnummer voor het maken van een afspraak, <a href=\"mailto:info@wspzvl.nl\">info@wspzvl.nl<\/a>.<\/p><\/div><\/div><\/div><\/div><\/div><\/div><\/div><\/div>\t\t\t\t\t\t\t\t<\/div>\n\t\t\t\t<\/div>\n\t\t\t\t\t<\/div>\n\t\t<\/div>\n\t\t\t\t\t<\/div>\n\t\t<\/section>\n\t\t\t\t<\/div>\n\t\t","protected":false},"excerpt":{"rendered":"<p>Kom naar de online Expertsessie! Vind je overal informatie maar echter geen antwoord? Vanwege de grote belangstelling gaan we op 4 december a.s. voor de tweede keer de online Expertsessie in het grensgebied organiseren. Ook als je thuiswerkt als grensarbeider of werken is vooralsnog niet mogelijk ben je van harte welkom op deze Expertsessie.\u00a0 Ben [&hellip;]<\/p>\n","protected":false},"author":1,"featured_media":0,"parent":0,"menu_order":0,"comment_status":"closed","ping_status":"closed","template":"","meta":{"_acf_changed":false,"footnotes":""},"class_list":["post-10568","page","type-page","status-publish","hentry"],"acf":[],"yoast_head":"<!-- This site is optimized with the Yoast SEO plugin v27.4 - https:\/\/yoast.com\/product\/yoast-seo-wordpress\/ -->\n<title>Informatieavond voor grensarbeiders - Euregio Scheldemond<\/title>\n<meta name=\"robots\" content=\"index, follow, max-snippet:-1, max-image-preview:large, max-video-preview:-1\" \/>\n<link rel=\"canonical\" href=\"https:\/\/grenzinfo.eu\/eus\/informatieavond-voor-grensarbeiders\/\" \/>\n<meta property=\"og:locale\" content=\"nl_NL\" \/>\n<meta property=\"og:type\" content=\"article\" \/>\n<meta property=\"og:title\" content=\"Informatieavond voor grensarbeiders - Euregio Scheldemond\" \/>\n<meta property=\"og:description\" content=\"Kom naar de online Expertsessie! Vind je overal informatie maar echter geen antwoord? Vanwege de grote belangstelling gaan we op 4 december a.s. voor de tweede keer de online Expertsessie in het grensgebied organiseren. Ook als je thuiswerkt als grensarbeider of werken is vooralsnog niet mogelijk ben je van harte welkom op deze Expertsessie.\u00a0 Ben [&hellip;]\" \/>\n<meta property=\"og:url\" content=\"https:\/\/grenzinfo.eu\/eus\/informatieavond-voor-grensarbeiders\/\" \/>\n<meta property=\"og:site_name\" content=\"Euregio Scheldemond\" \/>\n<meta property=\"article:modified_time\" content=\"2020-11-06T15:07:47+00:00\" \/>\n<meta name=\"twitter:card\" content=\"summary_large_image\" \/>\n<meta name=\"twitter:label1\" content=\"Verwachte leestijd\" \/>\n\t<meta name=\"twitter:data1\" content=\"2 minuten\" \/>\n<script type=\"application\/ld+json\" class=\"yoast-schema-graph\">{\"@context\":\"https:\\\/\\\/schema.org\",\"@graph\":[{\"@type\":\"WebPage\",\"@id\":\"https:\\\/\\\/grenzinfo.eu\\\/eus\\\/informatieavond-voor-grensarbeiders\\\/\",\"url\":\"https:\\\/\\\/grenzinfo.eu\\\/eus\\\/informatieavond-voor-grensarbeiders\\\/\",\"name\":\"Informatieavond voor grensarbeiders - Euregio Scheldemond\",\"isPartOf\":{\"@id\":\"https:\\\/\\\/grenzinfo.eu\\\/eus\\\/#website\"},\"datePublished\":\"2019-08-19T10:43:46+00:00\",\"dateModified\":\"2020-11-06T15:07:47+00:00\",\"breadcrumb\":{\"@id\":\"https:\\\/\\\/grenzinfo.eu\\\/eus\\\/informatieavond-voor-grensarbeiders\\\/#breadcrumb\"},\"inLanguage\":\"nl-NL\",\"potentialAction\":[{\"@type\":\"ReadAction\",\"target\":[\"https:\\\/\\\/grenzinfo.eu\\\/eus\\\/informatieavond-voor-grensarbeiders\\\/\"]}]},{\"@type\":\"BreadcrumbList\",\"@id\":\"https:\\\/\\\/grenzinfo.eu\\\/eus\\\/informatieavond-voor-grensarbeiders\\\/#breadcrumb\",\"itemListElement\":[{\"@type\":\"ListItem\",\"position\":1,\"name\":\"Home\",\"item\":\"https:\\\/\\\/grenzinfo.eu\\\/eus\\\/\"},{\"@type\":\"ListItem\",\"position\":2,\"name\":\"Informatieavond voor grensarbeiders\"}]},{\"@type\":\"WebSite\",\"@id\":\"https:\\\/\\\/grenzinfo.eu\\\/eus\\\/#website\",\"url\":\"https:\\\/\\\/grenzinfo.eu\\\/eus\\\/\",\"name\":\"Euregio Scheldemond\",\"description\":\"Grensinfopunt Scheldemond\",\"potentialAction\":[{\"@type\":\"SearchAction\",\"target\":{\"@type\":\"EntryPoint\",\"urlTemplate\":\"https:\\\/\\\/grenzinfo.eu\\\/eus\\\/?s={search_term_string}\"},\"query-input\":{\"@type\":\"PropertyValueSpecification\",\"valueRequired\":true,\"valueName\":\"search_term_string\"}}],\"inLanguage\":\"nl-NL\"}]}<\/script>\n<!-- \/ Yoast SEO plugin. -->","yoast_head_json":{"title":"Informatieavond voor grensarbeiders - Euregio Scheldemond","robots":{"index":"index","follow":"follow","max-snippet":"max-snippet:-1","max-image-preview":"max-image-preview:large","max-video-preview":"max-video-preview:-1"},"canonical":"https:\/\/grenzinfo.eu\/eus\/informatieavond-voor-grensarbeiders\/","og_locale":"nl_NL","og_type":"article","og_title":"Informatieavond voor grensarbeiders - Euregio Scheldemond","og_description":"Kom naar de online Expertsessie! Vind je overal informatie maar echter geen antwoord? Vanwege de grote belangstelling gaan we op 4 december a.s. voor de tweede keer de online Expertsessie in het grensgebied organiseren. Ook als je thuiswerkt als grensarbeider of werken is vooralsnog niet mogelijk ben je van harte welkom op deze Expertsessie.\u00a0 Ben [&hellip;]","og_url":"https:\/\/grenzinfo.eu\/eus\/informatieavond-voor-grensarbeiders\/","og_site_name":"Euregio Scheldemond","article_modified_time":"2020-11-06T15:07:47+00:00","twitter_card":"summary_large_image","twitter_misc":{"Verwachte leestijd":"2 minuten"},"schema":{"@context":"https:\/\/schema.org","@graph":[{"@type":"WebPage","@id":"https:\/\/grenzinfo.eu\/eus\/informatieavond-voor-grensarbeiders\/","url":"https:\/\/grenzinfo.eu\/eus\/informatieavond-voor-grensarbeiders\/","name":"Informatieavond voor grensarbeiders - Euregio Scheldemond","isPartOf":{"@id":"https:\/\/grenzinfo.eu\/eus\/#website"},"datePublished":"2019-08-19T10:43:46+00:00","dateModified":"2020-11-06T15:07:47+00:00","breadcrumb":{"@id":"https:\/\/grenzinfo.eu\/eus\/informatieavond-voor-grensarbeiders\/#breadcrumb"},"inLanguage":"nl-NL","potentialAction":[{"@type":"ReadAction","target":["https:\/\/grenzinfo.eu\/eus\/informatieavond-voor-grensarbeiders\/"]}]},{"@type":"BreadcrumbList","@id":"https:\/\/grenzinfo.eu\/eus\/informatieavond-voor-grensarbeiders\/#breadcrumb","itemListElement":[{"@type":"ListItem","position":1,"name":"Home","item":"https:\/\/grenzinfo.eu\/eus\/"},{"@type":"ListItem","position":2,"name":"Informatieavond voor grensarbeiders"}]},{"@type":"WebSite","@id":"https:\/\/grenzinfo.eu\/eus\/#website","url":"https:\/\/grenzinfo.eu\/eus\/","name":"Euregio Scheldemond","description":"Grensinfopunt Scheldemond","potentialAction":[{"@type":"SearchAction","target":{"@type":"EntryPoint","urlTemplate":"https:\/\/grenzinfo.eu\/eus\/?s={search_term_string}"},"query-input":{"@type":"PropertyValueSpecification","valueRequired":true,"valueName":"search_term_string"}}],"inLanguage":"nl-NL"}]}},"lang":"nl","translations":{"nl":10568},"pll_sync_post":[],"_links":{"self":[{"href":"https:\/\/grenzinfo.eu\/eus\/wp-json\/wp\/v2\/pages\/10568","targetHints":{"allow":["GET"]}}],"collection":[{"href":"https:\/\/grenzinfo.eu\/eus\/wp-json\/wp\/v2\/pages"}],"about":[{"href":"https:\/\/grenzinfo.eu\/eus\/wp-json\/wp\/v2\/types\/page"}],"author":[{"embeddable":true,"href":"https:\/\/grenzinfo.eu\/eus\/wp-json\/wp\/v2\/users\/1"}],"replies":[{"embeddable":true,"href":"https:\/\/grenzinfo.eu\/eus\/wp-json\/wp\/v2\/comments?post=10568"}],"version-history":[{"count":0,"href":"https:\/\/grenzinfo.eu\/eus\/wp-json\/wp\/v2\/pages\/10568\/revisions"}],"wp:attachment":[{"href":"https:\/\/grenzinfo.eu\/eus\/wp-json\/wp\/v2\/media?parent=10568"}],"curies":[{"name":"wp","href":"https:\/\/api.w.org\/{rel}","templated":true}]}}