{"id":4385,"date":"2018-11-18T13:45:59","date_gmt":"2018-11-18T12:45:59","guid":{"rendered":"https:\/\/grenzinfo.eu\/rmn\/?page_id=4385"},"modified":"2025-12-15T15:41:59","modified_gmt":"2025-12-15T14:41:59","slug":"sprechtage","status":"publish","type":"page","link":"https:\/\/grenzinfo.eu\/rmn\/sprechtage\/","title":{"rendered":"Sprechtage"},"content":{"rendered":"\t\t<div data-elementor-type=\"wp-post\" data-elementor-id=\"4385\" class=\"elementor elementor-4385\" data-elementor-post-type=\"page\">\n\t\t\t\t\t\t<section class=\"elementor-section elementor-top-section elementor-element elementor-element-94bb2ab elementor-section-boxed elementor-section-height-default elementor-section-height-default\" data-id=\"94bb2ab\" data-element_type=\"section\" data-e-type=\"section\">\n\t\t\t\t\t\t<div class=\"elementor-container elementor-column-gap-default\">\n\t\t\t\t\t<div class=\"elementor-column elementor-col-50 elementor-top-column elementor-element elementor-element-40355e5\" data-id=\"40355e5\" data-element_type=\"column\" data-e-type=\"column\">\n\t\t\t<div class=\"elementor-widget-wrap elementor-element-populated\">\n\t\t\t\t\t\t<div class=\"elementor-element elementor-element-fb65f68 elementor-widget elementor-widget-heading\" data-id=\"fb65f68\" data-element_type=\"widget\" data-e-type=\"widget\" data-widget_type=\"heading.default\">\n\t\t\t\t<div class=\"elementor-widget-container\">\n\t\t\t\t\t<h1 class=\"elementor-heading-title elementor-size-default\">Grenzg\u00e4nger-Sprechtage<\/h1>\t\t\t\t<\/div>\n\t\t\t\t<\/div>\n\t\t\t\t<div class=\"elementor-element elementor-element-8347afa elementor-widget elementor-widget-text-editor\" data-id=\"8347afa\" data-element_type=\"widget\" data-e-type=\"widget\" data-widget_type=\"text-editor.default\">\n\t\t\t\t<div class=\"elementor-widget-container\">\n\t\t\t\t\t\t\t\t\t<p>Wir organisieren regelm\u00e4\u00dfig bilaterale Sprechtage f\u00fcr Grenzpendler. &nbsp;Auch im Jahr 2026 stehen B\u00fcrgerinnen und B\u00fcrgern an festen Terminen deutsche und niederl\u00e4ndische Berater in Venlo und in Roermond mit Rat und Tat zur Seite, wenn es um Fragen geht, die Grenzpendler besch\u00e4ftigen, wenn sie im Nachbarland arbeiten oder gearbeitet haben.<\/p>\n<p>Allgemeine Fragen zum Thema Sozialleistungen in Deutschland oder den Niederlanden beantworten beispielsweise die Experten des Bureau voor Duitse Zaken der niederl\u00e4ndischen Sozialversicherungsbank SVB. Hilfestellung bei Steuerfragen oder bei Problemen mit der niederl\u00e4ndischen oder deutschen Steuererkl\u00e4rung leisten Berater der jeweiligen Finanz\u00e4mter. Ausk\u00fcnfte zum Thema Arbeitsmarkt, Arbeitslosenversicherung und Grundsicherung erteilen die Berater der Arbeits\u00e4mter.<\/p>\n<div>\n<p>Die Beratung ist kostenlos<em>.<\/em><\/p>\n<\/div>\n<div>Eine komplette \u00dcbersicht der Sprechtage in Roermond und Venlo finden Sie hier: <a href=\"https:\/\/grenzinfo.eu\/rmn\/wp-content\/uploads\/sites\/6\/2025\/12\/2026-Sprechstundenflyer-digital.pdf\">Flyer GrenzInfoPunkt Sprechstunden 202<\/a><\/div>\t\t\t\t\t\t\t\t<\/div>\n\t\t\t\t<\/div>\n\t\t\t\t\t<\/div>\n\t\t<\/div>\n\t\t\t\t<div class=\"elementor-column elementor-col-50 elementor-top-column elementor-element elementor-element-fed1f9e\" data-id=\"fed1f9e\" data-element_type=\"column\" data-e-type=\"column\" data-settings=\"{&quot;background_background&quot;:&quot;classic&quot;}\">\n\t\t\t<div class=\"elementor-widget-wrap elementor-element-populated\">\n\t\t\t\t\t\t<div class=\"elementor-element elementor-element-bd59ff4 elementor-share-buttons--view-icon elementor-grid-tablet-3 elementor-grid-mobile-0 elementor-share-buttons--skin-gradient elementor-share-buttons--shape-square elementor-grid-0 elementor-share-buttons--color-official elementor-widget elementor-widget-share-buttons\" data-id=\"bd59ff4\" data-element_type=\"widget\" data-e-type=\"widget\" data-widget_type=\"share-buttons.default\">\n\t\t\t\t<div class=\"elementor-widget-container\">\n\t\t\t\t\t\t\t<div class=\"elementor-grid\" role=\"list\">\n\t\t\t\t\t\t\t\t<div class=\"elementor-grid-item\" role=\"listitem\">\n\t\t\t\t\t\t<div class=\"elementor-share-btn elementor-share-btn_facebook\" role=\"button\" tabindex=\"0\" aria-label=\"Share on facebook\">\n\t\t\t\t\t\t\t\t\t\t\t\t\t\t\t<span class=\"elementor-share-btn__icon\">\n\t\t\t\t\t\t\t\t<i class=\"fab fa-facebook\" aria-hidden=\"true\"><\/i>\t\t\t\t\t\t\t<\/span>\n\t\t\t\t\t\t\t\t\t\t\t\t\t\t\t\t\t\t\t\t<\/div>\n\t\t\t\t\t<\/div>\n\t\t\t\t\t\t\t\t\t<div class=\"elementor-grid-item\" role=\"listitem\">\n\t\t\t\t\t\t<div class=\"elementor-share-btn elementor-share-btn_xing\" role=\"button\" tabindex=\"0\" aria-label=\"Share on xing\">\n\t\t\t\t\t\t\t\t\t\t\t\t\t\t\t<span class=\"elementor-share-btn__icon\">\n\t\t\t\t\t\t\t\t<i class=\"fab fa-xing\" aria-hidden=\"true\"><\/i>\t\t\t\t\t\t\t<\/span>\n\t\t\t\t\t\t\t\t\t\t\t\t\t\t\t\t\t\t\t\t<\/div>\n\t\t\t\t\t<\/div>\n\t\t\t\t\t\t\t\t\t<div class=\"elementor-grid-item\" role=\"listitem\">\n\t\t\t\t\t\t<div class=\"elementor-share-btn elementor-share-btn_linkedin\" role=\"button\" tabindex=\"0\" aria-label=\"Share on linkedin\">\n\t\t\t\t\t\t\t\t\t\t\t\t\t\t\t<span class=\"elementor-share-btn__icon\">\n\t\t\t\t\t\t\t\t<i class=\"fab fa-linkedin\" aria-hidden=\"true\"><\/i>\t\t\t\t\t\t\t<\/span>\n\t\t\t\t\t\t\t\t\t\t\t\t\t\t\t\t\t\t\t\t<\/div>\n\t\t\t\t\t<\/div>\n\t\t\t\t\t\t<\/div>\n\t\t\t\t\t\t<\/div>\n\t\t\t\t<\/div>\n\t\t\t\t<div class=\"elementor-element elementor-element-5726680 elementor-widget elementor-widget-heading\" data-id=\"5726680\" data-element_type=\"widget\" data-e-type=\"widget\" data-widget_type=\"heading.default\">\n\t\t\t\t<div class=\"elementor-widget-container\">\n\t\t\t\t\t<h3 class=\"elementor-heading-title elementor-size-default\">DEMN\u00c4CHST<\/h3>\t\t\t\t<\/div>\n\t\t\t\t<\/div>\n\t\t\t\t<div class=\"elementor-element elementor-element-bc320ab elementor-widget elementor-widget-heading\" data-id=\"bc320ab\" data-element_type=\"widget\" data-e-type=\"widget\" data-widget_type=\"heading.default\">\n\t\t\t\t<div class=\"elementor-widget-container\">\n\t\t\t\t\t<h3 class=\"elementor-heading-title elementor-size-default\">Die n\u00e4chsten Sprechtage<\/h3>\t\t\t\t<\/div>\n\t\t\t\t<\/div>\n\t\t\t\t<div class=\"elementor-element elementor-element-9ded2ee elementor-widget elementor-widget-wp-widget-atl_finderbox_widget\" data-id=\"9ded2ee\" data-element_type=\"widget\" data-e-type=\"widget\" data-widget_type=\"wp-widget-atl_finderbox_widget.default\">\n\t\t\t\t<div class=\"elementor-widget-container\">\n\t\t\t\t\t        <div class=\"text-center bg-white p-4\">\n            <i class=\"fa fa-info-circle\" style=\"font-size: 66px\"><\/i>\n            <p>Grenzinfopunkte in Ihrer N\u00e4he<\/p>\n            <a href=\"https:\/\/grenzinfo.eu\/rmn\/#finder\" class=\"btn btn-success px-4\"><i class=\"fa fa-chevron-right\"><\/i> <strong>Finder<\/strong><\/a>\n        <\/div>\n    \t\t\t\t<\/div>\n\t\t\t\t<\/div>\n\t\t\t\t\t<\/div>\n\t\t<\/div>\n\t\t\t\t\t<\/div>\n\t\t<\/section>\n\t\t\t\t<\/div>\n\t\t","protected":false},"excerpt":{"rendered":"<p>Grenzg\u00e4nger-Sprechtage Wir organisieren regelm\u00e4\u00dfig bilaterale Sprechtage f\u00fcr Grenzpendler. &nbsp;Auch im Jahr 2026 stehen B\u00fcrgerinnen und B\u00fcrgern an festen Terminen deutsche und niederl\u00e4ndische Berater in Venlo und in Roermond mit Rat und Tat zur Seite, wenn es um Fragen geht, die Grenzpendler besch\u00e4ftigen, wenn sie im Nachbarland arbeiten oder gearbeitet haben. Allgemeine Fragen zum Thema Sozialleistungen [&hellip;]<\/p>\n","protected":false},"author":1,"featured_media":0,"parent":0,"menu_order":0,"comment_status":"closed","ping_status":"closed","template":"","meta":{"_acf_changed":false,"footnotes":""},"class_list":["post-4385","page","type-page","status-publish","hentry"],"acf":[],"yoast_head":"<!-- This site is optimized with the Yoast SEO plugin v27.4 - https:\/\/yoast.com\/product\/yoast-seo-wordpress\/ -->\n<title>Sprechtage - rhein-maas-nord<\/title>\n<meta name=\"robots\" content=\"index, follow, max-snippet:-1, max-image-preview:large, max-video-preview:-1\" \/>\n<link rel=\"canonical\" href=\"https:\/\/grenzinfo.eu\/rmn\/sprechtage\/\" \/>\n<meta property=\"og:locale\" content=\"de_DE\" \/>\n<meta property=\"og:type\" content=\"article\" \/>\n<meta property=\"og:title\" content=\"Sprechtage - rhein-maas-nord\" \/>\n<meta property=\"og:description\" content=\"Grenzg\u00e4nger-Sprechtage Wir organisieren regelm\u00e4\u00dfig bilaterale Sprechtage f\u00fcr Grenzpendler. &nbsp;Auch im Jahr 2026 stehen B\u00fcrgerinnen und B\u00fcrgern an festen Terminen deutsche und niederl\u00e4ndische Berater in Venlo und in Roermond mit Rat und Tat zur Seite, wenn es um Fragen geht, die Grenzpendler besch\u00e4ftigen, wenn sie im Nachbarland arbeiten oder gearbeitet haben. Allgemeine Fragen zum Thema Sozialleistungen [&hellip;]\" \/>\n<meta property=\"og:url\" content=\"https:\/\/grenzinfo.eu\/rmn\/sprechtage\/\" \/>\n<meta property=\"og:site_name\" content=\"rhein-maas-nord\" \/>\n<meta property=\"article:modified_time\" content=\"2025-12-15T14:41:59+00:00\" \/>\n<meta name=\"twitter:card\" content=\"summary_large_image\" \/>\n<meta name=\"twitter:label1\" content=\"Gesch\u00e4tzte Lesezeit\" \/>\n\t<meta name=\"twitter:data1\" content=\"1\u00a0Minute\" \/>\n<script type=\"application\/ld+json\" class=\"yoast-schema-graph\">{\"@context\":\"https:\\\/\\\/schema.org\",\"@graph\":[{\"@type\":\"WebPage\",\"@id\":\"https:\\\/\\\/grenzinfo.eu\\\/rmn\\\/sprechtage\\\/\",\"url\":\"https:\\\/\\\/grenzinfo.eu\\\/rmn\\\/sprechtage\\\/\",\"name\":\"Sprechtage - rhein-maas-nord\",\"isPartOf\":{\"@id\":\"https:\\\/\\\/grenzinfo.eu\\\/rmn\\\/#website\"},\"datePublished\":\"2018-11-18T12:45:59+00:00\",\"dateModified\":\"2025-12-15T14:41:59+00:00\",\"breadcrumb\":{\"@id\":\"https:\\\/\\\/grenzinfo.eu\\\/rmn\\\/sprechtage\\\/#breadcrumb\"},\"inLanguage\":\"de\",\"potentialAction\":[{\"@type\":\"ReadAction\",\"target\":[\"https:\\\/\\\/grenzinfo.eu\\\/rmn\\\/sprechtage\\\/\"]}]},{\"@type\":\"BreadcrumbList\",\"@id\":\"https:\\\/\\\/grenzinfo.eu\\\/rmn\\\/sprechtage\\\/#breadcrumb\",\"itemListElement\":[{\"@type\":\"ListItem\",\"position\":1,\"name\":\"Home\",\"item\":\"https:\\\/\\\/grenzinfo.eu\\\/rmn\\\/\"},{\"@type\":\"ListItem\",\"position\":2,\"name\":\"Sprechtage\"}]},{\"@type\":\"WebSite\",\"@id\":\"https:\\\/\\\/grenzinfo.eu\\\/rmn\\\/#website\",\"url\":\"https:\\\/\\\/grenzinfo.eu\\\/rmn\\\/\",\"name\":\"rhein-maas-nord\",\"description\":\"Grenzinfopunkt rhein-maas-nord\",\"potentialAction\":[{\"@type\":\"SearchAction\",\"target\":{\"@type\":\"EntryPoint\",\"urlTemplate\":\"https:\\\/\\\/grenzinfo.eu\\\/rmn\\\/?s={search_term_string}\"},\"query-input\":{\"@type\":\"PropertyValueSpecification\",\"valueRequired\":true,\"valueName\":\"search_term_string\"}}],\"inLanguage\":\"de\"}]}<\/script>\n<!-- \/ Yoast SEO plugin. -->","yoast_head_json":{"title":"Sprechtage - rhein-maas-nord","robots":{"index":"index","follow":"follow","max-snippet":"max-snippet:-1","max-image-preview":"max-image-preview:large","max-video-preview":"max-video-preview:-1"},"canonical":"https:\/\/grenzinfo.eu\/rmn\/sprechtage\/","og_locale":"de_DE","og_type":"article","og_title":"Sprechtage - rhein-maas-nord","og_description":"Grenzg\u00e4nger-Sprechtage Wir organisieren regelm\u00e4\u00dfig bilaterale Sprechtage f\u00fcr Grenzpendler. &nbsp;Auch im Jahr 2026 stehen B\u00fcrgerinnen und B\u00fcrgern an festen Terminen deutsche und niederl\u00e4ndische Berater in Venlo und in Roermond mit Rat und Tat zur Seite, wenn es um Fragen geht, die Grenzpendler besch\u00e4ftigen, wenn sie im Nachbarland arbeiten oder gearbeitet haben. Allgemeine Fragen zum Thema Sozialleistungen [&hellip;]","og_url":"https:\/\/grenzinfo.eu\/rmn\/sprechtage\/","og_site_name":"rhein-maas-nord","article_modified_time":"2025-12-15T14:41:59+00:00","twitter_card":"summary_large_image","twitter_misc":{"Gesch\u00e4tzte Lesezeit":"1\u00a0Minute"},"schema":{"@context":"https:\/\/schema.org","@graph":[{"@type":"WebPage","@id":"https:\/\/grenzinfo.eu\/rmn\/sprechtage\/","url":"https:\/\/grenzinfo.eu\/rmn\/sprechtage\/","name":"Sprechtage - rhein-maas-nord","isPartOf":{"@id":"https:\/\/grenzinfo.eu\/rmn\/#website"},"datePublished":"2018-11-18T12:45:59+00:00","dateModified":"2025-12-15T14:41:59+00:00","breadcrumb":{"@id":"https:\/\/grenzinfo.eu\/rmn\/sprechtage\/#breadcrumb"},"inLanguage":"de","potentialAction":[{"@type":"ReadAction","target":["https:\/\/grenzinfo.eu\/rmn\/sprechtage\/"]}]},{"@type":"BreadcrumbList","@id":"https:\/\/grenzinfo.eu\/rmn\/sprechtage\/#breadcrumb","itemListElement":[{"@type":"ListItem","position":1,"name":"Home","item":"https:\/\/grenzinfo.eu\/rmn\/"},{"@type":"ListItem","position":2,"name":"Sprechtage"}]},{"@type":"WebSite","@id":"https:\/\/grenzinfo.eu\/rmn\/#website","url":"https:\/\/grenzinfo.eu\/rmn\/","name":"rhein-maas-nord","description":"Grenzinfopunkt rhein-maas-nord","potentialAction":[{"@type":"SearchAction","target":{"@type":"EntryPoint","urlTemplate":"https:\/\/grenzinfo.eu\/rmn\/?s={search_term_string}"},"query-input":{"@type":"PropertyValueSpecification","valueRequired":true,"valueName":"search_term_string"}}],"inLanguage":"de"}]}},"lang":"de","translations":{"de":4385,"nl":4395},"pll_sync_post":[],"_links":{"self":[{"href":"https:\/\/grenzinfo.eu\/rmn\/wp-json\/wp\/v2\/pages\/4385","targetHints":{"allow":["GET"]}}],"collection":[{"href":"https:\/\/grenzinfo.eu\/rmn\/wp-json\/wp\/v2\/pages"}],"about":[{"href":"https:\/\/grenzinfo.eu\/rmn\/wp-json\/wp\/v2\/types\/page"}],"author":[{"embeddable":true,"href":"https:\/\/grenzinfo.eu\/rmn\/wp-json\/wp\/v2\/users\/1"}],"replies":[{"embeddable":true,"href":"https:\/\/grenzinfo.eu\/rmn\/wp-json\/wp\/v2\/comments?post=4385"}],"version-history":[{"count":16,"href":"https:\/\/grenzinfo.eu\/rmn\/wp-json\/wp\/v2\/pages\/4385\/revisions"}],"predecessor-version":[{"id":24816,"href":"https:\/\/grenzinfo.eu\/rmn\/wp-json\/wp\/v2\/pages\/4385\/revisions\/24816"}],"wp:attachment":[{"href":"https:\/\/grenzinfo.eu\/rmn\/wp-json\/wp\/v2\/media?parent=4385"}],"curies":[{"name":"wp","href":"https:\/\/api.w.org\/{rel}","templated":true}]}}